{"id":10293,"date":"2024-05-27T02:45:31","date_gmt":"2024-05-27T02:45:31","guid":{"rendered":"https:\/\/outdoor.itc-gmbh.shop\/product\/led-kopf-taschenlampe-edm-xl-gelb-1-w-120-lm\/"},"modified":"2024-05-27T02:45:34","modified_gmt":"2024-05-27T02:45:34","slug":"led-kopf-taschenlampe-edm-xl-gelb-1-w-120-lm","status":"publish","type":"product","link":"https:\/\/wildgear.itc-gmbh.shop\/fr\/product\/led-kopf-taschenlampe-edm-xl-gelb-1-w-120-lm\/","title":{"rendered":"LED-Kopf-Taschenlampe EDM XL Gelb 1 W 120 Lm"},"content":{"rendered":"<p>Nous voulons ce qu'il y a de mieux pour nos enfants. <b>LED-Kopf-Taschenlampe EDM XL Gelb 1 W 120 Lm<\/b> parfait pour tous ceux qui recherchent des produits de qualit\u00e9 pour les plus petits. Acheter <b>EDM<\/b> aux meilleurs prix !<\/p>\n<ul>\n<li>Fonctionne avec des piles : Oui<\/li>\n<li>Type de pile : AAA<\/li>\n<li>Piles incluses : Oui<\/li>\n<li>Merkmale: 3 Funktionen<\/li>\n<li>couleur :\n<ul>\n<li>Noir<\/li>\n<li>Jaune<\/li>\n<\/ul>\n<\/li>\n<li>IP-Klassifizierung: IP20<\/li>\n<li>Pi\u00e8ces : 3 pi\u00e8ces<\/li>\n<li>Lichttyp: Kaltes Licht<\/li>\n<li>Art :\n<ul>\n<li>Frontal<\/li>\n<li>LED-Kopf-Taschenlampe<\/li>\n<\/ul>\n<\/li>\n<li>Material: ABS<\/li>\n<li>Leistung: 1 W<\/li>\n<li>temp\u00e9rature de couleur : 6500 K<\/li>\n<li>Autonomie approximative : 2 heures<\/li>\n<li>Rechargeable, en fait : Pas de<\/li>\n<li>Lichtstrom: 120 Lm<\/li>\n<\/ul>","protected":false},"excerpt":{"rendered":"<p>F\u00fcr unsere Kinder m\u00f6chten wir nur das Beste, und deshalb m\u00f6chten wir Ihnen LED-Kopf-Taschenlampe EDM XL Gelb 1 W 120 Lm vorstellen, perfekt f\u00fcr alle, die qualitativ hochwertige Produkte f\u00fcr die Kleinsten suchen. Kaufen Sie EDM zu den besten Preisen! Batteriebetrieben: Ja Batterie-Typ: AAA Inklusive Batterien: Ja Merkmale: 3 Funktionen Farbe: Schwarz Gelb IP-Klassifizierung: IP20 &hellip; <\/p>\n<p class=\"more-link-wrap\"><a href=\"https:\/\/wildgear.itc-gmbh.shop\/fr\/product\/led-kopf-taschenlampe-edm-xl-gelb-1-w-120-lm\/\" class=\"more-link\"><span>Read More<span class=\"screen-reader-text\"> &#8220;LED-Kopf-Taschenlampe EDM XL Gelb 1 W 120 Lm&#8221;<\/span><\/span><\/a><\/p>","protected":false},"featured_media":10292,"comment_status":"open","ping_status":"closed","template":"","meta":{"inline_featured_image":false},"product_brand":[],"product_cat":[181,180,195],"product_tag":[193,213,177,208],"class_list":{"0":"post-10293","1":"product","2":"type-product","3":"status-publish","4":"has-post-thumbnail","6":"product_cat-camping-und-berge","7":"product_cat-sport-freizeit","8":"product_cat-taschenlampen","9":"product_tag-tag_25","10":"product_tag-tag_69","11":"product_tag-tag_3","12":"product_tag-tag_650","14":"first","15":"instock","16":"taxable","17":"shipping-taxable","18":"purchasable","19":"product-type-simple"},"aioseo_notices":[],"jetpack_sharing_enabled":true,"_links":{"self":[{"href":"https:\/\/wildgear.itc-gmbh.shop\/fr\/wp-json\/wp\/v2\/product\/10293","targetHints":{"allow":["GET"]}}],"collection":[{"href":"https:\/\/wildgear.itc-gmbh.shop\/fr\/wp-json\/wp\/v2\/product"}],"about":[{"href":"https:\/\/wildgear.itc-gmbh.shop\/fr\/wp-json\/wp\/v2\/types\/product"}],"replies":[{"embeddable":true,"href":"https:\/\/wildgear.itc-gmbh.shop\/fr\/wp-json\/wp\/v2\/comments?post=10293"}],"wp:featuredmedia":[{"embeddable":true,"href":"https:\/\/wildgear.itc-gmbh.shop\/fr\/wp-json\/wp\/v2\/media\/10292"}],"wp:attachment":[{"href":"https:\/\/wildgear.itc-gmbh.shop\/fr\/wp-json\/wp\/v2\/media?parent=10293"}],"wp:term":[{"taxonomy":"product_brand","embeddable":true,"href":"https:\/\/wildgear.itc-gmbh.shop\/fr\/wp-json\/wp\/v2\/product_brand?post=10293"},{"taxonomy":"product_cat","embeddable":true,"href":"https:\/\/wildgear.itc-gmbh.shop\/fr\/wp-json\/wp\/v2\/product_cat?post=10293"},{"taxonomy":"product_tag","embeddable":true,"href":"https:\/\/wildgear.itc-gmbh.shop\/fr\/wp-json\/wp\/v2\/product_tag?post=10293"}],"curies":[{"name":"wp","href":"https:\/\/api.w.org\/{rel}","templated":true}]}}