{"id":10322,"date":"2024-05-27T02:45:56","date_gmt":"2024-05-27T02:45:56","guid":{"rendered":"https:\/\/outdoor.itc-gmbh.shop\/product\/taschenlampe-led-varta-l10-blau\/"},"modified":"2024-05-27T02:45:58","modified_gmt":"2024-05-27T02:45:58","slug":"taschenlampe-led-varta-l10-blau","status":"publish","type":"product","link":"https:\/\/wildgear.itc-gmbh.shop\/fr\/product\/taschenlampe-led-varta-l10-blau\/","title":{"rendered":"Taschenlampe LED Varta L10 Blau"},"content":{"rendered":"<p>Si vous accordez de l'importance aux d\u00e9tails dans l'am\u00e9nagement de votre maison et que vous souhaitez \u00eatre \u00e0 la pointe des produits qui vous facilitent la vie, alors achetez <b>Taschenlampe LED Varta L10 Blau<\/b> au meilleur prix.<\/p>\n<ul>\n<li>Lumen: 150<\/li>\n<li>Caract\u00e9ristiques :\n<ul>\n<li>R\u00e9sistant \u00e0 l'eau<\/li>\n<li>Poign\u00e9e de transport<\/li>\n<li>Ein\/Aus-Schalter<\/li>\n<li>R\u00e9sistant aux chocs<\/li>\n<\/ul>\n<\/li>\n<li>Couleur : Bleu<\/li>\n<li>Type de batterie :\n<ul>\n<li>Batterie rechargeable<\/li>\n<li>Alkali-Mangan-Batterie<\/li>\n<\/ul>\n<\/li>\n<li>Energieklassifizierung: A+<\/li>\n<li>Source d'alimentation : batterie<\/li>\n<li>Nombre de piles : 3<\/li>\n<li>Fonctionne sur piles :\n<ul>\n<li>Oui<\/li>\n<li>1,5 V<\/li>\n<li>3 x AA, nicht enthalten<\/li>\n<\/ul>\n<\/li>\n<li>Water resistant: Ja<\/li>\n<li>Ne sont pas fournis : Pile<\/li>\n<li>Classification IP : IPX4<\/li>\n<\/ul>","protected":false},"excerpt":{"rendered":"<p>Wenn Sie bei der Einrichtung ihres Heims Wert auf Details legen und bei Produkten, die Ihnen das Leben leichter machen, auf dem letzten Stand sein m\u00f6chten, dann kaufen Sie Taschenlampe LED Varta L10 Blau zum besten Preis. Lumen: 150 Merkmale: Water resistant Tragegriff Ein\/Aus-Schalter Schlagfest Farbe: Blau Batterietyp: Wiederaufladbare Batterie Alkali-Mangan-Batterie Energieklassifizierung: A+ Stromquelle: Batterie &hellip; <\/p>\n<p class=\"more-link-wrap\"><a href=\"https:\/\/wildgear.itc-gmbh.shop\/fr\/product\/taschenlampe-led-varta-l10-blau\/\" class=\"more-link\"><span>Read More<span class=\"screen-reader-text\"> &#8220;Taschenlampe LED Varta L10 Blau&#8221;<\/span><\/span><\/a><\/p>","protected":false},"featured_media":10321,"comment_status":"open","ping_status":"closed","template":"","meta":{"inline_featured_image":false},"product_brand":[],"product_cat":[181,180,195],"product_tag":[560,561,213,177,208],"class_list":{"0":"post-10322","1":"product","2":"type-product","3":"status-publish","4":"has-post-thumbnail","6":"product_cat-camping-und-berge","7":"product_cat-sport-freizeit","8":"product_cat-taschenlampen","9":"product_tag-tag_2","10":"product_tag-tag_21","11":"product_tag-tag_69","12":"product_tag-tag_3","13":"product_tag-tag_650","15":"first","16":"instock","17":"taxable","18":"shipping-taxable","19":"purchasable","20":"product-type-simple"},"aioseo_notices":[],"jetpack_sharing_enabled":true,"_links":{"self":[{"href":"https:\/\/wildgear.itc-gmbh.shop\/fr\/wp-json\/wp\/v2\/product\/10322","targetHints":{"allow":["GET"]}}],"collection":[{"href":"https:\/\/wildgear.itc-gmbh.shop\/fr\/wp-json\/wp\/v2\/product"}],"about":[{"href":"https:\/\/wildgear.itc-gmbh.shop\/fr\/wp-json\/wp\/v2\/types\/product"}],"replies":[{"embeddable":true,"href":"https:\/\/wildgear.itc-gmbh.shop\/fr\/wp-json\/wp\/v2\/comments?post=10322"}],"wp:featuredmedia":[{"embeddable":true,"href":"https:\/\/wildgear.itc-gmbh.shop\/fr\/wp-json\/wp\/v2\/media\/10321"}],"wp:attachment":[{"href":"https:\/\/wildgear.itc-gmbh.shop\/fr\/wp-json\/wp\/v2\/media?parent=10322"}],"wp:term":[{"taxonomy":"product_brand","embeddable":true,"href":"https:\/\/wildgear.itc-gmbh.shop\/fr\/wp-json\/wp\/v2\/product_brand?post=10322"},{"taxonomy":"product_cat","embeddable":true,"href":"https:\/\/wildgear.itc-gmbh.shop\/fr\/wp-json\/wp\/v2\/product_cat?post=10322"},{"taxonomy":"product_tag","embeddable":true,"href":"https:\/\/wildgear.itc-gmbh.shop\/fr\/wp-json\/wp\/v2\/product_tag?post=10322"}],"curies":[{"name":"wp","href":"https:\/\/api.w.org\/{rel}","templated":true}]}}