{"id":10326,"date":"2024-05-27T02:45:58","date_gmt":"2024-05-27T02:45:58","guid":{"rendered":"https:\/\/outdoor.itc-gmbh.shop\/product\/extendierbare-led-taschenlampe-edm-cob-xl-zoom-schwarz-aluminium-5-w-210-lm\/"},"modified":"2024-05-27T02:45:59","modified_gmt":"2024-05-27T02:45:59","slug":"extendierbare-led-taschenlampe-edm-cob-xl-zoom-schwarz-aluminium-5-w-210-lm","status":"publish","type":"product","link":"https:\/\/wildgear.itc-gmbh.shop\/fr\/product\/extendierbare-led-taschenlampe-edm-cob-xl-zoom-schwarz-aluminium-5-w-210-lm\/","title":{"rendered":"Extendierbare LED-Taschenlampe EDM Cob XL Zoom Schwarz Aluminium 5 W 210 Lm"},"content":{"rendered":"<p>Si vous accordez de l'importance aux d\u00e9tails dans l'am\u00e9nagement de votre maison et que vous souhaitez \u00eatre \u00e0 la pointe des produits qui vous facilitent la vie, alors achetez <b>Extendierbare LED-Taschenlampe EDM Cob XL Zoom Schwarz Aluminium 5 W 210 Lm<\/b> au meilleur prix.<\/p>\n<ul>\n<li>Caract\u00e9ristiques :\n<ul>\n<li>Zoom<\/li>\n<li>Spritzwasserbest\u00e4ndig<\/li>\n<\/ul>\n<\/li>\n<li>Fonctionne avec des piles : Oui<\/li>\n<li>Type de pile : AAA<\/li>\n<li>Piles incluses : Oui<\/li>\n<li>Classification IP : IP44<\/li>\n<li>Pi\u00e8ces : 3 pi\u00e8ces<\/li>\n<li>Lichttyp: Kaltes Licht<\/li>\n<li>Art :\n<ul>\n<li>Lampe de poche LED<\/li>\n<li>LED L\u00e9ger<\/li>\n<\/ul>\n<\/li>\n<li>temp\u00e9rature de couleur : 7500 K<\/li>\n<li>LED: 1<\/li>\n<li>Leistung: 5 W<\/li>\n<li>Mat\u00e9riau : aluminium<\/li>\n<li>Couleur : Noir<\/li>\n<li>Rechargeable, en fait : Pas de<\/li>\n<li>Ma\u00dfe ca.: \u00d8 4 x 14 cm<\/li>\n<li>Type d'ampoule : LED<\/li>\n<li>Stromart: CA<\/li>\n<li>Ungef\u00e4hres Gewicht: 140 g<\/li>\n<\/ul>","protected":false},"excerpt":{"rendered":"<p>Wenn Sie bei der Einrichtung ihres Heims Wert auf Details legen und bei Produkten, die Ihnen das Leben leichter machen, auf dem letzten Stand sein m\u00f6chten, dann kaufen Sie Extendierbare LED-Taschenlampe EDM Cob XL Zoom Schwarz Aluminium 5 W 210 Lm zum besten Preis. Merkmale: Zoom Spritzwasserbest\u00e4ndig Batteriebetrieben: Ja Batterie-Typ: AAA Inklusive Batterien: Ja IP-Klassifizierung: &hellip; <\/p>\n<p class=\"more-link-wrap\"><a href=\"https:\/\/wildgear.itc-gmbh.shop\/fr\/product\/extendierbare-led-taschenlampe-edm-cob-xl-zoom-schwarz-aluminium-5-w-210-lm\/\" class=\"more-link\"><span>Read More<span class=\"screen-reader-text\"> &#8220;Extendierbare LED-Taschenlampe EDM Cob XL Zoom Schwarz Aluminium 5 W 210 Lm&#8221;<\/span><\/span><\/a><\/p>","protected":false},"featured_media":10325,"comment_status":"open","ping_status":"closed","template":"","meta":{"inline_featured_image":false},"product_brand":[],"product_cat":[181,180,195],"product_tag":[561,193,213,194,177,208],"class_list":{"0":"post-10326","1":"product","2":"type-product","3":"status-publish","4":"has-post-thumbnail","6":"product_cat-camping-und-berge","7":"product_cat-sport-freizeit","8":"product_cat-taschenlampen","9":"product_tag-tag_21","10":"product_tag-tag_25","11":"product_tag-tag_69","12":"product_tag-tag_370","13":"product_tag-tag_3","14":"product_tag-tag_650","16":"first","17":"instock","18":"taxable","19":"shipping-taxable","20":"purchasable","21":"product-type-simple"},"aioseo_notices":[],"jetpack_sharing_enabled":true,"_links":{"self":[{"href":"https:\/\/wildgear.itc-gmbh.shop\/fr\/wp-json\/wp\/v2\/product\/10326","targetHints":{"allow":["GET"]}}],"collection":[{"href":"https:\/\/wildgear.itc-gmbh.shop\/fr\/wp-json\/wp\/v2\/product"}],"about":[{"href":"https:\/\/wildgear.itc-gmbh.shop\/fr\/wp-json\/wp\/v2\/types\/product"}],"replies":[{"embeddable":true,"href":"https:\/\/wildgear.itc-gmbh.shop\/fr\/wp-json\/wp\/v2\/comments?post=10326"}],"wp:featuredmedia":[{"embeddable":true,"href":"https:\/\/wildgear.itc-gmbh.shop\/fr\/wp-json\/wp\/v2\/media\/10325"}],"wp:attachment":[{"href":"https:\/\/wildgear.itc-gmbh.shop\/fr\/wp-json\/wp\/v2\/media?parent=10326"}],"wp:term":[{"taxonomy":"product_brand","embeddable":true,"href":"https:\/\/wildgear.itc-gmbh.shop\/fr\/wp-json\/wp\/v2\/product_brand?post=10326"},{"taxonomy":"product_cat","embeddable":true,"href":"https:\/\/wildgear.itc-gmbh.shop\/fr\/wp-json\/wp\/v2\/product_cat?post=10326"},{"taxonomy":"product_tag","embeddable":true,"href":"https:\/\/wildgear.itc-gmbh.shop\/fr\/wp-json\/wp\/v2\/product_tag?post=10326"}],"curies":[{"name":"wp","href":"https:\/\/api.w.org\/{rel}","templated":true}]}}