{"id":10343,"date":"2024-05-27T02:46:13","date_gmt":"2024-05-27T02:46:13","guid":{"rendered":"https:\/\/outdoor.itc-gmbh.shop\/product\/taschenlampe-edm-cob-usb-haken-5-w-3-w-aufladbar-halterung-magnet-90-lm-300-lm\/"},"modified":"2024-05-27T02:46:14","modified_gmt":"2024-05-27T02:46:14","slug":"taschenlampe-edm-cob-usb-haken-5-w-3-w-aufladbar-halterung-magnet-90-lm-300-lm","status":"publish","type":"product","link":"https:\/\/wildgear.itc-gmbh.shop\/fr\/product\/taschenlampe-edm-cob-usb-haken-5-w-3-w-aufladbar-halterung-magnet-90-lm-300-lm\/","title":{"rendered":"Taschenlampe EDM Cob USB Haken 5 W 3 W Aufladbar Halterung Magnet 90 Lm 300 Lm"},"content":{"rendered":"<p>Si vous \u00eates \u00e0 la recherche de nouveaut\u00e9s tendance sur le march\u00e9, nous vous pr\u00e9sentons <b>Taschenlampe EDM Cob USB Haken 5 W 3 W Aufladbar Halterung Magnet 90 Lm 300 Lm<\/b>!<\/p>\n<ul>\n<li>Art :\n<ul>\n<li>Lampe de poche<\/li>\n<li>LED L\u00e9ger<\/li>\n<\/ul>\n<\/li>\n<li>Couleur : Noir<\/li>\n<li>Material: Gummi<\/li>\n<li>Lichttyp: Kalt<\/li>\n<li>Source d'alimentation : batterie<\/li>\n<li>Nombre de LED : 2<\/li>\n<li>Farbtemperatur:\n<ul>\n<li>7000 K<\/li>\n<li>6500 K<\/li>\n<\/ul>\n<\/li>\n<li>Aufladbar: Ja<\/li>\n<li>Flux lumineux :\n<ul>\n<li>300 Lm<\/li>\n<li>90 Lm<\/li>\n<\/ul>\n<\/li>\n<li>Schutz: IP33<\/li>\n<li>Ma\u00dfe ca.: 5,5 x 3,5 x 16,5 cm<\/li>\n<li>Merkmale: Aufladbar<\/li>\n<li>les connexions : USB<\/li>\n<li>Inclus :\n<ul>\n<li>Crochet<\/li>\n<li>Aimant<\/li>\n<li>Halterung<\/li>\n<\/ul>\n<\/li>\n<li>performance :\n<ul>\n<li>3 W<\/li>\n<li>5 W<\/li>\n<\/ul>\n<\/li>\n<li>Technologie : LED<\/li>\n<\/ul>","protected":false},"excerpt":{"rendered":"<p>Wenn Sie auf der Suche nach trendigen Neuheiten auf dem Markt sind, pr\u00e4sentieren wir Ihnen Taschenlampe EDM Cob USB Haken 5 W 3 W Aufladbar Halterung Magnet 90 Lm 300 Lm! Art: Taschenlampe LED Leicht Farbe: Schwarz Material: Gummi Lichttyp: Kalt Stromquelle: Batterie Anzahl der LEDs: 2 Farbtemperatur: 7000 K 6500 K Aufladbar: Ja Lichtstrom: &hellip; <\/p>\n<p class=\"more-link-wrap\"><a href=\"https:\/\/wildgear.itc-gmbh.shop\/fr\/product\/taschenlampe-edm-cob-usb-haken-5-w-3-w-aufladbar-halterung-magnet-90-lm-300-lm\/\" class=\"more-link\"><span>Read More<span class=\"screen-reader-text\"> &#8220;Taschenlampe EDM Cob USB Haken 5 W 3 W Aufladbar Halterung Magnet 90 Lm 300 Lm&#8221;<\/span><\/span><\/a><\/p>","protected":false},"featured_media":10342,"comment_status":"open","ping_status":"closed","template":"","meta":{"inline_featured_image":false},"product_brand":[],"product_cat":[181,180,195],"product_tag":[561,193,213,194,177,208],"class_list":{"0":"post-10343","1":"product","2":"type-product","3":"status-publish","4":"has-post-thumbnail","6":"product_cat-camping-und-berge","7":"product_cat-sport-freizeit","8":"product_cat-taschenlampen","9":"product_tag-tag_21","10":"product_tag-tag_25","11":"product_tag-tag_69","12":"product_tag-tag_370","13":"product_tag-tag_3","14":"product_tag-tag_650","16":"first","17":"instock","18":"taxable","19":"shipping-taxable","20":"purchasable","21":"product-type-simple"},"aioseo_notices":[],"jetpack_sharing_enabled":true,"_links":{"self":[{"href":"https:\/\/wildgear.itc-gmbh.shop\/fr\/wp-json\/wp\/v2\/product\/10343","targetHints":{"allow":["GET"]}}],"collection":[{"href":"https:\/\/wildgear.itc-gmbh.shop\/fr\/wp-json\/wp\/v2\/product"}],"about":[{"href":"https:\/\/wildgear.itc-gmbh.shop\/fr\/wp-json\/wp\/v2\/types\/product"}],"replies":[{"embeddable":true,"href":"https:\/\/wildgear.itc-gmbh.shop\/fr\/wp-json\/wp\/v2\/comments?post=10343"}],"wp:featuredmedia":[{"embeddable":true,"href":"https:\/\/wildgear.itc-gmbh.shop\/fr\/wp-json\/wp\/v2\/media\/10342"}],"wp:attachment":[{"href":"https:\/\/wildgear.itc-gmbh.shop\/fr\/wp-json\/wp\/v2\/media?parent=10343"}],"wp:term":[{"taxonomy":"product_brand","embeddable":true,"href":"https:\/\/wildgear.itc-gmbh.shop\/fr\/wp-json\/wp\/v2\/product_brand?post=10343"},{"taxonomy":"product_cat","embeddable":true,"href":"https:\/\/wildgear.itc-gmbh.shop\/fr\/wp-json\/wp\/v2\/product_cat?post=10343"},{"taxonomy":"product_tag","embeddable":true,"href":"https:\/\/wildgear.itc-gmbh.shop\/fr\/wp-json\/wp\/v2\/product_tag?post=10343"}],"curies":[{"name":"wp","href":"https:\/\/api.w.org\/{rel}","templated":true}]}}