{"id":10350,"date":"2024-05-27T02:46:20","date_gmt":"2024-05-27T02:46:20","guid":{"rendered":"https:\/\/outdoor.itc-gmbh.shop\/product\/taschenlampe-led-edm-cob-xl-haken-magnet-gelb-abs-200-lm\/"},"modified":"2024-05-27T02:46:20","modified_gmt":"2024-05-27T02:46:20","slug":"taschenlampe-led-edm-cob-xl-haken-magnet-gelb-abs-200-lm","status":"publish","type":"product","link":"https:\/\/wildgear.itc-gmbh.shop\/fr\/product\/taschenlampe-led-edm-cob-xl-haken-magnet-gelb-abs-200-lm\/","title":{"rendered":"Taschenlampe LED EDM Cob XL Haken Magnet Gelb ABS 200 Lm"},"content":{"rendered":"<p>Si vous \u00eates \u00e0 la recherche de nouveaut\u00e9s tendance sur le march\u00e9, nous vous pr\u00e9sentons <b>Taschenlampe LED EDM Cob XL Haken Magnet Gelb ABS 200 Lm<\/b>!<\/p>\n<ul>\n<li>Art :\n<ul>\n<li>Lampe de poche<\/li>\n<li>LED L\u00e9ger<\/li>\n<\/ul>\n<\/li>\n<li>couleur :\n<ul>\n<li>Jaune<\/li>\n<li>Noir<\/li>\n<\/ul>\n<\/li>\n<li>Material: ABS<\/li>\n<li>Lichttyp: Kalt<\/li>\n<li>Farbtemperatur:\n<ul>\n<li>12000 K<\/li>\n<li>6500 K<\/li>\n<\/ul>\n<\/li>\n<li>Schutz: IP20<\/li>\n<li>Rechargeable, en fait : Pas de<\/li>\n<li>flux lumineux : 200 Lm<\/li>\n<li>Anzahl der LEDs: 3<\/li>\n<li>Ma\u00dfe ca.: 5,6 x 16 x 2,5 cm<\/li>\n<li>Nombre de piles : 3<\/li>\n<li>Fonctionne avec des piles : Oui<\/li>\n<li>Type de pile : AAA<\/li>\n<li>Piles incluses : Oui<\/li>\n<li>Inclus :\n<ul>\n<li>Crochet<\/li>\n<li>Aimant<\/li>\n<\/ul>\n<\/li>\n<li>Technologie : LED<\/li>\n<\/ul>","protected":false},"excerpt":{"rendered":"<p>Wenn Sie auf der Suche nach trendigen Neuheiten auf dem Markt sind, pr\u00e4sentieren wir Ihnen Taschenlampe LED EDM Cob XL Haken Magnet Gelb ABS 200 Lm! Art: Taschenlampe LED Leicht Farbe: Gelb Schwarz Material: ABS Lichttyp: Kalt Farbtemperatur: 12000 K 6500 K Schutz: IP20 Aufladbar: Kein Lichtstrom: 200 Lm Anzahl der LEDs: 3 Ma\u00dfe ca.: &hellip; <\/p>\n<p class=\"more-link-wrap\"><a href=\"https:\/\/wildgear.itc-gmbh.shop\/fr\/product\/taschenlampe-led-edm-cob-xl-haken-magnet-gelb-abs-200-lm\/\" class=\"more-link\"><span>Read More<span class=\"screen-reader-text\"> &#8220;Taschenlampe LED EDM Cob XL Haken Magnet Gelb ABS 200 Lm&#8221;<\/span><\/span><\/a><\/p>","protected":false},"featured_media":10349,"comment_status":"open","ping_status":"closed","template":"","meta":{"inline_featured_image":false},"product_brand":[],"product_cat":[181,180,195],"product_tag":[561,193,213,194,177,208],"class_list":{"0":"post-10350","1":"product","2":"type-product","3":"status-publish","4":"has-post-thumbnail","6":"product_cat-camping-und-berge","7":"product_cat-sport-freizeit","8":"product_cat-taschenlampen","9":"product_tag-tag_21","10":"product_tag-tag_25","11":"product_tag-tag_69","12":"product_tag-tag_370","13":"product_tag-tag_3","14":"product_tag-tag_650","16":"first","17":"outofstock","18":"taxable","19":"shipping-taxable","20":"purchasable","21":"product-type-simple"},"aioseo_notices":[],"jetpack_sharing_enabled":true,"_links":{"self":[{"href":"https:\/\/wildgear.itc-gmbh.shop\/fr\/wp-json\/wp\/v2\/product\/10350","targetHints":{"allow":["GET"]}}],"collection":[{"href":"https:\/\/wildgear.itc-gmbh.shop\/fr\/wp-json\/wp\/v2\/product"}],"about":[{"href":"https:\/\/wildgear.itc-gmbh.shop\/fr\/wp-json\/wp\/v2\/types\/product"}],"replies":[{"embeddable":true,"href":"https:\/\/wildgear.itc-gmbh.shop\/fr\/wp-json\/wp\/v2\/comments?post=10350"}],"wp:featuredmedia":[{"embeddable":true,"href":"https:\/\/wildgear.itc-gmbh.shop\/fr\/wp-json\/wp\/v2\/media\/10349"}],"wp:attachment":[{"href":"https:\/\/wildgear.itc-gmbh.shop\/fr\/wp-json\/wp\/v2\/media?parent=10350"}],"wp:term":[{"taxonomy":"product_brand","embeddable":true,"href":"https:\/\/wildgear.itc-gmbh.shop\/fr\/wp-json\/wp\/v2\/product_brand?post=10350"},{"taxonomy":"product_cat","embeddable":true,"href":"https:\/\/wildgear.itc-gmbh.shop\/fr\/wp-json\/wp\/v2\/product_cat?post=10350"},{"taxonomy":"product_tag","embeddable":true,"href":"https:\/\/wildgear.itc-gmbh.shop\/fr\/wp-json\/wp\/v2\/product_tag?post=10350"}],"curies":[{"name":"wp","href":"https:\/\/api.w.org\/{rel}","templated":true}]}}