{"id":10360,"date":"2024-05-27T02:46:28","date_gmt":"2024-05-27T02:46:28","guid":{"rendered":"https:\/\/outdoor.itc-gmbh.shop\/product\/taschenlampe-led-m-tech-il92\/"},"modified":"2024-05-27T02:46:29","modified_gmt":"2024-05-27T02:46:29","slug":"taschenlampe-led-m-tech-il92","status":"publish","type":"product","link":"https:\/\/wildgear.itc-gmbh.shop\/fr\/product\/taschenlampe-led-m-tech-il92\/","title":{"rendered":"Taschenlampe LED M-Tech IL92"},"content":{"rendered":"<p>Si vous \u00eates \u00e0 la recherche de nouveaut\u00e9s tendance sur le march\u00e9, nous vous pr\u00e9sentons <b>Taschenlampe LED M-Tech IL92<\/b>!<\/p>\n<ul>\n<li>Material: ABS<\/li>\n<li>Protection : IPX4<\/li>\n<li>LED Leicht: Wei\u00df<\/li>\n<\/ul>","protected":false},"excerpt":{"rendered":"<p>Wenn Sie auf der Suche nach trendigen Neuheiten auf dem Markt sind, pr\u00e4sentieren wir Ihnen Taschenlampe LED M-Tech IL92! Material: ABS Schutz: IPX4 LED Leicht: Wei\u00df<\/p>","protected":false},"featured_media":10359,"comment_status":"open","ping_status":"closed","template":"","meta":{"inline_featured_image":false},"product_brand":[],"product_cat":[181,180,195],"product_tag":[193,213,177,208],"class_list":{"0":"post-10360","1":"product","2":"type-product","3":"status-publish","4":"has-post-thumbnail","6":"product_cat-camping-und-berge","7":"product_cat-sport-freizeit","8":"product_cat-taschenlampen","9":"product_tag-tag_25","10":"product_tag-tag_69","11":"product_tag-tag_3","12":"product_tag-tag_650","14":"first","15":"outofstock","16":"taxable","17":"shipping-taxable","18":"purchasable","19":"product-type-simple"},"aioseo_notices":[],"jetpack_sharing_enabled":true,"_links":{"self":[{"href":"https:\/\/wildgear.itc-gmbh.shop\/fr\/wp-json\/wp\/v2\/product\/10360","targetHints":{"allow":["GET"]}}],"collection":[{"href":"https:\/\/wildgear.itc-gmbh.shop\/fr\/wp-json\/wp\/v2\/product"}],"about":[{"href":"https:\/\/wildgear.itc-gmbh.shop\/fr\/wp-json\/wp\/v2\/types\/product"}],"replies":[{"embeddable":true,"href":"https:\/\/wildgear.itc-gmbh.shop\/fr\/wp-json\/wp\/v2\/comments?post=10360"}],"wp:featuredmedia":[{"embeddable":true,"href":"https:\/\/wildgear.itc-gmbh.shop\/fr\/wp-json\/wp\/v2\/media\/10359"}],"wp:attachment":[{"href":"https:\/\/wildgear.itc-gmbh.shop\/fr\/wp-json\/wp\/v2\/media?parent=10360"}],"wp:term":[{"taxonomy":"product_brand","embeddable":true,"href":"https:\/\/wildgear.itc-gmbh.shop\/fr\/wp-json\/wp\/v2\/product_brand?post=10360"},{"taxonomy":"product_cat","embeddable":true,"href":"https:\/\/wildgear.itc-gmbh.shop\/fr\/wp-json\/wp\/v2\/product_cat?post=10360"},{"taxonomy":"product_tag","embeddable":true,"href":"https:\/\/wildgear.itc-gmbh.shop\/fr\/wp-json\/wp\/v2\/product_tag?post=10360"}],"curies":[{"name":"wp","href":"https:\/\/api.w.org\/{rel}","templated":true}]}}