{"id":10364,"date":"2024-05-27T02:46:31","date_gmt":"2024-05-27T02:46:31","guid":{"rendered":"https:\/\/outdoor.itc-gmbh.shop\/product\/tragbare-lampe-edm-haken-60-w-e27\/"},"modified":"2024-05-27T02:46:34","modified_gmt":"2024-05-27T02:46:34","slug":"tragbare-lampe-edm-haken-60-w-e27","status":"publish","type":"product","link":"https:\/\/wildgear.itc-gmbh.shop\/fr\/product\/tragbare-lampe-edm-haken-60-w-e27\/","title":{"rendered":"Tragbare Lampe EDM Haken 60 W E27"},"content":{"rendered":"<p>Si vous \u00eates \u00e0 la recherche de nouveaut\u00e9s tendance sur le march\u00e9, nous vous pr\u00e9sentons <b>Tragbare Lampe EDM Haken E27 60 W<\/b>!<\/p>\n<ul>\n<li>Art: Tragbare Lampe<\/li>\n<li>Couleur : Orange<\/li>\n<li>mat\u00e9riel :\n<ul>\n<li>Polypropyl\u00e8ne<\/li>\n<li>M\u00e9tal<\/li>\n<\/ul>\n<\/li>\n<li>Kappe: E27<\/li>\n<li>L\u00e4nge des Kabels: 10 m<\/li>\n<li>Rechargeable, en fait : Pas de<\/li>\n<li>Spannung: 220-240 V<\/li>\n<li>Leistung: 60 W<\/li>\n<li>Ma\u00dfe ca.: \u00d8 10 x 32 cm<\/li>\n<li>Type de connecteur : Connecteur UE<\/li>\n<li>Enthalten: Haken<\/li>\n<li>Produit enfichable : oui<\/li>\n<li>Merkmale: Ein-, Ausschalter<\/li>\n<\/ul>","protected":false},"excerpt":{"rendered":"<p>2.7680 &euro; \/ 1 m<\/p>","protected":false},"featured_media":10363,"comment_status":"open","ping_status":"closed","template":"","meta":{"inline_featured_image":false},"product_brand":[],"product_cat":[181,180,195],"product_tag":[561,193,194],"class_list":{"0":"post-10364","1":"product","2":"type-product","3":"status-publish","4":"has-post-thumbnail","6":"product_cat-camping-und-berge","7":"product_cat-sport-freizeit","8":"product_cat-taschenlampen","9":"product_tag-tag_21","10":"product_tag-tag_25","11":"product_tag-tag_370","13":"first","14":"instock","15":"taxable","16":"shipping-taxable","17":"purchasable","18":"product-type-simple"},"aioseo_notices":[],"jetpack_sharing_enabled":true,"_links":{"self":[{"href":"https:\/\/wildgear.itc-gmbh.shop\/fr\/wp-json\/wp\/v2\/product\/10364","targetHints":{"allow":["GET"]}}],"collection":[{"href":"https:\/\/wildgear.itc-gmbh.shop\/fr\/wp-json\/wp\/v2\/product"}],"about":[{"href":"https:\/\/wildgear.itc-gmbh.shop\/fr\/wp-json\/wp\/v2\/types\/product"}],"replies":[{"embeddable":true,"href":"https:\/\/wildgear.itc-gmbh.shop\/fr\/wp-json\/wp\/v2\/comments?post=10364"}],"wp:featuredmedia":[{"embeddable":true,"href":"https:\/\/wildgear.itc-gmbh.shop\/fr\/wp-json\/wp\/v2\/media\/10363"}],"wp:attachment":[{"href":"https:\/\/wildgear.itc-gmbh.shop\/fr\/wp-json\/wp\/v2\/media?parent=10364"}],"wp:term":[{"taxonomy":"product_brand","embeddable":true,"href":"https:\/\/wildgear.itc-gmbh.shop\/fr\/wp-json\/wp\/v2\/product_brand?post=10364"},{"taxonomy":"product_cat","embeddable":true,"href":"https:\/\/wildgear.itc-gmbh.shop\/fr\/wp-json\/wp\/v2\/product_cat?post=10364"},{"taxonomy":"product_tag","embeddable":true,"href":"https:\/\/wildgear.itc-gmbh.shop\/fr\/wp-json\/wp\/v2\/product_tag?post=10364"}],"curies":[{"name":"wp","href":"https:\/\/api.w.org\/{rel}","templated":true}]}}