{"id":10457,"date":"2024-05-27T02:47:51","date_gmt":"2024-05-27T02:47:51","guid":{"rendered":"https:\/\/outdoor.itc-gmbh.shop\/product\/arbeitsscheinwerfer-m-tech-ilpro109-grau-1100-lm\/"},"modified":"2024-05-27T02:47:52","modified_gmt":"2024-05-27T02:47:52","slug":"arbeitsscheinwerfer-m-tech-ilpro109-grau-1100-lm","status":"publish","type":"product","link":"https:\/\/wildgear.itc-gmbh.shop\/fr\/product\/arbeitsscheinwerfer-m-tech-ilpro109-grau-1100-lm\/","title":{"rendered":"Arbeitsscheinwerfer M-Tech ILPRO109 Grau 1100 Lm"},"content":{"rendered":"<p>Si vous \u00eates \u00e0 la recherche de nouveaut\u00e9s tendance sur le march\u00e9, nous vous pr\u00e9sentons <b>Arbeitsscheinwerfer M-Tech ILPRO109 Grau 1100 Lm<\/b>!<\/p>\n<ul>\n<li>Art: LED Leicht<\/li>\n<li>Protection : IP54<\/li>\n<li>Ungef\u00e4hre Reichweite: 8-10 Stunden<\/li>\n<li>Lichtstrom: 1100 Lm<\/li>\n<li>Wiederaufladbare Batterie: 5000 mAh<\/li>\n<li>Couleur : Gris<\/li>\n<\/ul>","protected":false},"excerpt":{"rendered":"<p>Wenn Sie auf der Suche nach trendigen Neuheiten auf dem Markt sind, pr\u00e4sentieren wir Ihnen Arbeitsscheinwerfer M-Tech ILPRO109 Grau 1100 Lm! Art: LED Leicht Schutz: IP54 Ungef\u00e4hre Reichweite: 8-10 Stunden Lichtstrom: 1100 Lm Wiederaufladbare Batterie: 5000 mAh Farbe: Grau<\/p>","protected":false},"featured_media":10456,"comment_status":"open","ping_status":"closed","template":"","meta":{"inline_featured_image":false},"product_brand":[],"product_cat":[181,180,195],"product_tag":[193,194,177],"class_list":{"0":"post-10457","1":"product","2":"type-product","3":"status-publish","4":"has-post-thumbnail","6":"product_cat-camping-und-berge","7":"product_cat-sport-freizeit","8":"product_cat-taschenlampen","9":"product_tag-tag_25","10":"product_tag-tag_370","11":"product_tag-tag_3","13":"first","14":"instock","15":"taxable","16":"shipping-taxable","17":"purchasable","18":"product-type-simple"},"aioseo_notices":[],"jetpack_sharing_enabled":true,"_links":{"self":[{"href":"https:\/\/wildgear.itc-gmbh.shop\/fr\/wp-json\/wp\/v2\/product\/10457","targetHints":{"allow":["GET"]}}],"collection":[{"href":"https:\/\/wildgear.itc-gmbh.shop\/fr\/wp-json\/wp\/v2\/product"}],"about":[{"href":"https:\/\/wildgear.itc-gmbh.shop\/fr\/wp-json\/wp\/v2\/types\/product"}],"replies":[{"embeddable":true,"href":"https:\/\/wildgear.itc-gmbh.shop\/fr\/wp-json\/wp\/v2\/comments?post=10457"}],"wp:featuredmedia":[{"embeddable":true,"href":"https:\/\/wildgear.itc-gmbh.shop\/fr\/wp-json\/wp\/v2\/media\/10456"}],"wp:attachment":[{"href":"https:\/\/wildgear.itc-gmbh.shop\/fr\/wp-json\/wp\/v2\/media?parent=10457"}],"wp:term":[{"taxonomy":"product_brand","embeddable":true,"href":"https:\/\/wildgear.itc-gmbh.shop\/fr\/wp-json\/wp\/v2\/product_brand?post=10457"},{"taxonomy":"product_cat","embeddable":true,"href":"https:\/\/wildgear.itc-gmbh.shop\/fr\/wp-json\/wp\/v2\/product_cat?post=10457"},{"taxonomy":"product_tag","embeddable":true,"href":"https:\/\/wildgear.itc-gmbh.shop\/fr\/wp-json\/wp\/v2\/product_tag?post=10457"}],"curies":[{"name":"wp","href":"https:\/\/api.w.org\/{rel}","templated":true}]}}