{"id":10461,"date":"2024-05-27T02:47:55","date_gmt":"2024-05-27T02:47:55","guid":{"rendered":"https:\/\/outdoor.itc-gmbh.shop\/product\/taschenlampe-led-edm-aufladbar-500-lm\/"},"modified":"2024-05-27T02:47:55","modified_gmt":"2024-05-27T02:47:55","slug":"taschenlampe-led-edm-aufladbar-500-lm","status":"publish","type":"product","link":"https:\/\/wildgear.itc-gmbh.shop\/fr\/product\/taschenlampe-led-edm-aufladbar-500-lm\/","title":{"rendered":"Taschenlampe LED EDM Aufladbar 500 lm"},"content":{"rendered":"<p>Si vous accordez de l'importance aux d\u00e9tails dans l'am\u00e9nagement de votre maison et que vous souhaitez \u00eatre \u00e0 la pointe des produits qui vous facilitent la vie, alors achetez <b>Taschenlampe LED EDM Aufladbar 500 lm<\/b> au meilleur prix.<\/p>\n<ul>\n<li>Caract\u00e9ristiques :\n<ul>\n<li>Rechargeable<\/li>\n<li>Rutschfester Boden<\/li>\n<\/ul>\n<\/li>\n<li>Fonctions :\n<ul>\n<li>Flash<\/li>\n<li>\u00c9clairage de secours<\/li>\n<\/ul>\n<\/li>\n<li>Beleuchtungsm\u00f6glichkeiten: 3<\/li>\n<li>Lichtstrom: 500 lm<\/li>\n<li>Ma\u00dfe ca.: 11,7 x 5,5 x 4,3 cm<\/li>\n<\/ul>","protected":false},"excerpt":{"rendered":"<p>Wenn Sie bei der Einrichtung ihres Heims Wert auf Details legen und bei Produkten, die Ihnen das Leben leichter machen, auf dem letzten Stand sein m\u00f6chten, dann kaufen Sie Taschenlampe LED EDM Aufladbar 500 lm zum besten Preis. Merkmale: Aufladbar Rutschfester Boden Funktionen: Flash Notlicht Beleuchtungsm\u00f6glichkeiten: 3 Lichtstrom: 500 lm Ma\u00dfe ca.: 11,7 x 5,5 &hellip; <\/p>\n<p class=\"more-link-wrap\"><a href=\"https:\/\/wildgear.itc-gmbh.shop\/fr\/product\/taschenlampe-led-edm-aufladbar-500-lm\/\" class=\"more-link\"><span>Read More<span class=\"screen-reader-text\"> &#8220;Taschenlampe LED EDM Aufladbar 500 lm&#8221;<\/span><\/span><\/a><\/p>","protected":false},"featured_media":10460,"comment_status":"open","ping_status":"closed","template":"","meta":{"inline_featured_image":false},"product_brand":[],"product_cat":[181,180,195],"product_tag":[193,194],"class_list":{"0":"post-10461","1":"product","2":"type-product","3":"status-publish","4":"has-post-thumbnail","6":"product_cat-camping-und-berge","7":"product_cat-sport-freizeit","8":"product_cat-taschenlampen","9":"product_tag-tag_25","10":"product_tag-tag_370","12":"first","13":"instock","14":"taxable","15":"shipping-taxable","16":"purchasable","17":"product-type-simple"},"aioseo_notices":[],"jetpack_sharing_enabled":true,"_links":{"self":[{"href":"https:\/\/wildgear.itc-gmbh.shop\/fr\/wp-json\/wp\/v2\/product\/10461","targetHints":{"allow":["GET"]}}],"collection":[{"href":"https:\/\/wildgear.itc-gmbh.shop\/fr\/wp-json\/wp\/v2\/product"}],"about":[{"href":"https:\/\/wildgear.itc-gmbh.shop\/fr\/wp-json\/wp\/v2\/types\/product"}],"replies":[{"embeddable":true,"href":"https:\/\/wildgear.itc-gmbh.shop\/fr\/wp-json\/wp\/v2\/comments?post=10461"}],"wp:featuredmedia":[{"embeddable":true,"href":"https:\/\/wildgear.itc-gmbh.shop\/fr\/wp-json\/wp\/v2\/media\/10460"}],"wp:attachment":[{"href":"https:\/\/wildgear.itc-gmbh.shop\/fr\/wp-json\/wp\/v2\/media?parent=10461"}],"wp:term":[{"taxonomy":"product_brand","embeddable":true,"href":"https:\/\/wildgear.itc-gmbh.shop\/fr\/wp-json\/wp\/v2\/product_brand?post=10461"},{"taxonomy":"product_cat","embeddable":true,"href":"https:\/\/wildgear.itc-gmbh.shop\/fr\/wp-json\/wp\/v2\/product_cat?post=10461"},{"taxonomy":"product_tag","embeddable":true,"href":"https:\/\/wildgear.itc-gmbh.shop\/fr\/wp-json\/wp\/v2\/product_tag?post=10461"}],"curies":[{"name":"wp","href":"https:\/\/api.w.org\/{rel}","templated":true}]}}