{"id":10467,"date":"2024-05-27T02:48:01","date_gmt":"2024-05-27T02:48:01","guid":{"rendered":"https:\/\/outdoor.itc-gmbh.shop\/product\/taschenlampe-led-edm-18650-double-5-w-10-w-1000-lm-200-lm\/"},"modified":"2024-05-27T02:48:01","modified_gmt":"2024-05-27T02:48:01","slug":"taschenlampe-led-edm-18650-double-5-w-10-w-1000-lm-200-lm","status":"publish","type":"product","link":"https:\/\/wildgear.itc-gmbh.shop\/fr\/product\/taschenlampe-led-edm-18650-double-5-w-10-w-1000-lm-200-lm\/","title":{"rendered":"Lampe de poche LED EDM 18650 Double 5 W 10 W 1000 Lm 200 Lm"},"content":{"rendered":"<p>Si vous accordez de l'importance aux d\u00e9tails dans l'am\u00e9nagement de votre maison et que vous souhaitez \u00eatre \u00e0 la pointe des produits qui vous facilitent la vie, alors achetez <b>Lampe de poche LED EDM 18650 Double 5 W 10 W 1000 Lm 200 Lm<\/b> au meilleur prix.<\/p>\n<ul>\n<li>Caract\u00e9ristiques :\n<ul>\n<li>Double<\/li>\n<li>Flash<\/li>\n<\/ul>\n<\/li>\n<li>Ports de connexion : USB-C<\/li>\n<li>Inclus :\n<ul>\n<li>C\u00e2ble USB-C<\/li>\n<li>Crochet<\/li>\n<li>Piles x 2<\/li>\n<li>Aimant<\/li>\n<\/ul>\n<\/li>\n<li>Type : Lampe de poche<\/li>\n<li>Possibilit\u00e9s d'\u00e9clairage : 5<\/li>\n<li>Autonomie approximative : 9 heures<\/li>\n<li>Batterie rechargeable : 2000 mAh<\/li>\n<li>Classification IP : IP44<\/li>\n<li>temp\u00e9rature de couleur : 7500 K<\/li>\n<li>nombre de LED : 4<\/li>\n<li>Source d'alimentation : batterie<\/li>\n<li>Tension : 5 V<\/li>\n<li>Type de lumi\u00e8re : lumi\u00e8re rouge<\/li>\n<li>performance :\n<ul>\n<li>5 W<\/li>\n<li>10 W<\/li>\n<\/ul>\n<\/li>\n<li>Fonctions :\n<ul>\n<li>Banque de puissance<\/li>\n<li>Flash<\/li>\n<\/ul>\n<\/li>\n<li>mat\u00e9riel :\n<ul>\n<li>Aluminium<\/li>\n<li>ABS<\/li>\n<\/ul>\n<\/li>\n<li>Flux lumineux :\n<ul>\n<li>1000 Lm<\/li>\n<li>200 Lm<\/li>\n<\/ul>\n<\/li>\n<li>Dimensions approximatives : 7 x 2,6 x 16,6 cm<\/li>\n<\/ul>","protected":false},"excerpt":{"rendered":"<p>Wenn Sie bei der Einrichtung ihres Heims Wert auf Details legen und bei Produkten, die Ihnen das Leben leichter machen, auf dem letzten Stand sein m\u00f6chten, dann kaufen Sie Taschenlampe LED EDM 18650 Double 5 W 10 W 1000 Lm 200 Lm zum besten Preis. Merkmale: Double Flash Anschl\u00fcsse: USB-C Enthalten: USB-C-Kabel Haken Batterien x &hellip; <\/p>\n<p class=\"more-link-wrap\"><a href=\"https:\/\/wildgear.itc-gmbh.shop\/fr\/product\/taschenlampe-led-edm-18650-double-5-w-10-w-1000-lm-200-lm\/\" class=\"more-link\"><span>Read More<span class=\"screen-reader-text\"> &#8220;Taschenlampe LED EDM 18650 Double 5 W 10 W 1000 Lm 200 Lm&#8221;<\/span><\/span><\/a><\/p>","protected":false},"featured_media":10466,"comment_status":"open","ping_status":"closed","template":"","meta":{"inline_featured_image":false},"product_brand":[],"product_cat":[181,180,195],"product_tag":[193,194],"class_list":{"0":"post-10467","1":"product","2":"type-product","3":"status-publish","4":"has-post-thumbnail","6":"product_cat-camping-und-berge","7":"product_cat-sport-freizeit","8":"product_cat-taschenlampen","9":"product_tag-tag_25","10":"product_tag-tag_370","12":"first","13":"instock","14":"taxable","15":"shipping-taxable","16":"purchasable","17":"product-type-simple"},"aioseo_notices":[],"jetpack_sharing_enabled":true,"_links":{"self":[{"href":"https:\/\/wildgear.itc-gmbh.shop\/fr\/wp-json\/wp\/v2\/product\/10467","targetHints":{"allow":["GET"]}}],"collection":[{"href":"https:\/\/wildgear.itc-gmbh.shop\/fr\/wp-json\/wp\/v2\/product"}],"about":[{"href":"https:\/\/wildgear.itc-gmbh.shop\/fr\/wp-json\/wp\/v2\/types\/product"}],"replies":[{"embeddable":true,"href":"https:\/\/wildgear.itc-gmbh.shop\/fr\/wp-json\/wp\/v2\/comments?post=10467"}],"wp:featuredmedia":[{"embeddable":true,"href":"https:\/\/wildgear.itc-gmbh.shop\/fr\/wp-json\/wp\/v2\/media\/10466"}],"wp:attachment":[{"href":"https:\/\/wildgear.itc-gmbh.shop\/fr\/wp-json\/wp\/v2\/media?parent=10467"}],"wp:term":[{"taxonomy":"product_brand","embeddable":true,"href":"https:\/\/wildgear.itc-gmbh.shop\/fr\/wp-json\/wp\/v2\/product_brand?post=10467"},{"taxonomy":"product_cat","embeddable":true,"href":"https:\/\/wildgear.itc-gmbh.shop\/fr\/wp-json\/wp\/v2\/product_cat?post=10467"},{"taxonomy":"product_tag","embeddable":true,"href":"https:\/\/wildgear.itc-gmbh.shop\/fr\/wp-json\/wp\/v2\/product_tag?post=10467"}],"curies":[{"name":"wp","href":"https:\/\/api.w.org\/{rel}","templated":true}]}}