{"id":10559,"date":"2024-05-27T02:49:24","date_gmt":"2024-05-27T02:49:24","guid":{"rendered":"https:\/\/outdoor.itc-gmbh.shop\/product\/taschenlampe-varta-17612-101-421-70-lm\/"},"modified":"2024-05-27T02:49:24","modified_gmt":"2024-05-27T02:49:24","slug":"taschenlampe-varta-17612-101-421-70-lm","status":"publish","type":"product","link":"https:\/\/wildgear.itc-gmbh.shop\/fr\/product\/taschenlampe-varta-17612-101-421-70-lm\/","title":{"rendered":"Taschenlampe Varta 17612 101 421 70 Lm"},"content":{"rendered":"<p>Si vous accordez de l'importance aux d\u00e9tails dans l'am\u00e9nagement de votre maison et que vous souhaitez \u00eatre \u00e0 la pointe des produits qui vous facilitent la vie, alors achetez <b>Taschenlampe Varta 17612 101 421 70 Lm<\/b> au meilleur prix.<\/p>\n<ul>\n<li>mat\u00e9riel :\n<ul>\n<li>Gummi<\/li>\n<li>ABS<\/li>\n<\/ul>\n<\/li>\n<li>Reichweite: 32 m<\/li>\n<li>Lichtdurchl\u00e4ssigkeit: 70 Lm<\/li>\n<li>Merkmale: Batteriebetrieben (enthalten)<\/li>\n<li>Batterietyp: Batterien (im Lieferumfang enthalten)<\/li>\n<li>Type : Lampe de poche<\/li>\n<li>Technologie : LED<\/li>\n<li>couleur :\n<ul>\n<li>Gris<\/li>\n<li>Noir<\/li>\n<\/ul>\n<\/li>\n<li>Land\/Region der Herstellung: China<\/li>\n<li>Nombre de piles : 2<\/li>\n<li>Piles incluses : Oui<\/li>\n<li>Funktionen: Flash<\/li>\n<\/ul>","protected":false},"excerpt":{"rendered":"<p>Wenn Sie bei der Einrichtung ihres Heims Wert auf Details legen und bei Produkten, die Ihnen das Leben leichter machen, auf dem letzten Stand sein m\u00f6chten, dann kaufen Sie Taschenlampe Varta 17612 101 421 70 Lm zum besten Preis. Material: Gummi ABS Reichweite: 32 m Lichtdurchl\u00e4ssigkeit: 70 Lm Merkmale: Batteriebetrieben (enthalten) Batterietyp: Batterien (im Lieferumfang &hellip; <\/p>\n<p class=\"more-link-wrap\"><a href=\"https:\/\/wildgear.itc-gmbh.shop\/fr\/product\/taschenlampe-varta-17612-101-421-70-lm\/\" class=\"more-link\"><span>Read More<span class=\"screen-reader-text\"> &#8220;Taschenlampe Varta 17612 101 421 70 Lm&#8221;<\/span><\/span><\/a><\/p>","protected":false},"featured_media":10558,"comment_status":"open","ping_status":"closed","template":"","meta":{"inline_featured_image":false},"product_brand":[],"product_cat":[181,571,572,180,195],"product_tag":[188,209,194],"class_list":{"0":"post-10559","1":"product","2":"type-product","3":"status-publish","4":"has-post-thumbnail","6":"product_cat-camping-und-berge","7":"product_cat-heim-garten","8":"product_cat-heimwerkerbedarf-und-eisenwaren","9":"product_cat-sport-freizeit","10":"product_cat-taschenlampen","11":"product_tag-tag_1304","12":"product_tag-tag_768","13":"product_tag-tag_370","15":"first","16":"outofstock","17":"taxable","18":"shipping-taxable","19":"purchasable","20":"product-type-simple"},"aioseo_notices":[],"jetpack_sharing_enabled":true,"_links":{"self":[{"href":"https:\/\/wildgear.itc-gmbh.shop\/fr\/wp-json\/wp\/v2\/product\/10559","targetHints":{"allow":["GET"]}}],"collection":[{"href":"https:\/\/wildgear.itc-gmbh.shop\/fr\/wp-json\/wp\/v2\/product"}],"about":[{"href":"https:\/\/wildgear.itc-gmbh.shop\/fr\/wp-json\/wp\/v2\/types\/product"}],"replies":[{"embeddable":true,"href":"https:\/\/wildgear.itc-gmbh.shop\/fr\/wp-json\/wp\/v2\/comments?post=10559"}],"wp:featuredmedia":[{"embeddable":true,"href":"https:\/\/wildgear.itc-gmbh.shop\/fr\/wp-json\/wp\/v2\/media\/10558"}],"wp:attachment":[{"href":"https:\/\/wildgear.itc-gmbh.shop\/fr\/wp-json\/wp\/v2\/media?parent=10559"}],"wp:term":[{"taxonomy":"product_brand","embeddable":true,"href":"https:\/\/wildgear.itc-gmbh.shop\/fr\/wp-json\/wp\/v2\/product_brand?post=10559"},{"taxonomy":"product_cat","embeddable":true,"href":"https:\/\/wildgear.itc-gmbh.shop\/fr\/wp-json\/wp\/v2\/product_cat?post=10559"},{"taxonomy":"product_tag","embeddable":true,"href":"https:\/\/wildgear.itc-gmbh.shop\/fr\/wp-json\/wp\/v2\/product_tag?post=10559"}],"curies":[{"name":"wp","href":"https:\/\/api.w.org\/{rel}","templated":true}]}}