{"id":10597,"date":"2024-05-27T02:49:56","date_gmt":"2024-05-27T02:49:56","guid":{"rendered":"https:\/\/outdoor.itc-gmbh.shop\/product\/taschenlampe-led-edm-flachmann-schwarz-320-lm\/"},"modified":"2024-05-27T02:49:56","modified_gmt":"2024-05-27T02:49:56","slug":"taschenlampe-led-edm-flachmann-schwarz-320-lm","status":"publish","type":"product","link":"https:\/\/wildgear.itc-gmbh.shop\/fr\/product\/taschenlampe-led-edm-flachmann-schwarz-320-lm\/","title":{"rendered":"Lampe de poche LED EDM Flachmann noire 320 Lm"},"content":{"rendered":"<p>Si vous \u00eates \u00e0 la recherche de nouveaut\u00e9s tendance sur le march\u00e9, nous vous pr\u00e9sentons <b>Lampe de poche LED EDM Flachmann noire 320 Lm<\/b>!<\/p>\n<ul>\n<li>Art :\n<ul>\n<li>Flasque<\/li>\n<li>Lampe de poche LED<\/li>\n<\/ul>\n<\/li>\n<li>Type de batterie : Litio Ion<\/li>\n<li>Source d'alimentation \u00e9lectrique : Batterie rechargeable<\/li>\n<li>Inclus :\n<ul>\n<li>Crochet de suspension<\/li>\n<li>Aimant<\/li>\n<li>C\u00e2ble USB-C<\/li>\n<\/ul>\n<\/li>\n<li>Caract\u00e9ristiques :\n<ul>\n<li>Avec clip de ceinture<\/li>\n<li>Indicateur de charge<\/li>\n<\/ul>\n<\/li>\n<li>Couleur : Noir<\/li>\n<li>Possibilit\u00e9s d'\u00e9clairage : 2<\/li>\n<li>Temps de charge approximatif : 3 heures<\/li>\n<li>Autonomie approximative : 4 heures<\/li>\n<li>Classification IP : IP42<\/li>\n<li>temp\u00e9rature de couleur : 6500 K<\/li>\n<li>Nombre de LED : 2<\/li>\n<li>Capacit\u00e9 de la batterie : 1200 mAh<\/li>\n<li>Mat\u00e9riau : plastique<\/li>\n<li>flux lumineux : 320 Lm<\/li>\n<li>Dimensions approximatives : 11 x 4,4 x 4,4 cm<\/li>\n<\/ul>","protected":false},"excerpt":{"rendered":"<p>Wenn Sie auf der Suche nach trendigen Neuheiten auf dem Markt sind, pr\u00e4sentieren wir Ihnen Taschenlampe LED EDM Flachmann Schwarz 320 Lm! Art: Flachmann Taschenlampe LED Batterietyp: Litio Ion Stromquelle: Wiederaufladbare Batterie Enthalten: Haken zum Aufh\u00e4ngen Magnet USB-C-Kabel Merkmale: Mit G\u00fcrtelclip Ladeanzeige Farbe: Schwarz Beleuchtungsm\u00f6glichkeiten: 2 Ungef\u00e4hre Ladedauer: 3 Stunden Ungef\u00e4hre Reichweite: 4 Stunden IP-Klassifizierung: &hellip; <\/p>\n<p class=\"more-link-wrap\"><a href=\"https:\/\/wildgear.itc-gmbh.shop\/fr\/product\/taschenlampe-led-edm-flachmann-schwarz-320-lm\/\" class=\"more-link\"><span>Read More<span class=\"screen-reader-text\"> &#8220;Taschenlampe LED EDM Flachmann Schwarz 320 Lm&#8221;<\/span><\/span><\/a><\/p>","protected":false},"featured_media":10596,"comment_status":"open","ping_status":"closed","template":"","meta":{"inline_featured_image":false},"product_brand":[],"product_cat":[181,180,195],"product_tag":[193,194,177],"class_list":{"0":"post-10597","1":"product","2":"type-product","3":"status-publish","4":"has-post-thumbnail","6":"product_cat-camping-und-berge","7":"product_cat-sport-freizeit","8":"product_cat-taschenlampen","9":"product_tag-tag_25","10":"product_tag-tag_370","11":"product_tag-tag_3","13":"first","14":"instock","15":"taxable","16":"shipping-taxable","17":"purchasable","18":"product-type-simple"},"aioseo_notices":[],"jetpack_sharing_enabled":true,"_links":{"self":[{"href":"https:\/\/wildgear.itc-gmbh.shop\/fr\/wp-json\/wp\/v2\/product\/10597","targetHints":{"allow":["GET"]}}],"collection":[{"href":"https:\/\/wildgear.itc-gmbh.shop\/fr\/wp-json\/wp\/v2\/product"}],"about":[{"href":"https:\/\/wildgear.itc-gmbh.shop\/fr\/wp-json\/wp\/v2\/types\/product"}],"replies":[{"embeddable":true,"href":"https:\/\/wildgear.itc-gmbh.shop\/fr\/wp-json\/wp\/v2\/comments?post=10597"}],"wp:featuredmedia":[{"embeddable":true,"href":"https:\/\/wildgear.itc-gmbh.shop\/fr\/wp-json\/wp\/v2\/media\/10596"}],"wp:attachment":[{"href":"https:\/\/wildgear.itc-gmbh.shop\/fr\/wp-json\/wp\/v2\/media?parent=10597"}],"wp:term":[{"taxonomy":"product_brand","embeddable":true,"href":"https:\/\/wildgear.itc-gmbh.shop\/fr\/wp-json\/wp\/v2\/product_brand?post=10597"},{"taxonomy":"product_cat","embeddable":true,"href":"https:\/\/wildgear.itc-gmbh.shop\/fr\/wp-json\/wp\/v2\/product_cat?post=10597"},{"taxonomy":"product_tag","embeddable":true,"href":"https:\/\/wildgear.itc-gmbh.shop\/fr\/wp-json\/wp\/v2\/product_tag?post=10597"}],"curies":[{"name":"wp","href":"https:\/\/api.w.org\/{rel}","templated":true}]}}