{"id":10679,"date":"2024-05-27T02:51:05","date_gmt":"2024-05-27T02:51:05","guid":{"rendered":"https:\/\/outdoor.itc-gmbh.shop\/product\/taschenlampe-led-energizer-metal-vision-hd-1000-lm-250-lm\/"},"modified":"2024-05-27T02:51:06","modified_gmt":"2024-05-27T02:51:06","slug":"taschenlampe-led-energizer-metal-vision-hd-1000-lm-250-lm","status":"publish","type":"product","link":"https:\/\/wildgear.itc-gmbh.shop\/fr\/product\/taschenlampe-led-energizer-metal-vision-hd-1000-lm-250-lm\/","title":{"rendered":"Lampe de poche LED Energizer Metal Vision HD 1000 Lm 250 Lm"},"content":{"rendered":"<p>Si vous \u00eates \u00e0 la recherche de nouveaut\u00e9s tendance sur le march\u00e9, nous vous pr\u00e9sentons <b>Lampe de poche LED Energizer Metal Vision HD 1000 Lm 250 Lm<\/b>!<\/p>\n<ul>\n<li>Couleur : Gris<\/li>\n<li>mat\u00e9riel :\n<ul>\n<li>Aluminium<\/li>\n<li>Plastique<\/li>\n<\/ul>\n<\/li>\n<li>Caract\u00e9ristiques :\n<ul>\n<li>LED<\/li>\n<li>R\u00e9sistant \u00e0 l'eau<\/li>\n<\/ul>\n<\/li>\n<li>Protection : IPX4<\/li>\n<li>Flux lumineux :\n<ul>\n<li>1000 Lm<\/li>\n<li>250 Lm<\/li>\n<\/ul>\n<\/li>\n<li>Type d'ampoule : LED<\/li>\n<li>Source d'alimentation : batterie<\/li>\n<li>Fonctionne sur piles :\n<ul>\n<li>Oui<\/li>\n<li>1 Litio Ion<\/li>\n<\/ul>\n<\/li>\n<li>Piles incluses : Oui<\/li>\n<li>Type de batterie :\n<ul>\n<li>Litio Ion<\/li>\n<li>Pile au lithium rechargeable<\/li>\n<\/ul>\n<\/li>\n<\/ul>","protected":false},"excerpt":{"rendered":"<p>Wenn Sie auf der Suche nach trendigen Neuheiten auf dem Markt sind, pr\u00e4sentieren wir Ihnen Taschenlampe LED Energizer Metal Vision HD 1000 Lm 250 Lm! Farbe: Grau Material: Aluminium Kunststoff Merkmale: LED Water resistant Schutz: IPX4 Lichtstrom: 1000 Lm 250 Lm Gl\u00fchbirnen-Typ: LED Stromquelle: Batterie Batteriebetrieben: Ja 1 Litio Ion Inklusive Batterien: Ja Batterietyp: Litio &hellip; <\/p>\n<p class=\"more-link-wrap\"><a href=\"https:\/\/wildgear.itc-gmbh.shop\/fr\/product\/taschenlampe-led-energizer-metal-vision-hd-1000-lm-250-lm\/\" class=\"more-link\"><span>Read More<span class=\"screen-reader-text\"> &#8220;Taschenlampe LED Energizer Metal Vision HD 1000 Lm 250 Lm&#8221;<\/span><\/span><\/a><\/p>","protected":false},"featured_media":10678,"comment_status":"open","ping_status":"closed","template":"","meta":{"inline_featured_image":false},"product_brand":[],"product_cat":[181,180,195],"product_tag":[193,194,177],"class_list":{"0":"post-10679","1":"product","2":"type-product","3":"status-publish","4":"has-post-thumbnail","6":"product_cat-camping-und-berge","7":"product_cat-sport-freizeit","8":"product_cat-taschenlampen","9":"product_tag-tag_25","10":"product_tag-tag_370","11":"product_tag-tag_3","13":"first","14":"outofstock","15":"taxable","16":"shipping-taxable","17":"purchasable","18":"product-type-simple"},"aioseo_notices":[],"jetpack_sharing_enabled":true,"_links":{"self":[{"href":"https:\/\/wildgear.itc-gmbh.shop\/fr\/wp-json\/wp\/v2\/product\/10679","targetHints":{"allow":["GET"]}}],"collection":[{"href":"https:\/\/wildgear.itc-gmbh.shop\/fr\/wp-json\/wp\/v2\/product"}],"about":[{"href":"https:\/\/wildgear.itc-gmbh.shop\/fr\/wp-json\/wp\/v2\/types\/product"}],"replies":[{"embeddable":true,"href":"https:\/\/wildgear.itc-gmbh.shop\/fr\/wp-json\/wp\/v2\/comments?post=10679"}],"wp:featuredmedia":[{"embeddable":true,"href":"https:\/\/wildgear.itc-gmbh.shop\/fr\/wp-json\/wp\/v2\/media\/10678"}],"wp:attachment":[{"href":"https:\/\/wildgear.itc-gmbh.shop\/fr\/wp-json\/wp\/v2\/media?parent=10679"}],"wp:term":[{"taxonomy":"product_brand","embeddable":true,"href":"https:\/\/wildgear.itc-gmbh.shop\/fr\/wp-json\/wp\/v2\/product_brand?post=10679"},{"taxonomy":"product_cat","embeddable":true,"href":"https:\/\/wildgear.itc-gmbh.shop\/fr\/wp-json\/wp\/v2\/product_cat?post=10679"},{"taxonomy":"product_tag","embeddable":true,"href":"https:\/\/wildgear.itc-gmbh.shop\/fr\/wp-json\/wp\/v2\/product_tag?post=10679"}],"curies":[{"name":"wp","href":"https:\/\/api.w.org\/{rel}","templated":true}]}}