{"id":10682,"date":"2024-05-27T02:51:06","date_gmt":"2024-05-27T02:51:06","guid":{"rendered":"https:\/\/outdoor.itc-gmbh.shop\/product\/taschenlampe-everactive-fl300-350-lm\/"},"modified":"2024-08-22T00:00:16","modified_gmt":"2024-08-22T00:00:16","slug":"taschenlampe-everactive-fl300-350-lm","status":"publish","type":"product","link":"https:\/\/wildgear.itc-gmbh.shop\/fr\/product\/taschenlampe-everactive-fl300-350-lm\/","title":{"rendered":"Taschenlampe EverActive FL300+ 350 lm"},"content":{"rendered":"<p>Si vous \u00eates \u00e0 la recherche de nouveaut\u00e9s tendance sur le march\u00e9, nous vous pr\u00e9sentons <b>Taschenlampe EverActive FL300+ 350 lm<\/b>!<\/p>\n<ul>\n<li>Couleur : rouge<\/li>\n<li>Mat\u00e9riau : aluminium<\/li>\n<li>Protection : IPX4<\/li>\n<li>Lichtstrom: 350 lm<\/li>\n<li>Type d'ampoule : LED<\/li>\n<li>Source d'alimentation : batterie<\/li>\n<li>Fonctionne avec des piles : Oui<\/li>\n<li>Ne sont pas fournis : Pile<\/li>\n<\/ul>","protected":false},"excerpt":{"rendered":"<p>Wenn Sie auf der Suche nach trendigen Neuheiten auf dem Markt sind, pr\u00e4sentieren wir Ihnen Taschenlampe EverActive FL300+ 350 lm! Farbe: Rot Material: Aluminium Schutz: IPX4 Lichtstrom: 350 lm Gl\u00fchbirnen-Typ: LED Stromquelle: Batterie Batteriebetrieben: Ja Nicht erhalten: Batterie<\/p>","protected":false},"featured_media":15396,"comment_status":"open","ping_status":"closed","template":"","meta":{"inline_featured_image":false},"product_brand":[],"product_cat":[181,180,195],"product_tag":[193,194,177],"class_list":{"0":"post-10682","1":"product","2":"type-product","3":"status-publish","4":"has-post-thumbnail","6":"product_cat-camping-und-berge","7":"product_cat-sport-freizeit","8":"product_cat-taschenlampen","9":"product_tag-tag_25","10":"product_tag-tag_370","11":"product_tag-tag_3","13":"first","14":"outofstock","15":"taxable","16":"shipping-taxable","17":"purchasable","18":"product-type-simple"},"aioseo_notices":[],"jetpack_sharing_enabled":true,"_links":{"self":[{"href":"https:\/\/wildgear.itc-gmbh.shop\/fr\/wp-json\/wp\/v2\/product\/10682","targetHints":{"allow":["GET"]}}],"collection":[{"href":"https:\/\/wildgear.itc-gmbh.shop\/fr\/wp-json\/wp\/v2\/product"}],"about":[{"href":"https:\/\/wildgear.itc-gmbh.shop\/fr\/wp-json\/wp\/v2\/types\/product"}],"replies":[{"embeddable":true,"href":"https:\/\/wildgear.itc-gmbh.shop\/fr\/wp-json\/wp\/v2\/comments?post=10682"}],"wp:featuredmedia":[{"embeddable":true,"href":"https:\/\/wildgear.itc-gmbh.shop\/fr\/wp-json\/wp\/v2\/media\/15396"}],"wp:attachment":[{"href":"https:\/\/wildgear.itc-gmbh.shop\/fr\/wp-json\/wp\/v2\/media?parent=10682"}],"wp:term":[{"taxonomy":"product_brand","embeddable":true,"href":"https:\/\/wildgear.itc-gmbh.shop\/fr\/wp-json\/wp\/v2\/product_brand?post=10682"},{"taxonomy":"product_cat","embeddable":true,"href":"https:\/\/wildgear.itc-gmbh.shop\/fr\/wp-json\/wp\/v2\/product_cat?post=10682"},{"taxonomy":"product_tag","embeddable":true,"href":"https:\/\/wildgear.itc-gmbh.shop\/fr\/wp-json\/wp\/v2\/product_tag?post=10682"}],"curies":[{"name":"wp","href":"https:\/\/api.w.org\/{rel}","templated":true}]}}