{"id":10770,"date":"2024-05-27T02:52:16","date_gmt":"2024-05-27T02:52:16","guid":{"rendered":"https:\/\/outdoor.itc-gmbh.shop\/product\/taschenlampe-ledlenser-h15r-core\/"},"modified":"2024-05-27T02:52:24","modified_gmt":"2024-05-27T02:52:24","slug":"taschenlampe-ledlenser-h15r-core","status":"publish","type":"product","link":"https:\/\/wildgear.itc-gmbh.shop\/fr\/product\/taschenlampe-ledlenser-h15r-core\/","title":{"rendered":"Taschenlampe Ledlenser H15R Core"},"content":{"rendered":"<p>Si vous \u00eates \u00e0 la recherche de nouveaut\u00e9s tendance sur le march\u00e9, nous vous pr\u00e9sentons <b>Taschenlampe Ledlenser H15R Core<\/b>!<\/p>\n<ul>\n<li>couleur :\n<ul>\n<li>Blanc<\/li>\n<li>Noir<\/li>\n<\/ul>\n<\/li>\n<li>mat\u00e9riel :\n<ul>\n<li>Aluminium<\/li>\n<li>Plastique<\/li>\n<\/ul>\n<\/li>\n<li>Caract\u00e9ristiques :\n<ul>\n<li>LED<\/li>\n<li>R\u00e9sistant \u00e0 l'eau<\/li>\n<\/ul>\n<\/li>\n<li>Kapazit\u00e4t der Batterie: 4800 mAh<\/li>\n<li>Enthalten: Benutzerhandbuch<\/li>\n<li>Ungef\u00e4hres Gewicht: 380 g<\/li>\n<li>Type de batterie :\n<ul>\n<li>Wiederaufladbare Batterie<\/li>\n<li>Pile au lithium rechargeable<\/li>\n<\/ul>\n<\/li>\n<li>Spannung: 3,7 V<\/li>\n<li>Type d'ampoule : LED<\/li>\n<li>Source d'alimentation : batterie<\/li>\n<li>Leistungspegel: 4<\/li>\n<li>Technologie : LED<\/li>\n<li>Nombre de piles : 2<\/li>\n<li>IP-Klassifizierung: IP67<\/li>\n<li>Piles incluses : Oui<\/li>\n<li>Steuerung: Kn\u00f6pfe, drehbar<\/li>\n<li>Riemen: Abnehmbarer<\/li>\n<li>Lampe : 1<\/li>\n<\/ul>","protected":false},"excerpt":{"rendered":"<p>Wenn Sie auf der Suche nach trendigen Neuheiten auf dem Markt sind, pr\u00e4sentieren wir Ihnen Taschenlampe Ledlenser H15R Core! Farbe: Wei\u00df Schwarz Material: Aluminium Kunststoff Merkmale: LED Water resistant Kapazit\u00e4t der Batterie: 4800 mAh Enthalten: Benutzerhandbuch Ungef\u00e4hres Gewicht: 380 g Batterietyp: Wiederaufladbare Batterie Wiederaufladbare Lithiumbatterie Spannung: 3,7 V Gl\u00fchbirnen-Typ: LED Stromquelle: Batterie Leistungspegel: 4 Technologie: &hellip; <\/p>\n<p class=\"more-link-wrap\"><a href=\"https:\/\/wildgear.itc-gmbh.shop\/fr\/product\/taschenlampe-ledlenser-h15r-core\/\" class=\"more-link\"><span>Read More<span class=\"screen-reader-text\"> &#8220;Taschenlampe Ledlenser H15R Core&#8221;<\/span><\/span><\/a><\/p>","protected":false},"featured_media":10769,"comment_status":"open","ping_status":"closed","template":"","meta":{"inline_featured_image":false},"product_brand":[],"product_cat":[181,180,195],"product_tag":[193,194,177],"class_list":{"0":"post-10770","1":"product","2":"type-product","3":"status-publish","4":"has-post-thumbnail","6":"product_cat-camping-und-berge","7":"product_cat-sport-freizeit","8":"product_cat-taschenlampen","9":"product_tag-tag_25","10":"product_tag-tag_370","11":"product_tag-tag_3","13":"first","14":"outofstock","15":"taxable","16":"shipping-taxable","17":"purchasable","18":"product-type-simple"},"aioseo_notices":[],"jetpack_sharing_enabled":true,"_links":{"self":[{"href":"https:\/\/wildgear.itc-gmbh.shop\/fr\/wp-json\/wp\/v2\/product\/10770","targetHints":{"allow":["GET"]}}],"collection":[{"href":"https:\/\/wildgear.itc-gmbh.shop\/fr\/wp-json\/wp\/v2\/product"}],"about":[{"href":"https:\/\/wildgear.itc-gmbh.shop\/fr\/wp-json\/wp\/v2\/types\/product"}],"replies":[{"embeddable":true,"href":"https:\/\/wildgear.itc-gmbh.shop\/fr\/wp-json\/wp\/v2\/comments?post=10770"}],"wp:featuredmedia":[{"embeddable":true,"href":"https:\/\/wildgear.itc-gmbh.shop\/fr\/wp-json\/wp\/v2\/media\/10769"}],"wp:attachment":[{"href":"https:\/\/wildgear.itc-gmbh.shop\/fr\/wp-json\/wp\/v2\/media?parent=10770"}],"wp:term":[{"taxonomy":"product_brand","embeddable":true,"href":"https:\/\/wildgear.itc-gmbh.shop\/fr\/wp-json\/wp\/v2\/product_brand?post=10770"},{"taxonomy":"product_cat","embeddable":true,"href":"https:\/\/wildgear.itc-gmbh.shop\/fr\/wp-json\/wp\/v2\/product_cat?post=10770"},{"taxonomy":"product_tag","embeddable":true,"href":"https:\/\/wildgear.itc-gmbh.shop\/fr\/wp-json\/wp\/v2\/product_tag?post=10770"}],"curies":[{"name":"wp","href":"https:\/\/api.w.org\/{rel}","templated":true}]}}