{"id":10832,"date":"2024-05-27T02:53:16","date_gmt":"2024-05-27T02:53:16","guid":{"rendered":"https:\/\/outdoor.itc-gmbh.shop\/product\/taschenlampe-ledlenser-hf6r-800-lm\/"},"modified":"2024-05-27T02:53:21","modified_gmt":"2024-05-27T02:53:21","slug":"taschenlampe-ledlenser-hf6r-800-lm","status":"publish","type":"product","link":"https:\/\/wildgear.itc-gmbh.shop\/fr\/product\/taschenlampe-ledlenser-hf6r-800-lm\/","title":{"rendered":"Taschenlampe Ledlenser HF6R  800 lm"},"content":{"rendered":"<p>Si vous \u00eates \u00e0 la recherche de nouveaut\u00e9s tendance sur le march\u00e9, nous vous pr\u00e9sentons <b>Taschenlampe Ledlenser HF6R  800 lm<\/b>!<\/p>\n<ul>\n<li>Couleur : Noir<\/li>\n<li>Caract\u00e9ristiques :\n<ul>\n<li>LED<\/li>\n<li>\u00dcberhitzungsschutz<\/li>\n<\/ul>\n<\/li>\n<li>Kapazit\u00e4t der Batterie: 2000 mAh<\/li>\n<li>Spannung: 3,7 V<\/li>\n<li>Schutz: IP68<\/li>\n<li>Enthalten: Benutzerhandbuch<\/li>\n<li>Ungef\u00e4hres Gewicht: 126 g<\/li>\n<li>flux lumineux : 800 lm<\/li>\n<li>Mat\u00e9riau : aluminium<\/li>\n<li>Source d'alimentation : batterie<\/li>\n<li>Fonctionne sur piles :\n<ul>\n<li>Oui<\/li>\n<li>1 Litio Ion, incluidas<\/li>\n<\/ul>\n<\/li>\n<li>Piles incluses : Oui<\/li>\n<li>Batterietyp: Wiederaufladbare Lithiumbatterie<\/li>\n<\/ul>","protected":false},"excerpt":{"rendered":"<p>Wenn Sie auf der Suche nach trendigen Neuheiten auf dem Markt sind, pr\u00e4sentieren wir Ihnen Taschenlampe Ledlenser HF6R 800 lm! Farbe: Schwarz Merkmale: LED \u00dcberhitzungsschutz Kapazit\u00e4t der Batterie: 2000 mAh Spannung: 3,7 V Schutz: IP68 Enthalten: Benutzerhandbuch Ungef\u00e4hres Gewicht: 126 g Lichtstrom: 800 lm Material: Aluminium Stromquelle: Batterie Batteriebetrieben: Ja 1 Litio Ion, incluidas Inklusive &hellip; <\/p>\n<p class=\"more-link-wrap\"><a href=\"https:\/\/wildgear.itc-gmbh.shop\/fr\/product\/taschenlampe-ledlenser-hf6r-800-lm\/\" class=\"more-link\"><span>Read More<span class=\"screen-reader-text\"> &#8220;Taschenlampe Ledlenser HF6R  800 lm&#8221;<\/span><\/span><\/a><\/p>","protected":false},"featured_media":10831,"comment_status":"open","ping_status":"closed","template":"","meta":{"inline_featured_image":false},"product_brand":[],"product_cat":[181,180,195],"product_tag":[193,194,177],"class_list":{"0":"post-10832","1":"product","2":"type-product","3":"status-publish","4":"has-post-thumbnail","6":"product_cat-camping-und-berge","7":"product_cat-sport-freizeit","8":"product_cat-taschenlampen","9":"product_tag-tag_25","10":"product_tag-tag_370","11":"product_tag-tag_3","13":"first","14":"outofstock","15":"taxable","16":"shipping-taxable","17":"purchasable","18":"product-type-simple"},"aioseo_notices":[],"jetpack_sharing_enabled":true,"_links":{"self":[{"href":"https:\/\/wildgear.itc-gmbh.shop\/fr\/wp-json\/wp\/v2\/product\/10832","targetHints":{"allow":["GET"]}}],"collection":[{"href":"https:\/\/wildgear.itc-gmbh.shop\/fr\/wp-json\/wp\/v2\/product"}],"about":[{"href":"https:\/\/wildgear.itc-gmbh.shop\/fr\/wp-json\/wp\/v2\/types\/product"}],"replies":[{"embeddable":true,"href":"https:\/\/wildgear.itc-gmbh.shop\/fr\/wp-json\/wp\/v2\/comments?post=10832"}],"wp:featuredmedia":[{"embeddable":true,"href":"https:\/\/wildgear.itc-gmbh.shop\/fr\/wp-json\/wp\/v2\/media\/10831"}],"wp:attachment":[{"href":"https:\/\/wildgear.itc-gmbh.shop\/fr\/wp-json\/wp\/v2\/media?parent=10832"}],"wp:term":[{"taxonomy":"product_brand","embeddable":true,"href":"https:\/\/wildgear.itc-gmbh.shop\/fr\/wp-json\/wp\/v2\/product_brand?post=10832"},{"taxonomy":"product_cat","embeddable":true,"href":"https:\/\/wildgear.itc-gmbh.shop\/fr\/wp-json\/wp\/v2\/product_cat?post=10832"},{"taxonomy":"product_tag","embeddable":true,"href":"https:\/\/wildgear.itc-gmbh.shop\/fr\/wp-json\/wp\/v2\/product_tag?post=10832"}],"curies":[{"name":"wp","href":"https:\/\/api.w.org\/{rel}","templated":true}]}}