{"id":10867,"date":"2024-05-27T02:53:47","date_gmt":"2024-05-27T02:53:47","guid":{"rendered":"https:\/\/outdoor.itc-gmbh.shop\/product\/taschenlampe-led-makita-dml186\/"},"modified":"2024-05-27T02:53:48","modified_gmt":"2024-05-27T02:53:48","slug":"taschenlampe-led-makita-dml186","status":"publish","type":"product","link":"https:\/\/wildgear.itc-gmbh.shop\/fr\/product\/taschenlampe-led-makita-dml186\/","title":{"rendered":"Taschenlampe LED Makita DML186"},"content":{"rendered":"<p>Si vous \u00eates passionn\u00e9 par <b>IT et \u00e9lectronique<\/b> Si vous voulez \u00eatre \u00e0 la pointe de la technologie et ne pas n\u00e9gliger les moindres d\u00e9tails, achetez <b>Taschenlampe LED Makita DML186<\/b>.<\/p>\n<ul>\n<li>Merkmale: LED Leicht<\/li>\n<li>couleur :\n<ul>\n<li>Noir<\/li>\n<li>t\u00fcrkis<\/li>\n<\/ul>\n<\/li>\n<li>mat\u00e9riel :\n<ul>\n<li>Plastique<\/li>\n<li>Metall\/Kunststoff<\/li>\n<\/ul>\n<\/li>\n<li>Tension : 18 V<\/li>\n<li>Type d'ampoule : LED<\/li>\n<li>Fonctionne avec des piles : Oui<\/li>\n<li>Ne sont pas fournis : Pile<\/li>\n<li>Stromquelle: AC\/DC-Strom<\/li>\n<\/ul>","protected":false},"excerpt":{"rendered":"<p>Wenn Sie sich leidenschaftlich mit IT und Elektronik besch\u00e4ftigen, mit der Technologie auf dem neuesten Stand sein wollen und nicht einmal die winzigsten Einzelheiten auslassen, kaufen Sie Taschenlampe LED Makita DML186. Merkmale: LED Leicht Farbe: Schwarz t\u00fcrkis Material: Kunststoff Metall\/Kunststoff Spannung: 18 V Gl\u00fchbirnen-Typ: LED Batteriebetrieben: Ja Nicht erhalten: Batterie Stromquelle: AC\/DC-Strom<\/p>","protected":false},"featured_media":10866,"comment_status":"open","ping_status":"closed","template":"","meta":{"inline_featured_image":false},"product_brand":[],"product_cat":[181,180,195],"product_tag":[193,194,177],"class_list":{"0":"post-10867","1":"product","2":"type-product","3":"status-publish","4":"has-post-thumbnail","6":"product_cat-camping-und-berge","7":"product_cat-sport-freizeit","8":"product_cat-taschenlampen","9":"product_tag-tag_25","10":"product_tag-tag_370","11":"product_tag-tag_3","13":"first","14":"outofstock","15":"taxable","16":"shipping-taxable","17":"purchasable","18":"product-type-simple"},"aioseo_notices":[],"jetpack_sharing_enabled":true,"_links":{"self":[{"href":"https:\/\/wildgear.itc-gmbh.shop\/fr\/wp-json\/wp\/v2\/product\/10867","targetHints":{"allow":["GET"]}}],"collection":[{"href":"https:\/\/wildgear.itc-gmbh.shop\/fr\/wp-json\/wp\/v2\/product"}],"about":[{"href":"https:\/\/wildgear.itc-gmbh.shop\/fr\/wp-json\/wp\/v2\/types\/product"}],"replies":[{"embeddable":true,"href":"https:\/\/wildgear.itc-gmbh.shop\/fr\/wp-json\/wp\/v2\/comments?post=10867"}],"wp:featuredmedia":[{"embeddable":true,"href":"https:\/\/wildgear.itc-gmbh.shop\/fr\/wp-json\/wp\/v2\/media\/10866"}],"wp:attachment":[{"href":"https:\/\/wildgear.itc-gmbh.shop\/fr\/wp-json\/wp\/v2\/media?parent=10867"}],"wp:term":[{"taxonomy":"product_brand","embeddable":true,"href":"https:\/\/wildgear.itc-gmbh.shop\/fr\/wp-json\/wp\/v2\/product_brand?post=10867"},{"taxonomy":"product_cat","embeddable":true,"href":"https:\/\/wildgear.itc-gmbh.shop\/fr\/wp-json\/wp\/v2\/product_cat?post=10867"},{"taxonomy":"product_tag","embeddable":true,"href":"https:\/\/wildgear.itc-gmbh.shop\/fr\/wp-json\/wp\/v2\/product_tag?post=10867"}],"curies":[{"name":"wp","href":"https:\/\/api.w.org\/{rel}","templated":true}]}}