{"id":10871,"date":"2024-05-27T02:53:50","date_gmt":"2024-05-27T02:53:50","guid":{"rendered":"https:\/\/outdoor.itc-gmbh.shop\/product\/taschenlampe-energizer-hdl20\/"},"modified":"2024-05-27T02:53:52","modified_gmt":"2024-05-27T02:53:52","slug":"taschenlampe-energizer-hdl20","status":"publish","type":"product","link":"https:\/\/wildgear.itc-gmbh.shop\/fr\/product\/taschenlampe-energizer-hdl20\/","title":{"rendered":"Taschenlampe Energizer HDL20"},"content":{"rendered":"<p>Si vous \u00eates \u00e0 la recherche de nouveaut\u00e9s tendance sur le march\u00e9, nous vous pr\u00e9sentons <b>Taschenlampe Energizer HDL20 <\/b>!<\/p>\n<ul>\n<li>Couleur : rouge<\/li>\n<li>Merkmale: LED<\/li>\n<li>Protection : IPX4<\/li>\n<li>Batteriebetrieben: 3 x AAA<\/li>\n<li>Piles incluses : Oui<\/li>\n<li>Ungef\u00e4hres Gewicht: 126 g<\/li>\n<\/ul>","protected":false},"excerpt":{"rendered":"<p>Wenn Sie auf der Suche nach trendigen Neuheiten auf dem Markt sind, pr\u00e4sentieren wir Ihnen Taschenlampe Energizer HDL20 ! Farbe: Rot Merkmale: LED Schutz: IPX4 Batteriebetrieben: 3 x AAA Inklusive Batterien: Ja Ungef\u00e4hres Gewicht: 126 g<\/p>","protected":false},"featured_media":10870,"comment_status":"open","ping_status":"closed","template":"","meta":{"inline_featured_image":false},"product_brand":[],"product_cat":[181,180,195],"product_tag":[193,194,177],"class_list":{"0":"post-10871","1":"product","2":"type-product","3":"status-publish","4":"has-post-thumbnail","6":"product_cat-camping-und-berge","7":"product_cat-sport-freizeit","8":"product_cat-taschenlampen","9":"product_tag-tag_25","10":"product_tag-tag_370","11":"product_tag-tag_3","13":"first","14":"outofstock","15":"taxable","16":"shipping-taxable","17":"purchasable","18":"product-type-simple"},"aioseo_notices":[],"jetpack_sharing_enabled":true,"_links":{"self":[{"href":"https:\/\/wildgear.itc-gmbh.shop\/fr\/wp-json\/wp\/v2\/product\/10871","targetHints":{"allow":["GET"]}}],"collection":[{"href":"https:\/\/wildgear.itc-gmbh.shop\/fr\/wp-json\/wp\/v2\/product"}],"about":[{"href":"https:\/\/wildgear.itc-gmbh.shop\/fr\/wp-json\/wp\/v2\/types\/product"}],"replies":[{"embeddable":true,"href":"https:\/\/wildgear.itc-gmbh.shop\/fr\/wp-json\/wp\/v2\/comments?post=10871"}],"wp:featuredmedia":[{"embeddable":true,"href":"https:\/\/wildgear.itc-gmbh.shop\/fr\/wp-json\/wp\/v2\/media\/10870"}],"wp:attachment":[{"href":"https:\/\/wildgear.itc-gmbh.shop\/fr\/wp-json\/wp\/v2\/media?parent=10871"}],"wp:term":[{"taxonomy":"product_brand","embeddable":true,"href":"https:\/\/wildgear.itc-gmbh.shop\/fr\/wp-json\/wp\/v2\/product_brand?post=10871"},{"taxonomy":"product_cat","embeddable":true,"href":"https:\/\/wildgear.itc-gmbh.shop\/fr\/wp-json\/wp\/v2\/product_cat?post=10871"},{"taxonomy":"product_tag","embeddable":true,"href":"https:\/\/wildgear.itc-gmbh.shop\/fr\/wp-json\/wp\/v2\/product_tag?post=10871"}],"curies":[{"name":"wp","href":"https:\/\/api.w.org\/{rel}","templated":true}]}}