{"id":10883,"date":"2024-05-27T02:54:00","date_gmt":"2024-05-27T02:54:00","guid":{"rendered":"https:\/\/outdoor.itc-gmbh.shop\/product\/taschenlampe-nitecore-nt-tiki-gitd-g-1-stuecke-300-lm\/"},"modified":"2024-05-27T02:54:04","modified_gmt":"2024-05-27T02:54:04","slug":"taschenlampe-nitecore-nt-tiki-gitd-g-1-stuecke-300-lm","status":"publish","type":"product","link":"https:\/\/wildgear.itc-gmbh.shop\/fr\/product\/taschenlampe-nitecore-nt-tiki-gitd-g-1-stuecke-300-lm\/","title":{"rendered":"Taschenlampe Nitecore NT-TIKI-GITD-G 1 St\u00fccke 300 Lm"},"content":{"rendered":"<p>Si vous \u00eates \u00e0 la recherche de nouveaut\u00e9s tendance sur le march\u00e9, nous vous pr\u00e9sentons <b>Taschenlampe Nitecore NT-TIKI-GITD-G 1 St\u00fccke 300 Lm<\/b>!<\/p>\n<ul>\n<li>couleur :\n<ul>\n<li>Blanc<\/li>\n<li>Gris<\/li>\n<\/ul>\n<\/li>\n<li>Material: Polycarbonat<\/li>\n<li>Caract\u00e9ristiques :\n<ul>\n<li>R\u00e9sistant \u00e0 l'eau<\/li>\n<li>LED-Anzeige<\/li>\n<\/ul>\n<\/li>\n<li>Lichttyp: Handlampe<\/li>\n<li>Anzahl der St\u00fccke: 1 St\u00fccke<\/li>\n<li>Farbtemperatur: 4500 K<\/li>\n<li>Ungef\u00e4hres Gewicht: 12 g<\/li>\n<li>Ungef\u00e4hre Reichweite:\n<ul>\n<li>40 Stunden<\/li>\n<li>0,3 Stunden<\/li>\n<\/ul>\n<\/li>\n<li>Lichtstrom: 300 Lm<\/li>\n<li>Batteriebetrieben: 1 Litio Ion, incluidas<\/li>\n<\/ul>","protected":false},"excerpt":{"rendered":"<p>Wenn Sie auf der Suche nach trendigen Neuheiten auf dem Markt sind, pr\u00e4sentieren wir Ihnen Taschenlampe Nitecore NT-TIKI-GITD-G 1 St\u00fccke 300 Lm! Farbe: Wei\u00df Grau Material: Polycarbonat Merkmale: Water resistant LED-Anzeige Lichttyp: Handlampe Anzahl der St\u00fccke: 1 St\u00fccke Farbtemperatur: 4500 K Ungef\u00e4hres Gewicht: 12 g Ungef\u00e4hre Reichweite: 40 Stunden 0,3 Stunden Lichtstrom: 300 Lm Batteriebetrieben: &hellip; <\/p>\n<p class=\"more-link-wrap\"><a href=\"https:\/\/wildgear.itc-gmbh.shop\/fr\/product\/taschenlampe-nitecore-nt-tiki-gitd-g-1-stuecke-300-lm\/\" class=\"more-link\"><span>Read More<span class=\"screen-reader-text\"> &#8220;Taschenlampe Nitecore NT-TIKI-GITD-G 1 St\u00fccke 300 Lm&#8221;<\/span><\/span><\/a><\/p>","protected":false},"featured_media":10882,"comment_status":"open","ping_status":"closed","template":"","meta":{"inline_featured_image":false},"product_brand":[],"product_cat":[181,180,195],"product_tag":[193,194,177],"class_list":{"0":"post-10883","1":"product","2":"type-product","3":"status-publish","4":"has-post-thumbnail","6":"product_cat-camping-und-berge","7":"product_cat-sport-freizeit","8":"product_cat-taschenlampen","9":"product_tag-tag_25","10":"product_tag-tag_370","11":"product_tag-tag_3","13":"first","14":"outofstock","15":"taxable","16":"shipping-taxable","17":"purchasable","18":"product-type-simple"},"aioseo_notices":[],"jetpack_sharing_enabled":true,"_links":{"self":[{"href":"https:\/\/wildgear.itc-gmbh.shop\/fr\/wp-json\/wp\/v2\/product\/10883","targetHints":{"allow":["GET"]}}],"collection":[{"href":"https:\/\/wildgear.itc-gmbh.shop\/fr\/wp-json\/wp\/v2\/product"}],"about":[{"href":"https:\/\/wildgear.itc-gmbh.shop\/fr\/wp-json\/wp\/v2\/types\/product"}],"replies":[{"embeddable":true,"href":"https:\/\/wildgear.itc-gmbh.shop\/fr\/wp-json\/wp\/v2\/comments?post=10883"}],"wp:featuredmedia":[{"embeddable":true,"href":"https:\/\/wildgear.itc-gmbh.shop\/fr\/wp-json\/wp\/v2\/media\/10882"}],"wp:attachment":[{"href":"https:\/\/wildgear.itc-gmbh.shop\/fr\/wp-json\/wp\/v2\/media?parent=10883"}],"wp:term":[{"taxonomy":"product_brand","embeddable":true,"href":"https:\/\/wildgear.itc-gmbh.shop\/fr\/wp-json\/wp\/v2\/product_brand?post=10883"},{"taxonomy":"product_cat","embeddable":true,"href":"https:\/\/wildgear.itc-gmbh.shop\/fr\/wp-json\/wp\/v2\/product_cat?post=10883"},{"taxonomy":"product_tag","embeddable":true,"href":"https:\/\/wildgear.itc-gmbh.shop\/fr\/wp-json\/wp\/v2\/product_tag?post=10883"}],"curies":[{"name":"wp","href":"https:\/\/api.w.org\/{rel}","templated":true}]}}