{"id":10901,"date":"2024-05-27T02:54:14","date_gmt":"2024-05-27T02:54:14","guid":{"rendered":"https:\/\/outdoor.itc-gmbh.shop\/product\/taschenlampe-nitecore-nt-nu25-400l-400-lm\/"},"modified":"2024-05-27T02:54:16","modified_gmt":"2024-05-27T02:54:16","slug":"taschenlampe-nitecore-nt-nu25-400l-400-lm","status":"publish","type":"product","link":"https:\/\/wildgear.itc-gmbh.shop\/fr\/product\/taschenlampe-nitecore-nt-nu25-400l-400-lm\/","title":{"rendered":"Taschenlampe Nitecore NT-NU25-400L 400 lm"},"content":{"rendered":"<p>Si vous \u00eates passionn\u00e9 par <b>IT et \u00e9lectronique<\/b> Si vous voulez \u00eatre \u00e0 la pointe de la technologie et ne pas n\u00e9gliger les moindres d\u00e9tails, achetez <b>Taschenlampe Nitecore NT-NU25-400L 400 lm<\/b>.<\/p>\n<ul>\n<li>Produit enfichable : oui<\/li>\n<li>Type de prise : Prise UE<\/li>\n<li>couleur :\n<ul>\n<li>Jaune<\/li>\n<li>Noir<\/li>\n<li>Rojo\/Blanco<\/li>\n<\/ul>\n<\/li>\n<li>Material: Polycarbonat<\/li>\n<li>Merkmale: Water resistant<\/li>\n<li>Kapazit\u00e4t der Batterie: 650 mAh<\/li>\n<li>Enthalten: USB<\/li>\n<li>Piles incluses : Oui<\/li>\n<li>Ungef\u00e4hre Reichweite:\n<ul>\n<li>45 Stunden<\/li>\n<li>2,4 Stunden<\/li>\n<\/ul>\n<\/li>\n<li>flux lumineux : 400 lm<\/li>\n<li>Source d'alimentation : batterie<\/li>\n<li>Type de batterie : Litio Ion<\/li>\n<\/ul>","protected":false},"excerpt":{"rendered":"<p>Wenn Sie sich leidenschaftlich mit IT und Elektronik besch\u00e4ftigen, mit der Technologie auf dem neuesten Stand sein wollen und nicht einmal die winzigsten Einzelheiten auslassen, kaufen Sie Taschenlampe Nitecore NT-NU25-400L 400 lm. Steckbares Produkt: Ja Steckertyp: EU-Stecker Farbe: Gelb Schwarz Rojo\/Blanco Material: Polycarbonat Merkmale: Water resistant Kapazit\u00e4t der Batterie: 650 mAh Enthalten: USB Inklusive Batterien: &hellip; <\/p>\n<p class=\"more-link-wrap\"><a href=\"https:\/\/wildgear.itc-gmbh.shop\/fr\/product\/taschenlampe-nitecore-nt-nu25-400l-400-lm\/\" class=\"more-link\"><span>Read More<span class=\"screen-reader-text\"> &#8220;Taschenlampe Nitecore NT-NU25-400L 400 lm&#8221;<\/span><\/span><\/a><\/p>","protected":false},"featured_media":10900,"comment_status":"open","ping_status":"closed","template":"","meta":{"inline_featured_image":false},"product_brand":[],"product_cat":[181,571,572,180,195],"product_tag":[193,194],"class_list":{"0":"post-10901","1":"product","2":"type-product","3":"status-publish","4":"has-post-thumbnail","6":"product_cat-camping-und-berge","7":"product_cat-heim-garten","8":"product_cat-heimwerkerbedarf-und-eisenwaren","9":"product_cat-sport-freizeit","10":"product_cat-taschenlampen","11":"product_tag-tag_25","12":"product_tag-tag_370","14":"first","15":"outofstock","16":"taxable","17":"shipping-taxable","18":"purchasable","19":"product-type-simple"},"aioseo_notices":[],"jetpack_sharing_enabled":true,"_links":{"self":[{"href":"https:\/\/wildgear.itc-gmbh.shop\/fr\/wp-json\/wp\/v2\/product\/10901","targetHints":{"allow":["GET"]}}],"collection":[{"href":"https:\/\/wildgear.itc-gmbh.shop\/fr\/wp-json\/wp\/v2\/product"}],"about":[{"href":"https:\/\/wildgear.itc-gmbh.shop\/fr\/wp-json\/wp\/v2\/types\/product"}],"replies":[{"embeddable":true,"href":"https:\/\/wildgear.itc-gmbh.shop\/fr\/wp-json\/wp\/v2\/comments?post=10901"}],"wp:featuredmedia":[{"embeddable":true,"href":"https:\/\/wildgear.itc-gmbh.shop\/fr\/wp-json\/wp\/v2\/media\/10900"}],"wp:attachment":[{"href":"https:\/\/wildgear.itc-gmbh.shop\/fr\/wp-json\/wp\/v2\/media?parent=10901"}],"wp:term":[{"taxonomy":"product_brand","embeddable":true,"href":"https:\/\/wildgear.itc-gmbh.shop\/fr\/wp-json\/wp\/v2\/product_brand?post=10901"},{"taxonomy":"product_cat","embeddable":true,"href":"https:\/\/wildgear.itc-gmbh.shop\/fr\/wp-json\/wp\/v2\/product_cat?post=10901"},{"taxonomy":"product_tag","embeddable":true,"href":"https:\/\/wildgear.itc-gmbh.shop\/fr\/wp-json\/wp\/v2\/product_tag?post=10901"}],"curies":[{"name":"wp","href":"https:\/\/api.w.org\/{rel}","templated":true}]}}