{"id":11079,"date":"2024-05-27T02:56:43","date_gmt":"2024-05-27T02:56:43","guid":{"rendered":"https:\/\/outdoor.itc-gmbh.shop\/product\/taschenlampe-led-aktive-24-stueck\/"},"modified":"2024-05-27T02:56:46","modified_gmt":"2024-05-27T02:56:46","slug":"taschenlampe-led-aktive-24-stueck","status":"publish","type":"product","link":"https:\/\/wildgear.itc-gmbh.shop\/fr\/product\/taschenlampe-led-aktive-24-stueck\/","title":{"rendered":"Taschenlampe LED Aktive (24 St\u00fcck)"},"content":{"rendered":"<p>Si vous \u00eates \u00e0 la recherche de nouveaut\u00e9s tendance sur le march\u00e9, nous vous pr\u00e9sentons <b>Taschenlampe LED Aktive (24 St\u00fcck)<\/b>!<\/p>\n<ul>\n<li>Art: Taschenlampe LED<\/li>\n<li>Nombre de piles : 3<\/li>\n<li>Fonctionne avec des piles : Oui<\/li>\n<li>Mat\u00e9riau : plastique<\/li>\n<li>Funktionen: Licht<\/li>\n<li>pi\u00e8ces : 24 pi\u00e8ces<\/li>\n<li>Piles incluses : Oui<\/li>\n<li>Type de pile : AAA<\/li>\n<li>Ma\u00dfe ca.: 3 x 10,5 x 3 cm<\/li>\n<\/ul>","protected":false},"excerpt":{"rendered":"<p>Wenn Sie auf der Suche nach trendigen Neuheiten auf dem Markt sind, pr\u00e4sentieren wir Ihnen Taschenlampe LED Aktive (24 St\u00fcck)! Art: Taschenlampe LED Anzahl der Batterien: 3 Batteriebetrieben: Ja Material: Kunststoff Funktionen: Licht St\u00fcck: 24 St\u00fcck Inklusive Batterien: Ja Batterie-Typ: AAA Ma\u00dfe ca.: 3 x 10,5 x 3 cm<\/p>","protected":false},"featured_media":11078,"comment_status":"open","ping_status":"closed","template":"","meta":{"inline_featured_image":false},"product_brand":[],"product_cat":[181,180,195],"product_tag":[193,194,177],"class_list":{"0":"post-11079","1":"product","2":"type-product","3":"status-publish","4":"has-post-thumbnail","6":"product_cat-camping-und-berge","7":"product_cat-sport-freizeit","8":"product_cat-taschenlampen","9":"product_tag-tag_25","10":"product_tag-tag_370","11":"product_tag-tag_3","13":"first","14":"instock","15":"taxable","16":"shipping-taxable","17":"purchasable","18":"product-type-simple"},"aioseo_notices":[],"jetpack_sharing_enabled":true,"_links":{"self":[{"href":"https:\/\/wildgear.itc-gmbh.shop\/fr\/wp-json\/wp\/v2\/product\/11079","targetHints":{"allow":["GET"]}}],"collection":[{"href":"https:\/\/wildgear.itc-gmbh.shop\/fr\/wp-json\/wp\/v2\/product"}],"about":[{"href":"https:\/\/wildgear.itc-gmbh.shop\/fr\/wp-json\/wp\/v2\/types\/product"}],"replies":[{"embeddable":true,"href":"https:\/\/wildgear.itc-gmbh.shop\/fr\/wp-json\/wp\/v2\/comments?post=11079"}],"wp:featuredmedia":[{"embeddable":true,"href":"https:\/\/wildgear.itc-gmbh.shop\/fr\/wp-json\/wp\/v2\/media\/11078"}],"wp:attachment":[{"href":"https:\/\/wildgear.itc-gmbh.shop\/fr\/wp-json\/wp\/v2\/media?parent=11079"}],"wp:term":[{"taxonomy":"product_brand","embeddable":true,"href":"https:\/\/wildgear.itc-gmbh.shop\/fr\/wp-json\/wp\/v2\/product_brand?post=11079"},{"taxonomy":"product_cat","embeddable":true,"href":"https:\/\/wildgear.itc-gmbh.shop\/fr\/wp-json\/wp\/v2\/product_cat?post=11079"},{"taxonomy":"product_tag","embeddable":true,"href":"https:\/\/wildgear.itc-gmbh.shop\/fr\/wp-json\/wp\/v2\/product_tag?post=11079"}],"curies":[{"name":"wp","href":"https:\/\/api.w.org\/{rel}","templated":true}]}}