{"id":11177,"date":"2024-05-27T02:58:07","date_gmt":"2024-05-27T02:58:07","guid":{"rendered":"https:\/\/outdoor.itc-gmbh.shop\/product\/guerteltasche-john-smith-b-22218-einheitsgroesse-blau\/"},"modified":"2024-05-27T02:58:08","modified_gmt":"2024-05-27T02:58:08","slug":"guerteltasche-john-smith-b-22218-einheitsgroesse-blau","status":"publish","type":"product","link":"https:\/\/wildgear.itc-gmbh.shop\/fr\/product\/guerteltasche-john-smith-b-22218-einheitsgroesse-blau\/","title":{"rendered":"G\u00fcrteltasche John Smith B-22218 Einheitsgr\u00f6\u00dfe Blau"},"content":{"rendered":"<p>Si vous souhaitez renouveler votre garde-robe, nous vous recommandons de <b>G\u00fcrteltasche John Smith B-22218 Einheitsgr\u00f6\u00dfe Blau<\/b> et d'autres <b> Produkte von John Smith<\/b>! Maintenant pour vous la meilleure qualit\u00e9 au meilleur prix !<\/p>\n<ul>\n<li>Taille : Taille unique<\/li>\n<li>Art: G\u00fcrteltasche<\/li>\n<li>Couleur : Bleu<\/li>\n<li>Sexe : Femme<\/li>\n<li>\u00c2ge recommand\u00e9 : Adulte<\/li>\n<li>Mat\u00e9riau : plastique<\/li>\n<\/ul>","protected":false},"excerpt":{"rendered":"<p>Wenn Sie Ihren Kleiderschrank erneuern m\u00f6chten, empfehlen wir Ihnen G\u00fcrteltasche John Smith B-22218 Einheitsgr\u00f6\u00dfe Blau und weitere Produkte von John Smith! Jetzt f\u00fcr Sie die beste Qualit\u00e4t zum besten Preis! Gr\u00f6\u00dfe: Einheitsgr\u00f6\u00dfe Art: G\u00fcrteltasche Farbe: Blau Geschlecht: Damen Empfohlenes Alter: Erwachsene Material: Kunststoff<\/p>","protected":false},"featured_media":11176,"comment_status":"open","ping_status":"closed","template":"","meta":{"inline_featured_image":false},"product_brand":[],"product_cat":[181,205,180],"product_tag":[177,178],"class_list":{"0":"post-11177","1":"product","2":"type-product","3":"status-publish","4":"has-post-thumbnail","6":"product_cat-camping-und-berge","7":"product_cat-rucksacke-und-taschen","8":"product_cat-sport-freizeit","9":"product_tag-tag_3","10":"product_tag-tag_17","12":"first","13":"outofstock","14":"taxable","15":"shipping-taxable","16":"purchasable","17":"product-type-simple"},"aioseo_notices":[],"jetpack_sharing_enabled":true,"_links":{"self":[{"href":"https:\/\/wildgear.itc-gmbh.shop\/fr\/wp-json\/wp\/v2\/product\/11177","targetHints":{"allow":["GET"]}}],"collection":[{"href":"https:\/\/wildgear.itc-gmbh.shop\/fr\/wp-json\/wp\/v2\/product"}],"about":[{"href":"https:\/\/wildgear.itc-gmbh.shop\/fr\/wp-json\/wp\/v2\/types\/product"}],"replies":[{"embeddable":true,"href":"https:\/\/wildgear.itc-gmbh.shop\/fr\/wp-json\/wp\/v2\/comments?post=11177"}],"wp:featuredmedia":[{"embeddable":true,"href":"https:\/\/wildgear.itc-gmbh.shop\/fr\/wp-json\/wp\/v2\/media\/11176"}],"wp:attachment":[{"href":"https:\/\/wildgear.itc-gmbh.shop\/fr\/wp-json\/wp\/v2\/media?parent=11177"}],"wp:term":[{"taxonomy":"product_brand","embeddable":true,"href":"https:\/\/wildgear.itc-gmbh.shop\/fr\/wp-json\/wp\/v2\/product_brand?post=11177"},{"taxonomy":"product_cat","embeddable":true,"href":"https:\/\/wildgear.itc-gmbh.shop\/fr\/wp-json\/wp\/v2\/product_cat?post=11177"},{"taxonomy":"product_tag","embeddable":true,"href":"https:\/\/wildgear.itc-gmbh.shop\/fr\/wp-json\/wp\/v2\/product_tag?post=11177"}],"curies":[{"name":"wp","href":"https:\/\/api.w.org\/{rel}","templated":true}]}}