{"id":12042,"date":"2024-05-27T03:11:30","date_gmt":"2024-05-27T03:11:30","guid":{"rendered":"https:\/\/outdoor.itc-gmbh.shop\/product\/kuehl-rucksack-colorbaby-80790-grau-15-l-26-x-20-x-39-cm-26-x-20-x-35-cm\/"},"modified":"2024-05-27T03:11:34","modified_gmt":"2024-05-27T03:11:34","slug":"kuehl-rucksack-colorbaby-80790-grau-15-l-26-x-20-x-39-cm-26-x-20-x-35-cm","status":"publish","type":"product","link":"https:\/\/wildgear.itc-gmbh.shop\/fr\/product\/kuehl-rucksack-colorbaby-80790-grau-15-l-26-x-20-x-39-cm-26-x-20-x-35-cm\/","title":{"rendered":"K\u00fchl-Rucksack Colorbaby 80790 Grau 15 L 26 x 20 x 39 cm (26 x 20 x 35 cm)"},"content":{"rendered":"<p>Si vous \u00eates \u00e0 la recherche de nouveaut\u00e9s tendance sur le march\u00e9, nous vous pr\u00e9sentons <b>K\u00fchl-Rucksack Colorbaby 80790 Grau 15 L 26 x 20 x 39 cm (26 x 20 x 35 cm)<\/b>!<\/p>\n<ul>\n<li>Caract\u00e9ristiques :\n<ul>\n<li>2 F\u00e4cher<\/li>\n<li>Rei\u00dfverschlusshalter<\/li>\n<li>Isolation thermique<\/li>\n<\/ul>\n<\/li>\n<li>Ma\u00dfe ca.:\n<ul>\n<li>26 x 20 x 35 cm<\/li>\n<li>26 x 20 x 39 cm<\/li>\n<\/ul>\n<\/li>\n<li>Couleur : Gris<\/li>\n<li>Material: Poly\u00e4thylen<\/li>\n<li>Kapazit\u00e4t: 15 L<\/li>\n<li>Informations importantes :\n<ul>\n<li>L'image peut ne pas montrer tous les mod\u00e8les assortis disponibles.<\/li>\n<li>Diff\u00e9rents designs disponibles. Envoi al\u00e9atoire et en fonction des stocks<\/li>\n<\/ul>\n<\/li>\n<li>Pi\u00e8ces : 1 pi\u00e8ce<\/li>\n<li>\u00c2ge recommand\u00e9 : + 3 ans<\/li>\n<\/ul>","protected":false},"excerpt":{"rendered":"<p>Wenn Sie auf der Suche nach trendigen Neuheiten auf dem Markt sind, pr\u00e4sentieren wir Ihnen K\u00fchl-Rucksack Colorbaby 80790 Grau 15 L 26 x 20 x 39 cm (26 x 20 x 35 cm)! Merkmale: 2 F\u00e4cher Rei\u00dfverschlusshalter Thermische Isolierung Ma\u00dfe ca.: 26 x 20 x 35 cm 26 x 20 x 39 cm Farbe: Grau &hellip; <\/p>\n<p class=\"more-link-wrap\"><a href=\"https:\/\/wildgear.itc-gmbh.shop\/fr\/product\/kuehl-rucksack-colorbaby-80790-grau-15-l-26-x-20-x-39-cm-26-x-20-x-35-cm\/\" class=\"more-link\"><span>Read More<span class=\"screen-reader-text\"> &#8220;K\u00fchl-Rucksack Colorbaby 80790 Grau 15 L 26 x 20 x 39 cm (26 x 20 x 35 cm)&#8221;<\/span><\/span><\/a><\/p>","protected":false},"featured_media":12041,"comment_status":"open","ping_status":"closed","template":"","meta":{"inline_featured_image":false},"product_brand":[],"product_cat":[181,180,654],"product_tag":[177,187],"class_list":{"0":"post-12042","1":"product","2":"type-product","3":"status-publish","4":"has-post-thumbnail","6":"product_cat-camping-und-berge","7":"product_cat-sport-freizeit","8":"product_cat-tragbare-kuhlboxen","9":"product_tag-tag_3","10":"product_tag-tag_124","12":"first","13":"outofstock","14":"taxable","15":"shipping-taxable","16":"purchasable","17":"product-type-simple"},"aioseo_notices":[],"jetpack_sharing_enabled":true,"_links":{"self":[{"href":"https:\/\/wildgear.itc-gmbh.shop\/fr\/wp-json\/wp\/v2\/product\/12042","targetHints":{"allow":["GET"]}}],"collection":[{"href":"https:\/\/wildgear.itc-gmbh.shop\/fr\/wp-json\/wp\/v2\/product"}],"about":[{"href":"https:\/\/wildgear.itc-gmbh.shop\/fr\/wp-json\/wp\/v2\/types\/product"}],"replies":[{"embeddable":true,"href":"https:\/\/wildgear.itc-gmbh.shop\/fr\/wp-json\/wp\/v2\/comments?post=12042"}],"wp:featuredmedia":[{"embeddable":true,"href":"https:\/\/wildgear.itc-gmbh.shop\/fr\/wp-json\/wp\/v2\/media\/12041"}],"wp:attachment":[{"href":"https:\/\/wildgear.itc-gmbh.shop\/fr\/wp-json\/wp\/v2\/media?parent=12042"}],"wp:term":[{"taxonomy":"product_brand","embeddable":true,"href":"https:\/\/wildgear.itc-gmbh.shop\/fr\/wp-json\/wp\/v2\/product_brand?post=12042"},{"taxonomy":"product_cat","embeddable":true,"href":"https:\/\/wildgear.itc-gmbh.shop\/fr\/wp-json\/wp\/v2\/product_cat?post=12042"},{"taxonomy":"product_tag","embeddable":true,"href":"https:\/\/wildgear.itc-gmbh.shop\/fr\/wp-json\/wp\/v2\/product_tag?post=12042"}],"curies":[{"name":"wp","href":"https:\/\/api.w.org\/{rel}","templated":true}]}}