{"id":12167,"date":"2024-05-27T03:13:28","date_gmt":"2024-05-27T03:13:28","guid":{"rendered":"https:\/\/outdoor.itc-gmbh.shop\/product\/lunchbox-peppa-pig-cosy-corner-sack-hellblau-20-x-25-cm\/"},"modified":"2024-05-27T03:13:29","modified_gmt":"2024-05-27T03:13:29","slug":"lunchbox-peppa-pig-cosy-corner-sack-hellblau-20-x-25-cm","status":"publish","type":"product","link":"https:\/\/wildgear.itc-gmbh.shop\/fr\/product\/lunchbox-peppa-pig-cosy-corner-sack-hellblau-20-x-25-cm\/","title":{"rendered":"Lunchbox Peppa Pig Cosy corner Sack Hellblau (20 x 25 cm)"},"content":{"rendered":"<p>Si vous accordez de l'importance aux d\u00e9tails dans l'am\u00e9nagement de votre maison et que vous souhaitez \u00eatre \u00e0 la pointe des produits qui vous facilitent la vie, alors achetez <b>Lunchbox Peppa Pig Cosy corner Sack Hellblau (20 x 25 cm)<\/b> au meilleur prix.<\/p>\n<ul>\n<li>Art: Sack<\/li>\n<li>Ma\u00dfe ca.: 20 x 25 cm<\/li>\n<li>Couleur : Bleu<\/li>\n<li>Design : Pr\u00e9scolaire<\/li>\n<li>Mat\u00e9riau : polyester 300D<\/li>\n<li>Verschluss Armband: Schnur<\/li>\n<\/ul>","protected":false},"excerpt":{"rendered":"<p>Wenn Sie bei der Einrichtung ihres Heims Wert auf Details legen und bei Produkten, die Ihnen das Leben leichter machen, auf dem letzten Stand sein m\u00f6chten, dann kaufen Sie Lunchbox Peppa Pig Cosy corner Sack Hellblau (20 x 25 cm) zum besten Preis. Art: Sack Ma\u00dfe ca.: 20 x 25 cm Farbe: Blau Design: Vorschule &hellip; <\/p>\n<p class=\"more-link-wrap\"><a href=\"https:\/\/wildgear.itc-gmbh.shop\/fr\/product\/lunchbox-peppa-pig-cosy-corner-sack-hellblau-20-x-25-cm\/\" class=\"more-link\"><span>Read More<span class=\"screen-reader-text\"> &#8220;Lunchbox Peppa Pig Cosy corner Sack Hellblau (20 x 25 cm)&#8221;<\/span><\/span><\/a><\/p>","protected":false},"featured_media":12166,"comment_status":"open","ping_status":"closed","template":"","meta":{"inline_featured_image":false},"product_brand":[],"product_cat":[181,180,654],"product_tag":[209,213,219,218,177,478,208],"class_list":{"0":"post-12167","1":"product","2":"type-product","3":"status-publish","4":"has-post-thumbnail","6":"product_cat-camping-und-berge","7":"product_cat-sport-freizeit","8":"product_cat-tragbare-kuhlboxen","9":"product_tag-tag_768","10":"product_tag-tag_69","11":"product_tag-tag_664","12":"product_tag-tag_36","13":"product_tag-tag_3","14":"product_tag-tag_71","15":"product_tag-tag_650","17":"first","18":"outofstock","19":"taxable","20":"shipping-taxable","21":"purchasable","22":"product-type-simple"},"aioseo_notices":[],"jetpack_sharing_enabled":true,"_links":{"self":[{"href":"https:\/\/wildgear.itc-gmbh.shop\/fr\/wp-json\/wp\/v2\/product\/12167","targetHints":{"allow":["GET"]}}],"collection":[{"href":"https:\/\/wildgear.itc-gmbh.shop\/fr\/wp-json\/wp\/v2\/product"}],"about":[{"href":"https:\/\/wildgear.itc-gmbh.shop\/fr\/wp-json\/wp\/v2\/types\/product"}],"replies":[{"embeddable":true,"href":"https:\/\/wildgear.itc-gmbh.shop\/fr\/wp-json\/wp\/v2\/comments?post=12167"}],"wp:featuredmedia":[{"embeddable":true,"href":"https:\/\/wildgear.itc-gmbh.shop\/fr\/wp-json\/wp\/v2\/media\/12166"}],"wp:attachment":[{"href":"https:\/\/wildgear.itc-gmbh.shop\/fr\/wp-json\/wp\/v2\/media?parent=12167"}],"wp:term":[{"taxonomy":"product_brand","embeddable":true,"href":"https:\/\/wildgear.itc-gmbh.shop\/fr\/wp-json\/wp\/v2\/product_brand?post=12167"},{"taxonomy":"product_cat","embeddable":true,"href":"https:\/\/wildgear.itc-gmbh.shop\/fr\/wp-json\/wp\/v2\/product_cat?post=12167"},{"taxonomy":"product_tag","embeddable":true,"href":"https:\/\/wildgear.itc-gmbh.shop\/fr\/wp-json\/wp\/v2\/product_tag?post=12167"}],"curies":[{"name":"wp","href":"https:\/\/api.w.org\/{rel}","templated":true}]}}