{"id":12539,"date":"2024-05-27T03:19:08","date_gmt":"2024-05-27T03:19:08","guid":{"rendered":"https:\/\/outdoor.itc-gmbh.shop\/product\/kaeltespeicher-kiwi-250-ml-175-x-15-x-175-cm-24-stueck\/"},"modified":"2024-05-27T03:19:10","modified_gmt":"2024-05-27T03:19:10","slug":"kaeltespeicher-kiwi-250-ml-175-x-15-x-175-cm-24-stueck","status":"publish","type":"product","link":"https:\/\/wildgear.itc-gmbh.shop\/fr\/product\/kaeltespeicher-kiwi-250-ml-175-x-15-x-175-cm-24-stueck\/","title":{"rendered":"K\u00e4ltespeicher Kiwi 250 ml 17,5 x 1,5 x 17,5 cm (24 St\u00fcck)"},"content":{"rendered":"<p>Si vous accordez de l'importance aux d\u00e9tails dans l'am\u00e9nagement de votre maison et que vous souhaitez \u00eatre \u00e0 la pointe des produits qui vous facilitent la vie, alors achetez <b>K\u00e4ltespeicher Kiwi 250 ml 17,5 x 1,5 x 17,5 cm (24 St\u00fcck)<\/b> au meilleur prix.<\/p>\n<ul>\n<li>Type : Cuisine<\/li>\n<li>Design: Kiwi<\/li>\n<li>couleur : vert<\/li>\n<li>Mat\u00e9riau : plastique<\/li>\n<li>pi\u00e8ces : 24 pi\u00e8ces<\/li>\n<li>Capacit\u00e9 : 250 ml<\/li>\n<li>Dimensions approximatives : 17,5 x 1,5 x 17,5 cm<\/li>\n<\/ul>","protected":false},"excerpt":{"rendered":"<p>Wenn Sie bei der Einrichtung ihres Heims Wert auf Details legen und bei Produkten, die Ihnen das Leben leichter machen, auf dem letzten Stand sein m\u00f6chten, dann kaufen Sie K\u00e4ltespeicher Kiwi 250 ml 17,5 x 1,5 x 17,5 cm (24 St\u00fcck) zum besten Preis. Art: K\u00fcche Design: Kiwi Farbe: gr\u00fcn Material: Kunststoff St\u00fcck: 24 St\u00fcck &hellip; <\/p>\n<p class=\"more-link-wrap\"><a href=\"https:\/\/wildgear.itc-gmbh.shop\/fr\/product\/kaeltespeicher-kiwi-250-ml-175-x-15-x-175-cm-24-stueck\/\" class=\"more-link\"><span>Read More<span class=\"screen-reader-text\"> &#8220;K\u00e4ltespeicher Kiwi 250 ml 17,5 x 1,5 x 17,5 cm (24 St\u00fcck)&#8221;<\/span><\/span><\/a><\/p>","protected":false},"featured_media":12538,"comment_status":"open","ping_status":"closed","template":"","meta":{"inline_featured_image":false},"product_brand":[],"product_cat":[181,180,654],"product_tag":[193],"class_list":{"0":"post-12539","1":"product","2":"type-product","3":"status-publish","4":"has-post-thumbnail","6":"product_cat-camping-und-berge","7":"product_cat-sport-freizeit","8":"product_cat-tragbare-kuhlboxen","9":"product_tag-tag_25","11":"first","12":"instock","13":"taxable","14":"shipping-taxable","15":"purchasable","16":"product-type-simple"},"aioseo_notices":[],"jetpack_sharing_enabled":true,"_links":{"self":[{"href":"https:\/\/wildgear.itc-gmbh.shop\/fr\/wp-json\/wp\/v2\/product\/12539","targetHints":{"allow":["GET"]}}],"collection":[{"href":"https:\/\/wildgear.itc-gmbh.shop\/fr\/wp-json\/wp\/v2\/product"}],"about":[{"href":"https:\/\/wildgear.itc-gmbh.shop\/fr\/wp-json\/wp\/v2\/types\/product"}],"replies":[{"embeddable":true,"href":"https:\/\/wildgear.itc-gmbh.shop\/fr\/wp-json\/wp\/v2\/comments?post=12539"}],"wp:featuredmedia":[{"embeddable":true,"href":"https:\/\/wildgear.itc-gmbh.shop\/fr\/wp-json\/wp\/v2\/media\/12538"}],"wp:attachment":[{"href":"https:\/\/wildgear.itc-gmbh.shop\/fr\/wp-json\/wp\/v2\/media?parent=12539"}],"wp:term":[{"taxonomy":"product_brand","embeddable":true,"href":"https:\/\/wildgear.itc-gmbh.shop\/fr\/wp-json\/wp\/v2\/product_brand?post=12539"},{"taxonomy":"product_cat","embeddable":true,"href":"https:\/\/wildgear.itc-gmbh.shop\/fr\/wp-json\/wp\/v2\/product_cat?post=12539"},{"taxonomy":"product_tag","embeddable":true,"href":"https:\/\/wildgear.itc-gmbh.shop\/fr\/wp-json\/wp\/v2\/product_tag?post=12539"}],"curies":[{"name":"wp","href":"https:\/\/api.w.org\/{rel}","templated":true}]}}