{"id":12585,"date":"2024-05-27T03:19:48","date_gmt":"2024-05-27T03:19:48","guid":{"rendered":"https:\/\/outdoor.itc-gmbh.shop\/product\/kuehltasche-quid-sugar-lunchbox-grau-23-x-15-x-15-cm\/"},"modified":"2024-05-27T03:19:55","modified_gmt":"2024-05-27T03:19:55","slug":"kuehltasche-quid-sugar-lunchbox-grau-23-x-15-x-15-cm","status":"publish","type":"product","link":"https:\/\/wildgear.itc-gmbh.shop\/fr\/product\/kuehltasche-quid-sugar-lunchbox-grau-23-x-15-x-15-cm\/","title":{"rendered":"K\u00fchltasche Quid Sugar Lunchbox Grau 23 x 15 x 15 cm"},"content":{"rendered":"<p>Si vous accordez de l'importance aux d\u00e9tails dans l'am\u00e9nagement de votre maison et que vous souhaitez \u00eatre \u00e0 la pointe des produits qui vous facilitent la vie, alors achetez <b>K\u00fchltasche Quid Sugar Lunchbox Grau 23 x 15 x 15 cm<\/b> au meilleur prix.<\/p>\n<ul>\n<li>Art :\n<ul>\n<li>Portable<\/li>\n<li>Bo\u00eete \u00e0 lunch<\/li>\n<\/ul>\n<\/li>\n<li>Couleur : Gris<\/li>\n<li>Caract\u00e9ristiques :\n<ul>\n<li>Mit Griffen<\/li>\n<li>nettoyer avec un chiffon humide<\/li>\n<\/ul>\n<\/li>\n<li>Fermeture du bracelet : fermeture \u00e9clair<\/li>\n<li>Ma\u00dfe ca.: 23 x 15 x 15 cm<\/li>\n<\/ul>","protected":false},"excerpt":{"rendered":"<p>Wenn Sie bei der Einrichtung ihres Heims Wert auf Details legen und bei Produkten, die Ihnen das Leben leichter machen, auf dem letzten Stand sein m\u00f6chten, dann kaufen Sie K\u00fchltasche Quid Sugar Lunchbox Grau 23 x 15 x 15 cm zum besten Preis. Art: Tragbar Lunchbox Farbe: Grau Merkmale: Mit Griffen Mit einem nassen Tuch &hellip; <\/p>\n<p class=\"more-link-wrap\"><a href=\"https:\/\/wildgear.itc-gmbh.shop\/fr\/product\/kuehltasche-quid-sugar-lunchbox-grau-23-x-15-x-15-cm\/\" class=\"more-link\"><span>Read More<span class=\"screen-reader-text\"> &#8220;K\u00fchltasche Quid Sugar Lunchbox Grau 23 x 15 x 15 cm&#8221;<\/span><\/span><\/a><\/p>","protected":false},"featured_media":12584,"comment_status":"open","ping_status":"closed","template":"","meta":{"inline_featured_image":false},"product_brand":[],"product_cat":[181,180,654],"product_tag":[213,177,208],"class_list":{"0":"post-12585","1":"product","2":"type-product","3":"status-publish","4":"has-post-thumbnail","6":"product_cat-camping-und-berge","7":"product_cat-sport-freizeit","8":"product_cat-tragbare-kuhlboxen","9":"product_tag-tag_69","10":"product_tag-tag_3","11":"product_tag-tag_650","13":"first","14":"outofstock","15":"taxable","16":"shipping-taxable","17":"purchasable","18":"product-type-simple"},"aioseo_notices":[],"jetpack_sharing_enabled":true,"_links":{"self":[{"href":"https:\/\/wildgear.itc-gmbh.shop\/fr\/wp-json\/wp\/v2\/product\/12585","targetHints":{"allow":["GET"]}}],"collection":[{"href":"https:\/\/wildgear.itc-gmbh.shop\/fr\/wp-json\/wp\/v2\/product"}],"about":[{"href":"https:\/\/wildgear.itc-gmbh.shop\/fr\/wp-json\/wp\/v2\/types\/product"}],"replies":[{"embeddable":true,"href":"https:\/\/wildgear.itc-gmbh.shop\/fr\/wp-json\/wp\/v2\/comments?post=12585"}],"wp:featuredmedia":[{"embeddable":true,"href":"https:\/\/wildgear.itc-gmbh.shop\/fr\/wp-json\/wp\/v2\/media\/12584"}],"wp:attachment":[{"href":"https:\/\/wildgear.itc-gmbh.shop\/fr\/wp-json\/wp\/v2\/media?parent=12585"}],"wp:term":[{"taxonomy":"product_brand","embeddable":true,"href":"https:\/\/wildgear.itc-gmbh.shop\/fr\/wp-json\/wp\/v2\/product_brand?post=12585"},{"taxonomy":"product_cat","embeddable":true,"href":"https:\/\/wildgear.itc-gmbh.shop\/fr\/wp-json\/wp\/v2\/product_cat?post=12585"},{"taxonomy":"product_tag","embeddable":true,"href":"https:\/\/wildgear.itc-gmbh.shop\/fr\/wp-json\/wp\/v2\/product_tag?post=12585"}],"curies":[{"name":"wp","href":"https:\/\/api.w.org\/{rel}","templated":true}]}}