{"id":12771,"date":"2024-05-27T03:22:41","date_gmt":"2024-05-27T03:22:41","guid":{"rendered":"https:\/\/outdoor.itc-gmbh.shop\/product\/thermo-vesperbox-safta-schnecke-tuerkis-19-x-22-x-14-cm\/"},"modified":"2024-05-27T03:22:44","modified_gmt":"2024-05-27T03:22:44","slug":"thermo-vesperbox-safta-schnecke-tuerkis-19-x-22-x-14-cm","status":"publish","type":"product","link":"https:\/\/wildgear.itc-gmbh.shop\/fr\/product\/thermo-vesperbox-safta-schnecke-tuerkis-19-x-22-x-14-cm\/","title":{"rendered":"Thermo-Vesperbox Safta Schnecke t\u00fcrkis 19 x 22 x 14 cm"},"content":{"rendered":"<p>Si vous accordez de l'importance aux d\u00e9tails dans l'am\u00e9nagement de votre maison et que vous souhaitez \u00eatre \u00e0 la pointe des produits qui vous facilitent la vie, alors achetez <b>Thermo-Vesperbox Safta Schnecke t\u00fcrkis 19 x 22 x 14 cm<\/b> au meilleur prix.<\/p>\n<ul>\n<li>Art :\n<ul>\n<li>Bo\u00eete \u00e0 lunch<\/li>\n<li>Schulisch<\/li>\n<\/ul>\n<\/li>\n<li>Fermeture du bracelet : fermeture \u00e9clair<\/li>\n<li>Design: Schnecke<\/li>\n<li>couleur : turquoise<\/li>\n<li>Caract\u00e9ristiques :\n<ul>\n<li>Rev\u00eatement thermique<\/li>\n<li>Facile \u00e0 nettoyer<\/li>\n<li>Avec poign\u00e9e sup\u00e9rieure<\/li>\n<\/ul>\n<\/li>\n<li>Mat\u00e9riau : polyur\u00e9thane<\/li>\n<li>Dimensions approximatives : 19 x 22 x 14 cm<\/li>\n<\/ul>","protected":false},"excerpt":{"rendered":"<p>Wenn Sie bei der Einrichtung ihres Heims Wert auf Details legen und bei Produkten, die Ihnen das Leben leichter machen, auf dem letzten Stand sein m\u00f6chten, dann kaufen Sie Thermo-Vesperbox Safta Schnecke t\u00fcrkis 19 x 22 x 14 cm zum besten Preis. Art: Lunchbox Schulisch Verschluss Armband: Rei\u00dfverschluss Design: Schnecke Farbe: t\u00fcrkis Merkmale: Thermische Auskleidung &hellip; <\/p>\n<p class=\"more-link-wrap\"><a href=\"https:\/\/wildgear.itc-gmbh.shop\/fr\/product\/thermo-vesperbox-safta-schnecke-tuerkis-19-x-22-x-14-cm\/\" class=\"more-link\"><span>Read More<span class=\"screen-reader-text\"> &#8220;Thermo-Vesperbox Safta Schnecke t\u00fcrkis 19 x 22 x 14 cm&#8221;<\/span><\/span><\/a><\/p>","protected":false},"featured_media":12770,"comment_status":"open","ping_status":"closed","template":"","meta":{"inline_featured_image":false},"product_brand":[],"product_cat":[181,180,654],"product_tag":[213,177,208],"class_list":{"0":"post-12771","1":"product","2":"type-product","3":"status-publish","4":"has-post-thumbnail","6":"product_cat-camping-und-berge","7":"product_cat-sport-freizeit","8":"product_cat-tragbare-kuhlboxen","9":"product_tag-tag_69","10":"product_tag-tag_3","11":"product_tag-tag_650","13":"first","14":"instock","15":"taxable","16":"shipping-taxable","17":"purchasable","18":"product-type-simple"},"aioseo_notices":[],"jetpack_sharing_enabled":true,"_links":{"self":[{"href":"https:\/\/wildgear.itc-gmbh.shop\/fr\/wp-json\/wp\/v2\/product\/12771","targetHints":{"allow":["GET"]}}],"collection":[{"href":"https:\/\/wildgear.itc-gmbh.shop\/fr\/wp-json\/wp\/v2\/product"}],"about":[{"href":"https:\/\/wildgear.itc-gmbh.shop\/fr\/wp-json\/wp\/v2\/types\/product"}],"replies":[{"embeddable":true,"href":"https:\/\/wildgear.itc-gmbh.shop\/fr\/wp-json\/wp\/v2\/comments?post=12771"}],"wp:featuredmedia":[{"embeddable":true,"href":"https:\/\/wildgear.itc-gmbh.shop\/fr\/wp-json\/wp\/v2\/media\/12770"}],"wp:attachment":[{"href":"https:\/\/wildgear.itc-gmbh.shop\/fr\/wp-json\/wp\/v2\/media?parent=12771"}],"wp:term":[{"taxonomy":"product_brand","embeddable":true,"href":"https:\/\/wildgear.itc-gmbh.shop\/fr\/wp-json\/wp\/v2\/product_brand?post=12771"},{"taxonomy":"product_cat","embeddable":true,"href":"https:\/\/wildgear.itc-gmbh.shop\/fr\/wp-json\/wp\/v2\/product_cat?post=12771"},{"taxonomy":"product_tag","embeddable":true,"href":"https:\/\/wildgear.itc-gmbh.shop\/fr\/wp-json\/wp\/v2\/product_tag?post=12771"}],"curies":[{"name":"wp","href":"https:\/\/api.w.org\/{rel}","templated":true}]}}