{"id":13080,"date":"2024-05-27T03:27:47","date_gmt":"2024-05-27T03:27:47","guid":{"rendered":"https:\/\/outdoor.itc-gmbh.shop\/product\/lunchbox-milan-dinosaurier-blau-245-x-20-x-16-cm\/"},"modified":"2024-05-27T03:27:49","modified_gmt":"2024-05-27T03:27:49","slug":"lunchbox-milan-dinosaurier-blau-245-x-20-x-16-cm","status":"publish","type":"product","link":"https:\/\/wildgear.itc-gmbh.shop\/fr\/product\/lunchbox-milan-dinosaurier-blau-245-x-20-x-16-cm\/","title":{"rendered":"Lunchbox Milan Dinosaurier Blau 24,5 x 20 x 16 cm"},"content":{"rendered":"<p>Si vous accordez de l'importance aux d\u00e9tails dans l'am\u00e9nagement de votre maison et que vous souhaitez \u00eatre \u00e0 la pointe des produits qui vous facilitent la vie, alors achetez <b>Lunchbox Milan Dinosaurier Blau 24,5 x 20 x 16 cm<\/b> au meilleur prix.<\/p>\n<ul>\n<li>Design: Dinosaurier<\/li>\n<li>Couleur : Bleu<\/li>\n<li>Mati\u00e8re : polyester<\/li>\n<li>Caract\u00e9ristiques :\n<ul>\n<li>Verstellbarer Gurt<\/li>\n<li>Int\u00e9rieur isotherme<\/li>\n<li>Avec poign\u00e9e sup\u00e9rieure<\/li>\n<\/ul>\n<\/li>\n<li>Capacit\u00e9 : 5 L<\/li>\n<li>Ma\u00dfe ca.: 24,5 x 20 x 16 cm<\/li>\n<\/ul>","protected":false},"excerpt":{"rendered":"<p>Wenn Sie bei der Einrichtung ihres Heims Wert auf Details legen und bei Produkten, die Ihnen das Leben leichter machen, auf dem letzten Stand sein m\u00f6chten, dann kaufen Sie Lunchbox Milan Dinosaurier Blau 24,5 x 20 x 16 cm zum besten Preis. Design: Dinosaurier Farbe: Blau Material: Polyester Merkmale: Verstellbarer Gurt Isothermer Innenraum Mit oberem &hellip; <\/p>\n<p class=\"more-link-wrap\"><a href=\"https:\/\/wildgear.itc-gmbh.shop\/fr\/product\/lunchbox-milan-dinosaurier-blau-245-x-20-x-16-cm\/\" class=\"more-link\"><span>Read More<span class=\"screen-reader-text\"> &#8220;Lunchbox Milan Dinosaurier Blau 24,5 x 20 x 16 cm&#8221;<\/span><\/span><\/a><\/p>","protected":false},"featured_media":13079,"comment_status":"open","ping_status":"closed","template":"","meta":{"inline_featured_image":false},"product_brand":[],"product_cat":[181,180,654],"product_tag":[476,213,177,208],"class_list":{"0":"post-13080","1":"product","2":"type-product","3":"status-publish","4":"has-post-thumbnail","6":"product_cat-camping-und-berge","7":"product_cat-sport-freizeit","8":"product_cat-tragbare-kuhlboxen","9":"product_tag-tag_933","10":"product_tag-tag_69","11":"product_tag-tag_3","12":"product_tag-tag_650","14":"first","15":"instock","16":"taxable","17":"shipping-taxable","18":"purchasable","19":"product-type-simple"},"aioseo_notices":[],"jetpack_sharing_enabled":true,"_links":{"self":[{"href":"https:\/\/wildgear.itc-gmbh.shop\/fr\/wp-json\/wp\/v2\/product\/13080","targetHints":{"allow":["GET"]}}],"collection":[{"href":"https:\/\/wildgear.itc-gmbh.shop\/fr\/wp-json\/wp\/v2\/product"}],"about":[{"href":"https:\/\/wildgear.itc-gmbh.shop\/fr\/wp-json\/wp\/v2\/types\/product"}],"replies":[{"embeddable":true,"href":"https:\/\/wildgear.itc-gmbh.shop\/fr\/wp-json\/wp\/v2\/comments?post=13080"}],"wp:featuredmedia":[{"embeddable":true,"href":"https:\/\/wildgear.itc-gmbh.shop\/fr\/wp-json\/wp\/v2\/media\/13079"}],"wp:attachment":[{"href":"https:\/\/wildgear.itc-gmbh.shop\/fr\/wp-json\/wp\/v2\/media?parent=13080"}],"wp:term":[{"taxonomy":"product_brand","embeddable":true,"href":"https:\/\/wildgear.itc-gmbh.shop\/fr\/wp-json\/wp\/v2\/product_brand?post=13080"},{"taxonomy":"product_cat","embeddable":true,"href":"https:\/\/wildgear.itc-gmbh.shop\/fr\/wp-json\/wp\/v2\/product_cat?post=13080"},{"taxonomy":"product_tag","embeddable":true,"href":"https:\/\/wildgear.itc-gmbh.shop\/fr\/wp-json\/wp\/v2\/product_tag?post=13080"}],"curies":[{"name":"wp","href":"https:\/\/api.w.org\/{rel}","templated":true}]}}