{"id":13322,"date":"2024-05-27T03:31:32","date_gmt":"2024-05-27T03:31:32","guid":{"rendered":"https:\/\/outdoor.itc-gmbh.shop\/product\/teppich-picnic-versa-formas-90-x-1-x-180-cm\/"},"modified":"2024-05-27T03:31:33","modified_gmt":"2024-05-27T03:31:33","slug":"teppich-picnic-versa-formas-90-x-1-x-180-cm","status":"publish","type":"product","link":"https:\/\/wildgear.itc-gmbh.shop\/fr\/product\/teppich-picnic-versa-formas-90-x-1-x-180-cm\/","title":{"rendered":"Teppich PICNIC Versa FORMAS (90 x 1 x 180 cm)"},"content":{"rendered":"<p>Wenn Sie Ihrem Zuhause einen Hauch von Originalit\u00e4t verleihen m\u00f6chten, tun Sie dies mit <b>Teppich PICNIC Versa FORMAS (90 x 1 x 180 cm)<\/b>.<\/p>\n<ul>\n<li>Material: Baumwolle<\/li>\n<li>Ma\u00dfe ca.: 90 x 1 x 180 cm<\/li>\n<\/ul>","protected":false},"excerpt":{"rendered":"<p>Wenn Sie Ihrem Zuhause einen Hauch von Originalit\u00e4t verleihen m\u00f6chten, tun Sie dies mit Teppich PICNIC Versa FORMAS (90 x 1 x 180 cm). Material: Baumwolle Ma\u00dfe ca.: 90 x 1 x 180 cm<\/p>","protected":false},"featured_media":13321,"comment_status":"open","ping_status":"closed","template":"","meta":{"inline_featured_image":false},"product_brand":[],"product_cat":[181,182,180],"product_tag":[213,177,208],"class_list":{"0":"post-13322","1":"product","2":"type-product","3":"status-publish","4":"has-post-thumbnail","6":"product_cat-camping-und-berge","7":"product_cat-camping-und-bergzubehor","8":"product_cat-sport-freizeit","9":"product_tag-tag_69","10":"product_tag-tag_3","11":"product_tag-tag_650","13":"first","14":"instock","15":"taxable","16":"shipping-taxable","17":"purchasable","18":"product-type-simple"},"aioseo_notices":[],"jetpack_sharing_enabled":true,"_links":{"self":[{"href":"https:\/\/wildgear.itc-gmbh.shop\/fr\/wp-json\/wp\/v2\/product\/13322","targetHints":{"allow":["GET"]}}],"collection":[{"href":"https:\/\/wildgear.itc-gmbh.shop\/fr\/wp-json\/wp\/v2\/product"}],"about":[{"href":"https:\/\/wildgear.itc-gmbh.shop\/fr\/wp-json\/wp\/v2\/types\/product"}],"replies":[{"embeddable":true,"href":"https:\/\/wildgear.itc-gmbh.shop\/fr\/wp-json\/wp\/v2\/comments?post=13322"}],"wp:featuredmedia":[{"embeddable":true,"href":"https:\/\/wildgear.itc-gmbh.shop\/fr\/wp-json\/wp\/v2\/media\/13321"}],"wp:attachment":[{"href":"https:\/\/wildgear.itc-gmbh.shop\/fr\/wp-json\/wp\/v2\/media?parent=13322"}],"wp:term":[{"taxonomy":"product_brand","embeddable":true,"href":"https:\/\/wildgear.itc-gmbh.shop\/fr\/wp-json\/wp\/v2\/product_brand?post=13322"},{"taxonomy":"product_cat","embeddable":true,"href":"https:\/\/wildgear.itc-gmbh.shop\/fr\/wp-json\/wp\/v2\/product_cat?post=13322"},{"taxonomy":"product_tag","embeddable":true,"href":"https:\/\/wildgear.itc-gmbh.shop\/fr\/wp-json\/wp\/v2\/product_tag?post=13322"}],"curies":[{"name":"wp","href":"https:\/\/api.w.org\/{rel}","templated":true}]}}