{"id":13337,"date":"2024-05-27T03:31:45","date_gmt":"2024-05-27T03:31:45","guid":{"rendered":"https:\/\/outdoor.itc-gmbh.shop\/product\/fussluftpumpe-redcliffs\/"},"modified":"2024-05-27T03:31:46","modified_gmt":"2024-05-27T03:31:46","slug":"fussluftpumpe-redcliffs","status":"publish","type":"product","link":"https:\/\/wildgear.itc-gmbh.shop\/fr\/product\/fussluftpumpe-redcliffs\/","title":{"rendered":"Fu\u00dfluftpumpe Redcliffs"},"content":{"rendered":"<p>Avec ces propositions qui raviront petits et grands, le plaisir de l'\u00e9t\u00e9 est garanti ! Acheter <b>Fu\u00dfluftpumpe Redcliffs<\/b>] et profitez de votre temps libre !<\/p>\n<ul>\n<li>Capacit\u00e9 : 5 L<\/li>\n<li>Ma\u00dfe ca.: 26 x 18 cm<\/li>\n<li>Art: Fu\u00dfluftpumpe<\/li>\n<li>Couleur : Gris<\/li>\n<li>Mat\u00e9riau : plastique<\/li>\n<\/ul>","protected":false},"excerpt":{"rendered":"<p>Mit diesen Vorschl\u00e4gen, die Jung und Alt begeistern werden, ist der Sommerspa\u00df garantiert! Kaufen Sie Fu\u00dfluftpumpe Redcliffs] und genie\u00dfen Sie Ihre Freizeit! Kapazit\u00e4t: 5 L Ma\u00dfe ca.: 26 x 18 cm Art: Fu\u00dfluftpumpe Farbe: Grau Material: Kunststoff<\/p>","protected":false},"featured_media":13336,"comment_status":"open","ping_status":"closed","template":"","meta":{"inline_featured_image":false},"product_brand":[],"product_cat":[181,182,180],"product_tag":[213,177,208],"class_list":{"0":"post-13337","1":"product","2":"type-product","3":"status-publish","4":"has-post-thumbnail","6":"product_cat-camping-und-berge","7":"product_cat-camping-und-bergzubehor","8":"product_cat-sport-freizeit","9":"product_tag-tag_69","10":"product_tag-tag_3","11":"product_tag-tag_650","13":"first","14":"instock","15":"taxable","16":"shipping-taxable","17":"purchasable","18":"product-type-simple"},"aioseo_notices":[],"jetpack_sharing_enabled":true,"_links":{"self":[{"href":"https:\/\/wildgear.itc-gmbh.shop\/fr\/wp-json\/wp\/v2\/product\/13337","targetHints":{"allow":["GET"]}}],"collection":[{"href":"https:\/\/wildgear.itc-gmbh.shop\/fr\/wp-json\/wp\/v2\/product"}],"about":[{"href":"https:\/\/wildgear.itc-gmbh.shop\/fr\/wp-json\/wp\/v2\/types\/product"}],"replies":[{"embeddable":true,"href":"https:\/\/wildgear.itc-gmbh.shop\/fr\/wp-json\/wp\/v2\/comments?post=13337"}],"wp:featuredmedia":[{"embeddable":true,"href":"https:\/\/wildgear.itc-gmbh.shop\/fr\/wp-json\/wp\/v2\/media\/13336"}],"wp:attachment":[{"href":"https:\/\/wildgear.itc-gmbh.shop\/fr\/wp-json\/wp\/v2\/media?parent=13337"}],"wp:term":[{"taxonomy":"product_brand","embeddable":true,"href":"https:\/\/wildgear.itc-gmbh.shop\/fr\/wp-json\/wp\/v2\/product_brand?post=13337"},{"taxonomy":"product_cat","embeddable":true,"href":"https:\/\/wildgear.itc-gmbh.shop\/fr\/wp-json\/wp\/v2\/product_cat?post=13337"},{"taxonomy":"product_tag","embeddable":true,"href":"https:\/\/wildgear.itc-gmbh.shop\/fr\/wp-json\/wp\/v2\/product_tag?post=13337"}],"curies":[{"name":"wp","href":"https:\/\/api.w.org\/{rel}","templated":true}]}}