{"id":13340,"date":"2024-05-27T03:31:47","date_gmt":"2024-05-27T03:31:47","guid":{"rendered":"https:\/\/outdoor.itc-gmbh.shop\/product\/mini-kuehlschrank-alpina\/"},"modified":"2024-05-27T03:31:57","modified_gmt":"2024-05-27T03:31:57","slug":"mini-kuehlschrank-alpina","status":"publish","type":"product","link":"https:\/\/wildgear.itc-gmbh.shop\/fr\/product\/mini-kuehlschrank-alpina\/","title":{"rendered":"Mini-K\u00fchlschrank Alpina"},"content":{"rendered":"<p>Avec ces propositions qui raviront petits et grands, le plaisir de l'\u00e9t\u00e9 est garanti ! Acheter <b>Mini-K\u00fchlschrank Alpina<\/b>] et profitez de votre temps libre !<\/p>\n<ul>\n<li>Art: Mini-K\u00fchlschrank<\/li>\n<li>Merkmale: Thermoelektrisch<\/li>\n<li>Type de prise : Prise UE<\/li>\n<li>Produit enfichable : oui<\/li>\n<li>couleur :\n<ul>\n<li>Noir<\/li>\n<li>Argent\u00e9<\/li>\n<\/ul>\n<\/li>\n<li>Leistung: 60 W<\/li>\n<li>Kapazit\u00e4t: 38 L<\/li>\n<\/ul>","protected":false},"excerpt":{"rendered":"<p>Mit diesen Vorschl\u00e4gen, die Jung und Alt begeistern werden, ist der Sommerspa\u00df garantiert! Kaufen Sie Mini-K\u00fchlschrank Alpina] und genie\u00dfen Sie Ihre Freizeit! Art: Mini-K\u00fchlschrank Merkmale: Thermoelektrisch Steckertyp: EU-Stecker Steckbares Produkt: Ja Farbe: Schwarz Silberfarben Leistung: 60 W Kapazit\u00e4t: 38 L<\/p>","protected":false},"featured_media":13339,"comment_status":"open","ping_status":"closed","template":"","meta":{"inline_featured_image":false},"product_brand":[],"product_cat":[181,180,654],"product_tag":[193,197],"class_list":{"0":"post-13340","1":"product","2":"type-product","3":"status-publish","4":"has-post-thumbnail","6":"product_cat-camping-und-berge","7":"product_cat-sport-freizeit","8":"product_cat-tragbare-kuhlboxen","9":"product_tag-tag_25","10":"product_tag-tag_10","12":"first","13":"outofstock","14":"taxable","15":"shipping-taxable","16":"purchasable","17":"product-type-simple"},"aioseo_notices":[],"jetpack_sharing_enabled":true,"_links":{"self":[{"href":"https:\/\/wildgear.itc-gmbh.shop\/fr\/wp-json\/wp\/v2\/product\/13340","targetHints":{"allow":["GET"]}}],"collection":[{"href":"https:\/\/wildgear.itc-gmbh.shop\/fr\/wp-json\/wp\/v2\/product"}],"about":[{"href":"https:\/\/wildgear.itc-gmbh.shop\/fr\/wp-json\/wp\/v2\/types\/product"}],"replies":[{"embeddable":true,"href":"https:\/\/wildgear.itc-gmbh.shop\/fr\/wp-json\/wp\/v2\/comments?post=13340"}],"wp:featuredmedia":[{"embeddable":true,"href":"https:\/\/wildgear.itc-gmbh.shop\/fr\/wp-json\/wp\/v2\/media\/13339"}],"wp:attachment":[{"href":"https:\/\/wildgear.itc-gmbh.shop\/fr\/wp-json\/wp\/v2\/media?parent=13340"}],"wp:term":[{"taxonomy":"product_brand","embeddable":true,"href":"https:\/\/wildgear.itc-gmbh.shop\/fr\/wp-json\/wp\/v2\/product_brand?post=13340"},{"taxonomy":"product_cat","embeddable":true,"href":"https:\/\/wildgear.itc-gmbh.shop\/fr\/wp-json\/wp\/v2\/product_cat?post=13340"},{"taxonomy":"product_tag","embeddable":true,"href":"https:\/\/wildgear.itc-gmbh.shop\/fr\/wp-json\/wp\/v2\/product_tag?post=13340"}],"curies":[{"name":"wp","href":"https:\/\/api.w.org\/{rel}","templated":true}]}}