{"id":13352,"date":"2024-05-27T03:31:58","date_gmt":"2024-05-27T03:31:58","guid":{"rendered":"https:\/\/outdoor.itc-gmbh.shop\/product\/tragbarer-kuehlschrank-coleman-blau-kunststoff\/"},"modified":"2024-05-27T03:31:58","modified_gmt":"2024-05-27T03:31:58","slug":"tragbarer-kuehlschrank-coleman-blau-kunststoff","status":"publish","type":"product","link":"https:\/\/wildgear.itc-gmbh.shop\/fr\/product\/tragbarer-kuehlschrank-coleman-blau-kunststoff\/","title":{"rendered":"Tragbarer K\u00fchlschrank Coleman Blau Kunststoff"},"content":{"rendered":"<p>Restez en forme et d\u00e9couvrez les derni\u00e8res innovations du secteur pour faire du sport dans les meilleures conditions ! Achetez <b>Tragbarer K\u00fchlschrank Coleman Blau Kunststoff<\/b> au meilleur prix et profitez d'une vie saine !<\/p>\n<ul>\n<li>Type : R\u00e9frig\u00e9rateur portable<\/li>\n<li>Couleur : Bleu<\/li>\n<li>Mat\u00e9riau : plastique<\/li>\n<li>caract\u00e9ristiques : Poign\u00e9e de transport<\/li>\n<li>R\u00e4der: 2 r\u00e4der<\/li>\n<li>Sexe : Adulte unisexe<\/li>\n<li>Henkel: 1<\/li>\n<\/ul>","protected":false},"excerpt":{"rendered":"<p>Bleiben Sie in Form und entdecken Sie die neuesten Innovationen der Branche, um mit den besten Voraussetzungen Sport zu betreiben! Kaufen Sie Tragbarer K\u00fchlschrank Coleman Blau Kunststoff zum besten Preis und genie\u00dfen Sie ein gesundes Leben! Art: Tragbarer K\u00fchlschrank Farbe: Blau Material: Kunststoff Merkmale: Tragegriff R\u00e4der: 2 r\u00e4der Geschlecht: Unisex-Erwachsene Henkel: 1<\/p>","protected":false},"featured_media":13351,"comment_status":"open","ping_status":"closed","template":"","meta":{"inline_featured_image":false},"product_brand":[],"product_cat":[181,180,654],"product_tag":[177],"class_list":{"0":"post-13352","1":"product","2":"type-product","3":"status-publish","4":"has-post-thumbnail","6":"product_cat-camping-und-berge","7":"product_cat-sport-freizeit","8":"product_cat-tragbare-kuhlboxen","9":"product_tag-tag_3","11":"first","12":"outofstock","13":"taxable","14":"shipping-taxable","15":"purchasable","16":"product-type-simple"},"aioseo_notices":[],"jetpack_sharing_enabled":true,"_links":{"self":[{"href":"https:\/\/wildgear.itc-gmbh.shop\/fr\/wp-json\/wp\/v2\/product\/13352","targetHints":{"allow":["GET"]}}],"collection":[{"href":"https:\/\/wildgear.itc-gmbh.shop\/fr\/wp-json\/wp\/v2\/product"}],"about":[{"href":"https:\/\/wildgear.itc-gmbh.shop\/fr\/wp-json\/wp\/v2\/types\/product"}],"replies":[{"embeddable":true,"href":"https:\/\/wildgear.itc-gmbh.shop\/fr\/wp-json\/wp\/v2\/comments?post=13352"}],"wp:featuredmedia":[{"embeddable":true,"href":"https:\/\/wildgear.itc-gmbh.shop\/fr\/wp-json\/wp\/v2\/media\/13351"}],"wp:attachment":[{"href":"https:\/\/wildgear.itc-gmbh.shop\/fr\/wp-json\/wp\/v2\/media?parent=13352"}],"wp:term":[{"taxonomy":"product_brand","embeddable":true,"href":"https:\/\/wildgear.itc-gmbh.shop\/fr\/wp-json\/wp\/v2\/product_brand?post=13352"},{"taxonomy":"product_cat","embeddable":true,"href":"https:\/\/wildgear.itc-gmbh.shop\/fr\/wp-json\/wp\/v2\/product_cat?post=13352"},{"taxonomy":"product_tag","embeddable":true,"href":"https:\/\/wildgear.itc-gmbh.shop\/fr\/wp-json\/wp\/v2\/product_tag?post=13352"}],"curies":[{"name":"wp","href":"https:\/\/api.w.org\/{rel}","templated":true}]}}