{"id":13463,"date":"2024-05-27T03:33:31","date_gmt":"2024-05-27T03:33:31","guid":{"rendered":"https:\/\/outdoor.itc-gmbh.shop\/product\/unkrautbekaempfungsnetz-fungo-boden-3-x-4-m-gruen\/"},"modified":"2024-05-27T03:33:31","modified_gmt":"2024-05-27T03:33:31","slug":"unkrautbekaempfungsnetz-fungo-boden-3-x-4-m-gruen","status":"publish","type":"product","link":"https:\/\/wildgear.itc-gmbh.shop\/fr\/product\/unkrautbekaempfungsnetz-fungo-boden-3-x-4-m-gruen\/","title":{"rendered":"Unkrautbek\u00e4mpfungsnetz Fun&amp;Go Boden 3 x 4 m gr\u00fcn"},"content":{"rendered":"<p>Avec ces propositions qui raviront petits et grands, le plaisir de l'\u00e9t\u00e9 est garanti ! Acheter <b>Unkrautbek\u00e4mpfungsnetz Fun&amp;Go Boden 3 x 4 m gr\u00fcn<\/b>] et profitez de votre temps libre !<\/p>\n<ul>\n<li>Art: Bodenplane<\/li>\n<li>couleur : vert<\/li>\n<li>Gewicht: 130 g\/m\u00b2<\/li>\n<li>Utilisation recommand\u00e9e :\n<ul>\n<li>Ext\u00e9rieur<\/li>\n<li>Boden<\/li>\n<\/ul>\n<\/li>\n<li>Ma\u00dfe ca.: 3 x 4 m<\/li>\n<li>Sport : Camping<\/li>\n<\/ul>","protected":false},"excerpt":{"rendered":"<p>Mit diesen Vorschl\u00e4gen, die Jung und Alt begeistern werden, ist der Sommerspa\u00df garantiert! Kaufen Sie Unkrautbek\u00e4mpfungsnetz Fun&amp;Go Boden 3 x 4 m gr\u00fcn] und genie\u00dfen Sie Ihre Freizeit! Art: Bodenplane Farbe: gr\u00fcn Gewicht: 130 g\/m\u00b2 Empfohlene verwendung: Au\u00dfenbereich Boden Ma\u00dfe ca.: 3 x 4 m Sport: Camping<\/p>","protected":false},"featured_media":13462,"comment_status":"open","ping_status":"closed","template":"","meta":{"inline_featured_image":false},"product_brand":[],"product_cat":[181,182,180],"product_tag":[177,178],"class_list":{"0":"post-13463","1":"product","2":"type-product","3":"status-publish","4":"has-post-thumbnail","6":"product_cat-camping-und-berge","7":"product_cat-camping-und-bergzubehor","8":"product_cat-sport-freizeit","9":"product_tag-tag_3","10":"product_tag-tag_17","12":"first","13":"instock","14":"taxable","15":"shipping-taxable","16":"purchasable","17":"product-type-simple"},"aioseo_notices":[],"jetpack_sharing_enabled":true,"_links":{"self":[{"href":"https:\/\/wildgear.itc-gmbh.shop\/fr\/wp-json\/wp\/v2\/product\/13463","targetHints":{"allow":["GET"]}}],"collection":[{"href":"https:\/\/wildgear.itc-gmbh.shop\/fr\/wp-json\/wp\/v2\/product"}],"about":[{"href":"https:\/\/wildgear.itc-gmbh.shop\/fr\/wp-json\/wp\/v2\/types\/product"}],"replies":[{"embeddable":true,"href":"https:\/\/wildgear.itc-gmbh.shop\/fr\/wp-json\/wp\/v2\/comments?post=13463"}],"wp:featuredmedia":[{"embeddable":true,"href":"https:\/\/wildgear.itc-gmbh.shop\/fr\/wp-json\/wp\/v2\/media\/13462"}],"wp:attachment":[{"href":"https:\/\/wildgear.itc-gmbh.shop\/fr\/wp-json\/wp\/v2\/media?parent=13463"}],"wp:term":[{"taxonomy":"product_brand","embeddable":true,"href":"https:\/\/wildgear.itc-gmbh.shop\/fr\/wp-json\/wp\/v2\/product_brand?post=13463"},{"taxonomy":"product_cat","embeddable":true,"href":"https:\/\/wildgear.itc-gmbh.shop\/fr\/wp-json\/wp\/v2\/product_cat?post=13463"},{"taxonomy":"product_tag","embeddable":true,"href":"https:\/\/wildgear.itc-gmbh.shop\/fr\/wp-json\/wp\/v2\/product_tag?post=13463"}],"curies":[{"name":"wp","href":"https:\/\/api.w.org\/{rel}","templated":true}]}}