{"id":13541,"date":"2024-05-27T03:34:38","date_gmt":"2024-05-27T03:34:38","guid":{"rendered":"https:\/\/outdoor.itc-gmbh.shop\/product\/table-klapptisch-aktive-silberfarben-aluminium-70-x-70-x-70-cm-4-stueck\/"},"modified":"2024-05-27T03:34:42","modified_gmt":"2024-05-27T03:34:42","slug":"table-klapptisch-aktive-silberfarben-aluminium-70-x-70-x-70-cm-4-stueck","status":"publish","type":"product","link":"https:\/\/wildgear.itc-gmbh.shop\/fr\/product\/table-klapptisch-aktive-silberfarben-aluminium-70-x-70-x-70-cm-4-stueck\/","title":{"rendered":"Table Klapptisch Aktive Silberfarben Aluminium 70 x 70 x 70 cm (4 St\u00fcck)"},"content":{"rendered":"<p>Avec ces propositions qui raviront petits et grands, le plaisir de l'\u00e9t\u00e9 est garanti ! Acheter <b>Table Klapptisch Aktive Silberfarben Aluminium 70 x 70 x 70 cm (4 St\u00fcck)<\/b>] et profitez de votre temps libre !<\/p>\n<ul>\n<li>Mat\u00e9riau : aluminium<\/li>\n<li>Caract\u00e9ristiques :\n<ul>\n<li>Facile \u00e0 nettoyer<\/li>\n<li>Einklappbar<\/li>\n<li>facile \u00e0 monter et \u00e0 d\u00e9monter<\/li>\n<li>Rutschfeste F\u00fc\u00dfe<\/li>\n<\/ul>\n<\/li>\n<li>Ma\u00dfe ca.: 70 x 70 x 70 cm<\/li>\n<li>Pi\u00e8ces : 4 pi\u00e8ces<\/li>\n<li>Form: karriert<\/li>\n<li>Sport : Camping<\/li>\n<li>Couleur : Argent\u00e9<\/li>\n<li>Enthalten: Transportbeutel<\/li>\n<\/ul>","protected":false},"excerpt":{"rendered":"<p>Mit diesen Vorschl\u00e4gen, die Jung und Alt begeistern werden, ist der Sommerspa\u00df garantiert! Kaufen Sie Table Klapptisch Aktive Silberfarben Aluminium 70 x 70 x 70 cm (4 St\u00fcck)] und genie\u00dfen Sie Ihre Freizeit! Material: Aluminium Merkmale: Leicht zu reinigen Einklappbar leicht zu montieren und demontieren Rutschfeste F\u00fc\u00dfe Ma\u00dfe ca.: 70 x 70 x 70 cm &hellip; <\/p>\n<p class=\"more-link-wrap\"><a href=\"https:\/\/wildgear.itc-gmbh.shop\/fr\/product\/table-klapptisch-aktive-silberfarben-aluminium-70-x-70-x-70-cm-4-stueck\/\" class=\"more-link\"><span>Read More<span class=\"screen-reader-text\"> &#8220;Table Klapptisch Aktive Silberfarben Aluminium 70 x 70 x 70 cm (4 St\u00fcck)&#8221;<\/span><\/span><\/a><\/p>","protected":false},"featured_media":13540,"comment_status":"open","ping_status":"closed","template":"","meta":{"inline_featured_image":false},"product_brand":[],"product_cat":[181,182,180],"product_tag":[179,177,178],"class_list":{"0":"post-13541","1":"product","2":"type-product","3":"status-publish","4":"has-post-thumbnail","6":"product_cat-camping-und-berge","7":"product_cat-camping-und-bergzubehor","8":"product_cat-sport-freizeit","9":"product_tag-tag_89","10":"product_tag-tag_3","11":"product_tag-tag_17","13":"first","14":"instock","15":"taxable","16":"shipping-taxable","17":"purchasable","18":"product-type-simple"},"aioseo_notices":[],"jetpack_sharing_enabled":true,"_links":{"self":[{"href":"https:\/\/wildgear.itc-gmbh.shop\/fr\/wp-json\/wp\/v2\/product\/13541","targetHints":{"allow":["GET"]}}],"collection":[{"href":"https:\/\/wildgear.itc-gmbh.shop\/fr\/wp-json\/wp\/v2\/product"}],"about":[{"href":"https:\/\/wildgear.itc-gmbh.shop\/fr\/wp-json\/wp\/v2\/types\/product"}],"replies":[{"embeddable":true,"href":"https:\/\/wildgear.itc-gmbh.shop\/fr\/wp-json\/wp\/v2\/comments?post=13541"}],"wp:featuredmedia":[{"embeddable":true,"href":"https:\/\/wildgear.itc-gmbh.shop\/fr\/wp-json\/wp\/v2\/media\/13540"}],"wp:attachment":[{"href":"https:\/\/wildgear.itc-gmbh.shop\/fr\/wp-json\/wp\/v2\/media?parent=13541"}],"wp:term":[{"taxonomy":"product_brand","embeddable":true,"href":"https:\/\/wildgear.itc-gmbh.shop\/fr\/wp-json\/wp\/v2\/product_brand?post=13541"},{"taxonomy":"product_cat","embeddable":true,"href":"https:\/\/wildgear.itc-gmbh.shop\/fr\/wp-json\/wp\/v2\/product_cat?post=13541"},{"taxonomy":"product_tag","embeddable":true,"href":"https:\/\/wildgear.itc-gmbh.shop\/fr\/wp-json\/wp\/v2\/product_tag?post=13541"}],"curies":[{"name":"wp","href":"https:\/\/api.w.org\/{rel}","templated":true}]}}