{"id":13624,"date":"2024-05-27T03:35:56","date_gmt":"2024-05-27T03:35:56","guid":{"rendered":"https:\/\/outdoor.itc-gmbh.shop\/product\/table-klapptisch-aktive-creme-60-x-25-x-40-cm-4-stueck\/"},"modified":"2024-05-27T03:36:01","modified_gmt":"2024-05-27T03:36:01","slug":"table-klapptisch-aktive-creme-60-x-25-x-40-cm-4-stueck","status":"publish","type":"product","link":"https:\/\/wildgear.itc-gmbh.shop\/fr\/product\/table-klapptisch-aktive-creme-60-x-25-x-40-cm-4-stueck\/","title":{"rendered":"Table Klapptisch Aktive Creme 60 x 25 x 40 cm (4 St\u00fcck)"},"content":{"rendered":"<p>Avec ces propositions qui raviront petits et grands, le plaisir de l'\u00e9t\u00e9 est garanti ! Acheter <b>Table Klapptisch Aktive Creme 60 x 25 x 40 cm (4 St\u00fcck)<\/b>] et profitez de votre temps libre !<\/p>\n<ul>\n<li>mat\u00e9riel :\n<ul>\n<li>Aluminium<\/li>\n<li>Bois MDF<\/li>\n<\/ul>\n<\/li>\n<li>Caract\u00e9ristiques :\n<ul>\n<li>Facile \u00e0 nettoyer<\/li>\n<li>Sicherheitsverschluss<\/li>\n<li>Leicht zu falten und zu entfalten<\/li>\n<li>Widerstandsf\u00e4hig gegen Rost<\/li>\n<li>Poign\u00e9e de transport<\/li>\n<\/ul>\n<\/li>\n<li>Pi\u00e8ces : 4 pi\u00e8ces<\/li>\n<li>Dimensions approximatives : 60 x 25 x 40 cm<\/li>\n<li>Sport : Camping<\/li>\n<li>Farbe: Creme<\/li>\n<\/ul>","protected":false},"excerpt":{"rendered":"<p>Mit diesen Vorschl\u00e4gen, die Jung und Alt begeistern werden, ist der Sommerspa\u00df garantiert! Kaufen Sie Table Klapptisch Aktive Creme 60 x 25 x 40 cm (4 St\u00fcck)] und genie\u00dfen Sie Ihre Freizeit! Material: Aluminium Holz MDF Merkmale: Leicht zu reinigen Sicherheitsverschluss Leicht zu falten und zu entfalten Widerstandsf\u00e4hig gegen Rost Tragegriff St\u00fcck: 4 St\u00fcck Ma\u00dfe &hellip; <\/p>\n<p class=\"more-link-wrap\"><a href=\"https:\/\/wildgear.itc-gmbh.shop\/fr\/product\/table-klapptisch-aktive-creme-60-x-25-x-40-cm-4-stueck\/\" class=\"more-link\"><span>Read More<span class=\"screen-reader-text\"> &#8220;Table Klapptisch Aktive Creme 60 x 25 x 40 cm (4 St\u00fcck)&#8221;<\/span><\/span><\/a><\/p>","protected":false},"featured_media":13623,"comment_status":"open","ping_status":"closed","template":"","meta":{"inline_featured_image":false},"product_brand":[],"product_cat":[181,182,180],"product_tag":[179,177,178],"class_list":{"0":"post-13624","1":"product","2":"type-product","3":"status-publish","4":"has-post-thumbnail","6":"product_cat-camping-und-berge","7":"product_cat-camping-und-bergzubehor","8":"product_cat-sport-freizeit","9":"product_tag-tag_89","10":"product_tag-tag_3","11":"product_tag-tag_17","13":"first","14":"outofstock","15":"taxable","16":"shipping-taxable","17":"purchasable","18":"product-type-simple"},"aioseo_notices":[],"jetpack_sharing_enabled":true,"_links":{"self":[{"href":"https:\/\/wildgear.itc-gmbh.shop\/fr\/wp-json\/wp\/v2\/product\/13624","targetHints":{"allow":["GET"]}}],"collection":[{"href":"https:\/\/wildgear.itc-gmbh.shop\/fr\/wp-json\/wp\/v2\/product"}],"about":[{"href":"https:\/\/wildgear.itc-gmbh.shop\/fr\/wp-json\/wp\/v2\/types\/product"}],"replies":[{"embeddable":true,"href":"https:\/\/wildgear.itc-gmbh.shop\/fr\/wp-json\/wp\/v2\/comments?post=13624"}],"wp:featuredmedia":[{"embeddable":true,"href":"https:\/\/wildgear.itc-gmbh.shop\/fr\/wp-json\/wp\/v2\/media\/13623"}],"wp:attachment":[{"href":"https:\/\/wildgear.itc-gmbh.shop\/fr\/wp-json\/wp\/v2\/media?parent=13624"}],"wp:term":[{"taxonomy":"product_brand","embeddable":true,"href":"https:\/\/wildgear.itc-gmbh.shop\/fr\/wp-json\/wp\/v2\/product_brand?post=13624"},{"taxonomy":"product_cat","embeddable":true,"href":"https:\/\/wildgear.itc-gmbh.shop\/fr\/wp-json\/wp\/v2\/product_cat?post=13624"},{"taxonomy":"product_tag","embeddable":true,"href":"https:\/\/wildgear.itc-gmbh.shop\/fr\/wp-json\/wp\/v2\/product_tag?post=13624"}],"curies":[{"name":"wp","href":"https:\/\/api.w.org\/{rel}","templated":true}]}}