{"id":13819,"date":"2024-05-27T03:39:12","date_gmt":"2024-05-27T03:39:12","guid":{"rendered":"https:\/\/outdoor.itc-gmbh.shop\/product\/luftmatratze-intex-152-x-25-x-203-cm-3-stueck\/"},"modified":"2024-05-27T03:39:18","modified_gmt":"2024-05-27T03:39:18","slug":"luftmatratze-intex-152-x-25-x-203-cm-3-stueck","status":"publish","type":"product","link":"https:\/\/wildgear.itc-gmbh.shop\/fr\/product\/luftmatratze-intex-152-x-25-x-203-cm-3-stueck\/","title":{"rendered":"Luftmatratze Intex 152 x 25 x 203 cm (3 St\u00fcck)"},"content":{"rendered":"<p>Restez en forme et d\u00e9couvrez les derni\u00e8res innovations du secteur pour faire du sport dans les meilleures conditions ! Achetez <b>Luftmatratze Intex 152 x 25 x 203 cm (3 St\u00fcck)<\/b> au meilleur prix et profitez d'une vie saine !<\/p>\n<ul>\n<li>Pi\u00e8ces : 3 pi\u00e8ces<\/li>\n<li>Steckbares Produkt: Kein<\/li>\n<li>Ma\u00dfe ca.: 152 x 25 x 203 cm<\/li>\n<li>mat\u00e9riel :\n<ul>\n<li>4 % Polyester<\/li>\n<li>1 % ABS<\/li>\n<li>93 % PVC<\/li>\n<li>2 % Viskose<\/li>\n<\/ul>\n<\/li>\n<li>Type : Matelas gonflable<\/li>\n<\/ul>","protected":false},"excerpt":{"rendered":"<p>Bleiben Sie in Form und entdecken Sie die neuesten Innovationen der Branche, um mit den besten Voraussetzungen Sport zu betreiben! Kaufen Sie Luftmatratze Intex 152 x 25 x 203 cm (3 St\u00fcck) zum besten Preis und genie\u00dfen Sie ein gesundes Leben! St\u00fcck: 3 St\u00fcck Steckbares Produkt: Kein Ma\u00dfe ca.: 152 x 25 x 203 cm &hellip; <\/p>\n<p class=\"more-link-wrap\"><a href=\"https:\/\/wildgear.itc-gmbh.shop\/fr\/product\/luftmatratze-intex-152-x-25-x-203-cm-3-stueck\/\" class=\"more-link\"><span>Read More<span class=\"screen-reader-text\"> &#8220;Luftmatratze Intex 152 x 25 x 203 cm (3 St\u00fcck)&#8221;<\/span><\/span><\/a><\/p>","protected":false},"featured_media":13818,"comment_status":"open","ping_status":"closed","template":"","meta":{"inline_featured_image":false},"product_brand":[],"product_cat":[181,182,180],"product_tag":[177,178],"class_list":{"0":"post-13819","1":"product","2":"type-product","3":"status-publish","4":"has-post-thumbnail","6":"product_cat-camping-und-berge","7":"product_cat-camping-und-bergzubehor","8":"product_cat-sport-freizeit","9":"product_tag-tag_3","10":"product_tag-tag_17","12":"first","13":"outofstock","14":"taxable","15":"shipping-taxable","16":"purchasable","17":"product-type-simple"},"aioseo_notices":[],"jetpack_sharing_enabled":true,"_links":{"self":[{"href":"https:\/\/wildgear.itc-gmbh.shop\/fr\/wp-json\/wp\/v2\/product\/13819","targetHints":{"allow":["GET"]}}],"collection":[{"href":"https:\/\/wildgear.itc-gmbh.shop\/fr\/wp-json\/wp\/v2\/product"}],"about":[{"href":"https:\/\/wildgear.itc-gmbh.shop\/fr\/wp-json\/wp\/v2\/types\/product"}],"replies":[{"embeddable":true,"href":"https:\/\/wildgear.itc-gmbh.shop\/fr\/wp-json\/wp\/v2\/comments?post=13819"}],"wp:featuredmedia":[{"embeddable":true,"href":"https:\/\/wildgear.itc-gmbh.shop\/fr\/wp-json\/wp\/v2\/media\/13818"}],"wp:attachment":[{"href":"https:\/\/wildgear.itc-gmbh.shop\/fr\/wp-json\/wp\/v2\/media?parent=13819"}],"wp:term":[{"taxonomy":"product_brand","embeddable":true,"href":"https:\/\/wildgear.itc-gmbh.shop\/fr\/wp-json\/wp\/v2\/product_brand?post=13819"},{"taxonomy":"product_cat","embeddable":true,"href":"https:\/\/wildgear.itc-gmbh.shop\/fr\/wp-json\/wp\/v2\/product_cat?post=13819"},{"taxonomy":"product_tag","embeddable":true,"href":"https:\/\/wildgear.itc-gmbh.shop\/fr\/wp-json\/wp\/v2\/product_tag?post=13819"}],"curies":[{"name":"wp","href":"https:\/\/api.w.org\/{rel}","templated":true}]}}