{"id":13999,"date":"2024-05-27T03:42:11","date_gmt":"2024-05-27T03:42:11","guid":{"rendered":"https:\/\/outdoor.itc-gmbh.shop\/product\/gaskocher-universal-blue-7012-schwarz\/"},"modified":"2024-05-27T03:42:11","modified_gmt":"2024-05-27T03:42:11","slug":"gaskocher-universal-blue-7012-schwarz","status":"publish","type":"product","link":"https:\/\/wildgear.itc-gmbh.shop\/fr\/product\/gaskocher-universal-blue-7012-schwarz\/","title":{"rendered":"R\u00e9chaud \u00e0 gaz Universal Blue 7012 noir"},"content":{"rendered":"<p>Restez en forme et d\u00e9couvrez les derni\u00e8res innovations du secteur pour faire du sport dans les meilleures conditions ! Achetez <b>R\u00e9chaud \u00e0 gaz Universal Blue 7012 noir<\/b> au meilleur prix et profitez d'une vie saine !<\/p>\n<ul>\n<li>Type : R\u00e9chaud \u00e0 gaz<\/li>\n<li>Couleur : Noir<\/li>\n<li>performance :\n<ul>\n<li>4400 W<\/li>\n<li>2200 W<\/li>\n<\/ul>\n<\/li>\n<li>Kochbereiche: 2<\/li>\n<li>Durchmesser: \u00d8 8 cm<\/li>\n<\/ul>","protected":false},"excerpt":{"rendered":"<p>Bleiben Sie in Form und entdecken Sie die neuesten Innovationen der Branche, um mit den besten Voraussetzungen Sport zu betreiben! Kaufen Sie Gaskocher Universal Blue 7012 Schwarz zum besten Preis und genie\u00dfen Sie ein gesundes Leben! Art: Gaskocher Farbe: Schwarz Leistung: 4400 W 2200 W Kochbereiche: 2 Durchmesser: \u00d8 8 cm<\/p>","protected":false},"featured_media":13998,"comment_status":"open","ping_status":"closed","template":"","meta":{"inline_featured_image":false},"product_brand":[],"product_cat":[181,182,180],"product_tag":[177,178],"class_list":{"0":"post-13999","1":"product","2":"type-product","3":"status-publish","4":"has-post-thumbnail","6":"product_cat-camping-und-berge","7":"product_cat-camping-und-bergzubehor","8":"product_cat-sport-freizeit","9":"product_tag-tag_3","10":"product_tag-tag_17","12":"first","13":"outofstock","14":"taxable","15":"shipping-taxable","16":"purchasable","17":"product-type-simple"},"aioseo_notices":[],"jetpack_sharing_enabled":true,"_links":{"self":[{"href":"https:\/\/wildgear.itc-gmbh.shop\/fr\/wp-json\/wp\/v2\/product\/13999","targetHints":{"allow":["GET"]}}],"collection":[{"href":"https:\/\/wildgear.itc-gmbh.shop\/fr\/wp-json\/wp\/v2\/product"}],"about":[{"href":"https:\/\/wildgear.itc-gmbh.shop\/fr\/wp-json\/wp\/v2\/types\/product"}],"replies":[{"embeddable":true,"href":"https:\/\/wildgear.itc-gmbh.shop\/fr\/wp-json\/wp\/v2\/comments?post=13999"}],"wp:featuredmedia":[{"embeddable":true,"href":"https:\/\/wildgear.itc-gmbh.shop\/fr\/wp-json\/wp\/v2\/media\/13998"}],"wp:attachment":[{"href":"https:\/\/wildgear.itc-gmbh.shop\/fr\/wp-json\/wp\/v2\/media?parent=13999"}],"wp:term":[{"taxonomy":"product_brand","embeddable":true,"href":"https:\/\/wildgear.itc-gmbh.shop\/fr\/wp-json\/wp\/v2\/product_brand?post=13999"},{"taxonomy":"product_cat","embeddable":true,"href":"https:\/\/wildgear.itc-gmbh.shop\/fr\/wp-json\/wp\/v2\/product_cat?post=13999"},{"taxonomy":"product_tag","embeddable":true,"href":"https:\/\/wildgear.itc-gmbh.shop\/fr\/wp-json\/wp\/v2\/product_tag?post=13999"}],"curies":[{"name":"wp","href":"https:\/\/api.w.org\/{rel}","templated":true}]}}