{"id":14069,"date":"2024-05-27T03:43:17","date_gmt":"2024-05-27T03:43:17","guid":{"rendered":"https:\/\/outdoor.itc-gmbh.shop\/product\/pfanne-monix-m481226-gruen\/"},"modified":"2024-05-27T03:43:18","modified_gmt":"2024-05-27T03:43:18","slug":"pfanne-monix-m481226-gruen","status":"publish","type":"product","link":"https:\/\/wildgear.itc-gmbh.shop\/fr\/product\/pfanne-monix-m481226-gruen\/","title":{"rendered":"Pfanne Monix M481226 gr\u00fcn"},"content":{"rendered":"<p>Si vous accordez de l'importance aux d\u00e9tails dans l'am\u00e9nagement de votre maison et que vous souhaitez \u00eatre \u00e0 la pointe des produits qui vous facilitent la vie, alors achetez <b>Pfanne Monix M481226 gr\u00fcn<\/b> au meilleur prix.<\/p>\n<ul>\n<li>couleur :\n<ul>\n<li>vert<\/li>\n<li>Noir<\/li>\n<li>Schwarz\/Gr\u00fcn<\/li>\n<\/ul>\n<\/li>\n<li>mat\u00e9riel :\n<ul>\n<li>Geschmiedetes Aluminium<\/li>\n<li>Bois<\/li>\n<li>Plastique<\/li>\n<li>Bakelit<\/li>\n<\/ul>\n<\/li>\n<li>Geeignet f\u00fcr: F\u00fcr alle Arten von K\u00fcchen<\/li>\n<li>Caract\u00e9ristiques :\n<ul>\n<li>Antihaftversiegelung<\/li>\n<li>Lave-vaisselle<\/li>\n<\/ul>\n<\/li>\n<li>Art: Pfanne<\/li>\n<li>forme : ronde<\/li>\n<li>Durchmesser: \u00d8 26 cm<\/li>\n<li>Nicht erhalten: Abdeckungen<\/li>\n<\/ul>","protected":false},"excerpt":{"rendered":"<p>Wenn Sie bei der Einrichtung ihres Heims Wert auf Details legen und bei Produkten, die Ihnen das Leben leichter machen, auf dem letzten Stand sein m\u00f6chten, dann kaufen Sie Pfanne Monix M481226 gr\u00fcn zum besten Preis. Farbe: gr\u00fcn Schwarz Schwarz\/Gr\u00fcn Material: Geschmiedetes Aluminium Holz Kunststoff Bakelit Geeignet f\u00fcr: F\u00fcr alle Arten von K\u00fcchen Merkmale: Antihaftversiegelung &hellip; <\/p>\n<p class=\"more-link-wrap\"><a href=\"https:\/\/wildgear.itc-gmbh.shop\/fr\/product\/pfanne-monix-m481226-gruen\/\" class=\"more-link\"><span>Read More<span class=\"screen-reader-text\"> &#8220;Pfanne Monix M481226 gr\u00fcn&#8221;<\/span><\/span><\/a><\/p>","protected":false},"featured_media":14068,"comment_status":"open","ping_status":"closed","template":"","meta":{"inline_featured_image":false},"product_brand":[],"product_cat":[181,182,180],"product_tag":[177,178],"class_list":{"0":"post-14069","1":"product","2":"type-product","3":"status-publish","4":"has-post-thumbnail","6":"product_cat-camping-und-berge","7":"product_cat-camping-und-bergzubehor","8":"product_cat-sport-freizeit","9":"product_tag-tag_3","10":"product_tag-tag_17","12":"first","13":"outofstock","14":"taxable","15":"shipping-taxable","16":"purchasable","17":"product-type-simple"},"aioseo_notices":[],"jetpack_sharing_enabled":true,"_links":{"self":[{"href":"https:\/\/wildgear.itc-gmbh.shop\/fr\/wp-json\/wp\/v2\/product\/14069","targetHints":{"allow":["GET"]}}],"collection":[{"href":"https:\/\/wildgear.itc-gmbh.shop\/fr\/wp-json\/wp\/v2\/product"}],"about":[{"href":"https:\/\/wildgear.itc-gmbh.shop\/fr\/wp-json\/wp\/v2\/types\/product"}],"replies":[{"embeddable":true,"href":"https:\/\/wildgear.itc-gmbh.shop\/fr\/wp-json\/wp\/v2\/comments?post=14069"}],"wp:featuredmedia":[{"embeddable":true,"href":"https:\/\/wildgear.itc-gmbh.shop\/fr\/wp-json\/wp\/v2\/media\/14068"}],"wp:attachment":[{"href":"https:\/\/wildgear.itc-gmbh.shop\/fr\/wp-json\/wp\/v2\/media?parent=14069"}],"wp:term":[{"taxonomy":"product_brand","embeddable":true,"href":"https:\/\/wildgear.itc-gmbh.shop\/fr\/wp-json\/wp\/v2\/product_brand?post=14069"},{"taxonomy":"product_cat","embeddable":true,"href":"https:\/\/wildgear.itc-gmbh.shop\/fr\/wp-json\/wp\/v2\/product_cat?post=14069"},{"taxonomy":"product_tag","embeddable":true,"href":"https:\/\/wildgear.itc-gmbh.shop\/fr\/wp-json\/wp\/v2\/product_tag?post=14069"}],"curies":[{"name":"wp","href":"https:\/\/api.w.org\/{rel}","templated":true}]}}