{"id":14158,"date":"2024-05-27T03:44:34","date_gmt":"2024-05-27T03:44:34","guid":{"rendered":"https:\/\/outdoor.itc-gmbh.shop\/product\/table-klapptisch-aktive-camping-bambus-60-x-25-x-40-cm-4-stueck\/"},"modified":"2024-05-27T03:44:39","modified_gmt":"2024-05-27T03:44:39","slug":"table-klapptisch-aktive-camping-bambus-60-x-25-x-40-cm-4-stueck","status":"publish","type":"product","link":"https:\/\/wildgear.itc-gmbh.shop\/fr\/product\/table-klapptisch-aktive-camping-bambus-60-x-25-x-40-cm-4-stueck\/","title":{"rendered":"Table Table pliante Aktive Camping Bambus 60 x 25 x 40 cm (4 pi\u00e8ces)"},"content":{"rendered":"<p>Restez en forme et d\u00e9couvrez les derni\u00e8res innovations du secteur pour faire du sport dans les meilleures conditions ! Achetez <b>Table Table pliante Aktive Camping Bambus 60 x 25 x 40 cm (4 pi\u00e8ces)<\/b> au meilleur prix et profitez d'une vie saine !<\/p>\n<ul>\n<li>Utilisation recommand\u00e9e : camping<\/li>\n<li>Le type : Table pliante<\/li>\n<li>mat\u00e9riel :\n<ul>\n<li>Aluminium<\/li>\n<li>Bois MDF<\/li>\n<\/ul>\n<\/li>\n<li>Finition : Bambou<\/li>\n<li>Pi\u00e8ces : 4 pi\u00e8ces<\/li>\n<li>Dimensions approximatives : 60 x 25 x 40 cm<\/li>\n<\/ul>","protected":false},"excerpt":{"rendered":"<p>Bleiben Sie in Form und entdecken Sie die neuesten Innovationen der Branche, um mit den besten Voraussetzungen Sport zu betreiben! Kaufen Sie Table Klapptisch Aktive Camping Bambus 60 x 25 x 40 cm (4 St\u00fcck) zum besten Preis und genie\u00dfen Sie ein gesundes Leben! Empfohlene verwendung: Camping Art: Table Klapptisch Material: Aluminium Holz MDF Finish: &hellip; <\/p>\n<p class=\"more-link-wrap\"><a href=\"https:\/\/wildgear.itc-gmbh.shop\/fr\/product\/table-klapptisch-aktive-camping-bambus-60-x-25-x-40-cm-4-stueck\/\" class=\"more-link\"><span>Read More<span class=\"screen-reader-text\"> &#8220;Table Klapptisch Aktive Camping Bambus 60 x 25 x 40 cm (4 St\u00fcck)&#8221;<\/span><\/span><\/a><\/p>","protected":false},"featured_media":14157,"comment_status":"open","ping_status":"closed","template":"","meta":{"inline_featured_image":false},"product_brand":[],"product_cat":[181,182,180],"product_tag":[179,177],"class_list":{"0":"post-14158","1":"product","2":"type-product","3":"status-publish","4":"has-post-thumbnail","6":"product_cat-camping-und-berge","7":"product_cat-camping-und-bergzubehor","8":"product_cat-sport-freizeit","9":"product_tag-tag_89","10":"product_tag-tag_3","12":"first","13":"outofstock","14":"taxable","15":"shipping-taxable","16":"purchasable","17":"product-type-simple"},"aioseo_notices":[],"jetpack_sharing_enabled":true,"_links":{"self":[{"href":"https:\/\/wildgear.itc-gmbh.shop\/fr\/wp-json\/wp\/v2\/product\/14158","targetHints":{"allow":["GET"]}}],"collection":[{"href":"https:\/\/wildgear.itc-gmbh.shop\/fr\/wp-json\/wp\/v2\/product"}],"about":[{"href":"https:\/\/wildgear.itc-gmbh.shop\/fr\/wp-json\/wp\/v2\/types\/product"}],"replies":[{"embeddable":true,"href":"https:\/\/wildgear.itc-gmbh.shop\/fr\/wp-json\/wp\/v2\/comments?post=14158"}],"wp:featuredmedia":[{"embeddable":true,"href":"https:\/\/wildgear.itc-gmbh.shop\/fr\/wp-json\/wp\/v2\/media\/14157"}],"wp:attachment":[{"href":"https:\/\/wildgear.itc-gmbh.shop\/fr\/wp-json\/wp\/v2\/media?parent=14158"}],"wp:term":[{"taxonomy":"product_brand","embeddable":true,"href":"https:\/\/wildgear.itc-gmbh.shop\/fr\/wp-json\/wp\/v2\/product_brand?post=14158"},{"taxonomy":"product_cat","embeddable":true,"href":"https:\/\/wildgear.itc-gmbh.shop\/fr\/wp-json\/wp\/v2\/product_cat?post=14158"},{"taxonomy":"product_tag","embeddable":true,"href":"https:\/\/wildgear.itc-gmbh.shop\/fr\/wp-json\/wp\/v2\/product_tag?post=14158"}],"curies":[{"name":"wp","href":"https:\/\/api.w.org\/{rel}","templated":true}]}}