{"id":14254,"date":"2024-05-27T03:45:50","date_gmt":"2024-05-27T03:45:50","guid":{"rendered":"https:\/\/outdoor.itc-gmbh.shop\/product\/multifunktionsmesser-true-scarab7-tu204k-7-in-1-silber\/"},"modified":"2024-05-27T03:45:56","modified_gmt":"2024-05-27T03:45:56","slug":"multifunktionsmesser-true-scarab7-tu204k-7-in-1-silber","status":"publish","type":"product","link":"https:\/\/wildgear.itc-gmbh.shop\/fr\/product\/multifunktionsmesser-true-scarab7-tu204k-7-in-1-silber\/","title":{"rendered":"Multifunktionsmesser True Scarab7 tu204k 7 in 1 Silber"},"content":{"rendered":"<p>Restez en forme et d\u00e9couvrez les derni\u00e8res innovations du secteur pour faire du sport dans les meilleures conditions ! Achetez <b>Multifunktionsmesser True Scarab7 tu204k 7 in 1 Silber<\/b> au meilleur prix et profitez d'une vie saine !<\/p>\n<ul>\n<li>Merkmale: 7 in 1<\/li>\n<li>Art: Multifunktionsmesser<\/li>\n<li>Geeignet f\u00fcr: Schl\u00fcsselanh\u00e4nger<\/li>\n<li>Farbe: Silber<\/li>\n<li>Inclus :\n<ul>\n<li>Nagelfeile<\/li>\n<li>Zange<\/li>\n<li>Klinge<\/li>\n<li>Schraubenzieher x 2<\/li>\n<\/ul>\n<\/li>\n<li>Mat\u00e9riau : acier inoxydable<\/li>\n<\/ul>","protected":false},"excerpt":{"rendered":"<p>Bleiben Sie in Form und entdecken Sie die neuesten Innovationen der Branche, um mit den besten Voraussetzungen Sport zu betreiben! Kaufen Sie Multifunktionsmesser True Scarab7 tu204k 7 in 1 Silber zum besten Preis und genie\u00dfen Sie ein gesundes Leben! Merkmale: 7 in 1 Art: Multifunktionsmesser Geeignet f\u00fcr: Schl\u00fcsselanh\u00e4nger Farbe: Silber Enthalten: Nagelfeile Zange Klinge Schraubenzieher &hellip; <\/p>\n<p class=\"more-link-wrap\"><a href=\"https:\/\/wildgear.itc-gmbh.shop\/fr\/product\/multifunktionsmesser-true-scarab7-tu204k-7-in-1-silber\/\" class=\"more-link\"><span>Read More<span class=\"screen-reader-text\"> &#8220;Multifunktionsmesser True Scarab7 tu204k 7 in 1 Silber&#8221;<\/span><\/span><\/a><\/p>","protected":false},"featured_media":14253,"comment_status":"open","ping_status":"closed","template":"","meta":{"inline_featured_image":false},"product_brand":[],"product_cat":[181,182,180],"product_tag":[193,177],"class_list":{"0":"post-14254","1":"product","2":"type-product","3":"status-publish","4":"has-post-thumbnail","6":"product_cat-camping-und-berge","7":"product_cat-camping-und-bergzubehor","8":"product_cat-sport-freizeit","9":"product_tag-tag_25","10":"product_tag-tag_3","12":"first","13":"instock","14":"taxable","15":"shipping-taxable","16":"purchasable","17":"product-type-simple"},"aioseo_notices":[],"jetpack_sharing_enabled":true,"_links":{"self":[{"href":"https:\/\/wildgear.itc-gmbh.shop\/fr\/wp-json\/wp\/v2\/product\/14254","targetHints":{"allow":["GET"]}}],"collection":[{"href":"https:\/\/wildgear.itc-gmbh.shop\/fr\/wp-json\/wp\/v2\/product"}],"about":[{"href":"https:\/\/wildgear.itc-gmbh.shop\/fr\/wp-json\/wp\/v2\/types\/product"}],"replies":[{"embeddable":true,"href":"https:\/\/wildgear.itc-gmbh.shop\/fr\/wp-json\/wp\/v2\/comments?post=14254"}],"wp:featuredmedia":[{"embeddable":true,"href":"https:\/\/wildgear.itc-gmbh.shop\/fr\/wp-json\/wp\/v2\/media\/14253"}],"wp:attachment":[{"href":"https:\/\/wildgear.itc-gmbh.shop\/fr\/wp-json\/wp\/v2\/media?parent=14254"}],"wp:term":[{"taxonomy":"product_brand","embeddable":true,"href":"https:\/\/wildgear.itc-gmbh.shop\/fr\/wp-json\/wp\/v2\/product_brand?post=14254"},{"taxonomy":"product_cat","embeddable":true,"href":"https:\/\/wildgear.itc-gmbh.shop\/fr\/wp-json\/wp\/v2\/product_cat?post=14254"},{"taxonomy":"product_tag","embeddable":true,"href":"https:\/\/wildgear.itc-gmbh.shop\/fr\/wp-json\/wp\/v2\/product_tag?post=14254"}],"curies":[{"name":"wp","href":"https:\/\/api.w.org\/{rel}","templated":true}]}}