{"id":14294,"date":"2024-05-27T03:46:22","date_gmt":"2024-05-27T03:46:22","guid":{"rendered":"https:\/\/outdoor.itc-gmbh.shop\/product\/multiwerkzeug-bosch-advancedmulti-18-gruen-18-v\/"},"modified":"2024-05-27T03:46:27","modified_gmt":"2024-05-27T03:46:27","slug":"multiwerkzeug-bosch-advancedmulti-18-gruen-18-v","status":"publish","type":"product","link":"https:\/\/wildgear.itc-gmbh.shop\/fr\/product\/multiwerkzeug-bosch-advancedmulti-18-gruen-18-v\/","title":{"rendered":"Multiwerkzeug BOSCH Advancedmulti 18 gr\u00fcn 18 V"},"content":{"rendered":"<p>Si vous accordez de l'importance aux d\u00e9tails dans l'am\u00e9nagement de votre maison et que vous souhaitez \u00eatre \u00e0 la pointe des produits qui vous facilitent la vie, alors achetez <b>Multiwerkzeug BOSCH Advancedmulti 18 gr\u00fcn 18 V<\/b> au meilleur prix.<\/p>\n<ul>\n<li>Caract\u00e9ristiques :\n<ul>\n<li>Doppelter Griff<\/li>\n<li>Oscillant<\/li>\n<\/ul>\n<\/li>\n<li>Type de prise : Prise UE<\/li>\n<li>Inclus :\n<ul>\n<li>Chargeur de batterie<\/li>\n<li>Mallette<\/li>\n<li>Pile au lithium rechargeable<\/li>\n<li>Zubeh\u00f6r<\/li>\n<li>Feuilles abrasives<\/li>\n<li>Plateau de pon\u00e7age<\/li>\n<\/ul>\n<\/li>\n<li>Produit enfichable : oui<\/li>\n<li>Art : Outil multifonction<\/li>\n<li>Utilisation recommand\u00e9e :\n<ul>\n<li>Plastique<\/li>\n<li>M\u00e9tal<\/li>\n<li>Bois<\/li>\n<li>Gravure et sculpture<\/li>\n<li>Couper<\/li>\n<li>Pon\u00e7age<\/li>\n<li>Polir<\/li>\n<\/ul>\n<\/li>\n<li>Vitesse: 20000 tr\/min<\/li>\n<li>Capacit\u00e9 de la batterie : 2,5 Ah<\/li>\n<li>Tension : 18 V<\/li>\n<li>couleur : vert<\/li>\n<li>Source d'alimentation : batterie<\/li>\n<li>Piles incluses : Oui<\/li>\n<li>Type de batterie : Litio Ion<\/li>\n<\/ul>","protected":false},"excerpt":{"rendered":"<p>Wenn Sie bei der Einrichtung ihres Heims Wert auf Details legen und bei Produkten, die Ihnen das Leben leichter machen, auf dem letzten Stand sein m\u00f6chten, dann kaufen Sie Multiwerkzeug BOSCH Advancedmulti 18 gr\u00fcn 18 V zum besten Preis. Merkmale: Doppelter Griff Oszillierend Steckertyp: EU-Stecker Enthalten: Batterieladeger\u00e4t Aktentasche Wiederaufladbare Lithiumbatterie Zubeh\u00f6r Schleifbl\u00e4tter Schleifteller Steckbares Produkt: &hellip; <\/p>\n<p class=\"more-link-wrap\"><a href=\"https:\/\/wildgear.itc-gmbh.shop\/fr\/product\/multiwerkzeug-bosch-advancedmulti-18-gruen-18-v\/\" class=\"more-link\"><span>Read More<span class=\"screen-reader-text\"> &#8220;Multiwerkzeug BOSCH Advancedmulti 18 gr\u00fcn 18 V&#8221;<\/span><\/span><\/a><\/p>","protected":false},"featured_media":14293,"comment_status":"open","ping_status":"closed","template":"","meta":{"inline_featured_image":false},"product_brand":[],"product_cat":[181,182,180],"product_tag":[193,188,177],"class_list":{"0":"post-14294","1":"product","2":"type-product","3":"status-publish","4":"has-post-thumbnail","6":"product_cat-camping-und-berge","7":"product_cat-camping-und-bergzubehor","8":"product_cat-sport-freizeit","9":"product_tag-tag_25","10":"product_tag-tag_1304","11":"product_tag-tag_3","13":"first","14":"outofstock","15":"taxable","16":"shipping-taxable","17":"purchasable","18":"product-type-simple"},"aioseo_notices":[],"jetpack_sharing_enabled":true,"_links":{"self":[{"href":"https:\/\/wildgear.itc-gmbh.shop\/fr\/wp-json\/wp\/v2\/product\/14294","targetHints":{"allow":["GET"]}}],"collection":[{"href":"https:\/\/wildgear.itc-gmbh.shop\/fr\/wp-json\/wp\/v2\/product"}],"about":[{"href":"https:\/\/wildgear.itc-gmbh.shop\/fr\/wp-json\/wp\/v2\/types\/product"}],"replies":[{"embeddable":true,"href":"https:\/\/wildgear.itc-gmbh.shop\/fr\/wp-json\/wp\/v2\/comments?post=14294"}],"wp:featuredmedia":[{"embeddable":true,"href":"https:\/\/wildgear.itc-gmbh.shop\/fr\/wp-json\/wp\/v2\/media\/14293"}],"wp:attachment":[{"href":"https:\/\/wildgear.itc-gmbh.shop\/fr\/wp-json\/wp\/v2\/media?parent=14294"}],"wp:term":[{"taxonomy":"product_brand","embeddable":true,"href":"https:\/\/wildgear.itc-gmbh.shop\/fr\/wp-json\/wp\/v2\/product_brand?post=14294"},{"taxonomy":"product_cat","embeddable":true,"href":"https:\/\/wildgear.itc-gmbh.shop\/fr\/wp-json\/wp\/v2\/product_cat?post=14294"},{"taxonomy":"product_tag","embeddable":true,"href":"https:\/\/wildgear.itc-gmbh.shop\/fr\/wp-json\/wp\/v2\/product_tag?post=14294"}],"curies":[{"name":"wp","href":"https:\/\/api.w.org\/{rel}","templated":true}]}}