{"id":14322,"date":"2024-05-27T03:46:46","date_gmt":"2024-05-27T03:46:46","guid":{"rendered":"https:\/\/outdoor.itc-gmbh.shop\/product\/gloves-handschuhe-fuer-touchscreens-levis-ben-regular-schwarz\/"},"modified":"2024-05-27T03:58:56","modified_gmt":"2024-05-27T03:58:56","slug":"gloves-handschuhe-fuer-touchscreens-levis-ben-regular-schwarz","status":"publish","type":"product","link":"https:\/\/wildgear.itc-gmbh.shop\/fr\/product\/gloves-handschuhe-fuer-touchscreens-levis-ben-regular-schwarz\/","title":{"rendered":"Gloves Handschuhe f\u00fcr Touchscreens Levi&#8217;s Ben Regular Schwarz"},"content":{"rendered":"<p>Restez en forme et d\u00e9couvrez les derni\u00e8res innovations du secteur pour faire du sport dans les meilleures conditions ! Achetez <b>Gloves Handschuhe f\u00fcr Touchscreens Levi&#8217;s Ben Regular Schwarz<\/b> au meilleur prix et profitez d'une vie saine !<\/p>\n<ul>\n<li>Merkmale: Elastisch<\/li>\n<li>Mat\u00e9riau : 100 % acrylique<\/li>\n<li>Couleur : Noir<\/li>\n<li>Sexe : Unisexe<\/li>\n<li>\u00c2ge recommand\u00e9 : Adulte<\/li>\n<\/ul>","protected":false},"excerpt":{"rendered":"<p>Bleiben Sie in Form und entdecken Sie die neuesten Innovationen der Branche, um mit den besten Voraussetzungen Sport zu betreiben! Kaufen Sie Gloves Handschuhe f\u00fcr Touchscreens Levi&#8217;s Ben Regular Schwarz zum besten Preis und genie\u00dfen Sie ein gesundes Leben! Merkmale: Elastisch Material: 100 % Acryl Farbe: Schwarz Geschlecht: Unisex Empfohlenes Alter: Erwachsene<\/p>","protected":false},"featured_media":14321,"comment_status":"open","ping_status":"closed","template":"","meta":{"inline_featured_image":false},"product_brand":[],"product_cat":[181,182,180],"product_tag":[177,178,222],"class_list":{"0":"post-14322","1":"product","2":"type-product","3":"status-publish","4":"has-post-thumbnail","6":"product_cat-camping-und-berge","7":"product_cat-camping-und-bergzubehor","8":"product_cat-sport-freizeit","9":"product_tag-tag_3","10":"product_tag-tag_17","11":"product_tag-tag_587","13":"first","14":"instock","15":"taxable","16":"shipping-taxable","17":"purchasable","18":"product-type-variable"},"aioseo_notices":[],"jetpack_sharing_enabled":true,"_links":{"self":[{"href":"https:\/\/wildgear.itc-gmbh.shop\/fr\/wp-json\/wp\/v2\/product\/14322","targetHints":{"allow":["GET"]}}],"collection":[{"href":"https:\/\/wildgear.itc-gmbh.shop\/fr\/wp-json\/wp\/v2\/product"}],"about":[{"href":"https:\/\/wildgear.itc-gmbh.shop\/fr\/wp-json\/wp\/v2\/types\/product"}],"replies":[{"embeddable":true,"href":"https:\/\/wildgear.itc-gmbh.shop\/fr\/wp-json\/wp\/v2\/comments?post=14322"}],"wp:featuredmedia":[{"embeddable":true,"href":"https:\/\/wildgear.itc-gmbh.shop\/fr\/wp-json\/wp\/v2\/media\/14321"}],"wp:attachment":[{"href":"https:\/\/wildgear.itc-gmbh.shop\/fr\/wp-json\/wp\/v2\/media?parent=14322"}],"wp:term":[{"taxonomy":"product_brand","embeddable":true,"href":"https:\/\/wildgear.itc-gmbh.shop\/fr\/wp-json\/wp\/v2\/product_brand?post=14322"},{"taxonomy":"product_cat","embeddable":true,"href":"https:\/\/wildgear.itc-gmbh.shop\/fr\/wp-json\/wp\/v2\/product_cat?post=14322"},{"taxonomy":"product_tag","embeddable":true,"href":"https:\/\/wildgear.itc-gmbh.shop\/fr\/wp-json\/wp\/v2\/product_tag?post=14322"}],"curies":[{"name":"wp","href":"https:\/\/api.w.org\/{rel}","templated":true}]}}