{"id":14436,"date":"2024-05-27T03:48:25","date_gmt":"2024-05-27T03:48:25","guid":{"rendered":"https:\/\/outdoor.itc-gmbh.shop\/product\/picknick-set-edm-803287\/"},"modified":"2024-05-27T03:48:26","modified_gmt":"2024-05-27T03:48:26","slug":"picknick-set-edm-803287","status":"publish","type":"product","link":"https:\/\/wildgear.itc-gmbh.shop\/fr\/product\/picknick-set-edm-803287\/","title":{"rendered":"Picknick-Set EDM 803287"},"content":{"rendered":"<p>Restez en forme et d\u00e9couvrez les derni\u00e8res innovations du secteur pour faire du sport dans les meilleures conditions ! Achetez <b>Picknick-Set EDM 803287<\/b> au meilleur prix et profitez d'une vie saine !<\/p>\n<ul>\n<li>Inclus :\n<ul>\n<li>Korb<\/li>\n<li>Contact d'ouverture<\/li>\n<li>Teller x 2<\/li>\n<li>L\u00f6ffel x 2<\/li>\n<li>Gabel x 2<\/li>\n<li>Messer x 2<\/li>\n<\/ul>\n<\/li>\n<li>Capacit\u00e9 : 2 personnes<\/li>\n<li>Material: korb<\/li>\n<li>Art: Picknick-Set<\/li>\n<li>Farbe: Braun<\/li>\n<li>Ma\u00dfe ca.: 26 x 38 x 18 cm<\/li>\n<\/ul>","protected":false},"excerpt":{"rendered":"<p>Bleiben Sie in Form und entdecken Sie die neuesten Innovationen der Branche, um mit den besten Voraussetzungen Sport zu betreiben! Kaufen Sie Picknick-Set EDM 803287 zum besten Preis und genie\u00dfen Sie ein gesundes Leben! Enthalten: Korb \u00d6ffner Teller x 2 L\u00f6ffel x 2 Gabel x 2 Messer x 2 Kapazit\u00e4t: 2 menschen Material: korb Art: &hellip; <\/p>\n<p class=\"more-link-wrap\"><a href=\"https:\/\/wildgear.itc-gmbh.shop\/fr\/product\/picknick-set-edm-803287\/\" class=\"more-link\"><span>Read More<span class=\"screen-reader-text\"> &#8220;Picknick-Set EDM 803287&#8221;<\/span><\/span><\/a><\/p>","protected":false},"featured_media":14435,"comment_status":"open","ping_status":"closed","template":"","meta":{"inline_featured_image":false},"product_brand":[],"product_cat":[181,182,180],"product_tag":[177,178],"class_list":{"0":"post-14436","1":"product","2":"type-product","3":"status-publish","4":"has-post-thumbnail","6":"product_cat-camping-und-berge","7":"product_cat-camping-und-bergzubehor","8":"product_cat-sport-freizeit","9":"product_tag-tag_3","10":"product_tag-tag_17","12":"first","13":"instock","14":"taxable","15":"shipping-taxable","16":"purchasable","17":"product-type-simple"},"aioseo_notices":[],"jetpack_sharing_enabled":true,"_links":{"self":[{"href":"https:\/\/wildgear.itc-gmbh.shop\/fr\/wp-json\/wp\/v2\/product\/14436","targetHints":{"allow":["GET"]}}],"collection":[{"href":"https:\/\/wildgear.itc-gmbh.shop\/fr\/wp-json\/wp\/v2\/product"}],"about":[{"href":"https:\/\/wildgear.itc-gmbh.shop\/fr\/wp-json\/wp\/v2\/types\/product"}],"replies":[{"embeddable":true,"href":"https:\/\/wildgear.itc-gmbh.shop\/fr\/wp-json\/wp\/v2\/comments?post=14436"}],"wp:featuredmedia":[{"embeddable":true,"href":"https:\/\/wildgear.itc-gmbh.shop\/fr\/wp-json\/wp\/v2\/media\/14435"}],"wp:attachment":[{"href":"https:\/\/wildgear.itc-gmbh.shop\/fr\/wp-json\/wp\/v2\/media?parent=14436"}],"wp:term":[{"taxonomy":"product_brand","embeddable":true,"href":"https:\/\/wildgear.itc-gmbh.shop\/fr\/wp-json\/wp\/v2\/product_brand?post=14436"},{"taxonomy":"product_cat","embeddable":true,"href":"https:\/\/wildgear.itc-gmbh.shop\/fr\/wp-json\/wp\/v2\/product_cat?post=14436"},{"taxonomy":"product_tag","embeddable":true,"href":"https:\/\/wildgear.itc-gmbh.shop\/fr\/wp-json\/wp\/v2\/product_tag?post=14436"}],"curies":[{"name":"wp","href":"https:\/\/api.w.org\/{rel}","templated":true}]}}