{"id":14446,"date":"2024-05-27T03:48:34","date_gmt":"2024-05-27T03:48:34","guid":{"rendered":"https:\/\/outdoor.itc-gmbh.shop\/product\/kettensaegenschwert-bosch-nanoblade-easycut-50-holz-multiwerkzeug\/"},"modified":"2024-05-27T03:48:37","modified_gmt":"2024-05-27T03:48:37","slug":"kettensaegenschwert-bosch-nanoblade-easycut-50-holz-multiwerkzeug","status":"publish","type":"product","link":"https:\/\/wildgear.itc-gmbh.shop\/fr\/product\/kettensaegenschwert-bosch-nanoblade-easycut-50-holz-multiwerkzeug\/","title":{"rendered":"Guide-cha\u00eene BOSCH Nanoblade Easycut 50 bois multi-outils"},"content":{"rendered":"<p>Si vous accordez de l'importance aux d\u00e9tails dans l'am\u00e9nagement de votre maison et que vous souhaitez \u00eatre \u00e0 la pointe des produits qui vous facilitent la vie, alors achetez <b>Guide-cha\u00eene BOSCH Nanoblade Easycut 50 bois multi-outils<\/b> au meilleur prix.<\/p>\n<ul>\n<li>Utilisation recommand\u00e9e : Bois<\/li>\n<li>Convient pour : Outil multifonctionnel<\/li>\n<li>Art :\n<ul>\n<li>Accessoires pour Multi-Tool<\/li>\n<li>Guide de la tron\u00e7onneuse<\/li>\n<\/ul>\n<\/li>\n<\/ul>","protected":false},"excerpt":{"rendered":"<p>Wenn Sie bei der Einrichtung ihres Heims Wert auf Details legen und bei Produkten, die Ihnen das Leben leichter machen, auf dem letzten Stand sein m\u00f6chten, dann kaufen Sie Kettens\u00e4genschwert BOSCH Nanoblade Easycut 50 Holz Multiwerkzeug zum besten Preis. Empfohlene verwendung: Holz Geeignet f\u00fcr: Multiwerkzeug Art: Zubeh\u00f6r f\u00fcr Multi-Tool Kettens\u00e4genschwert<\/p>","protected":false},"featured_media":14445,"comment_status":"open","ping_status":"closed","template":"","meta":{"inline_featured_image":false},"product_brand":[],"product_cat":[181,182,180],"product_tag":[193,188,177],"class_list":{"0":"post-14446","1":"product","2":"type-product","3":"status-publish","4":"has-post-thumbnail","6":"product_cat-camping-und-berge","7":"product_cat-camping-und-bergzubehor","8":"product_cat-sport-freizeit","9":"product_tag-tag_25","10":"product_tag-tag_1304","11":"product_tag-tag_3","13":"first","14":"outofstock","15":"taxable","16":"shipping-taxable","17":"purchasable","18":"product-type-simple"},"aioseo_notices":[],"jetpack_sharing_enabled":true,"_links":{"self":[{"href":"https:\/\/wildgear.itc-gmbh.shop\/fr\/wp-json\/wp\/v2\/product\/14446","targetHints":{"allow":["GET"]}}],"collection":[{"href":"https:\/\/wildgear.itc-gmbh.shop\/fr\/wp-json\/wp\/v2\/product"}],"about":[{"href":"https:\/\/wildgear.itc-gmbh.shop\/fr\/wp-json\/wp\/v2\/types\/product"}],"replies":[{"embeddable":true,"href":"https:\/\/wildgear.itc-gmbh.shop\/fr\/wp-json\/wp\/v2\/comments?post=14446"}],"wp:featuredmedia":[{"embeddable":true,"href":"https:\/\/wildgear.itc-gmbh.shop\/fr\/wp-json\/wp\/v2\/media\/14445"}],"wp:attachment":[{"href":"https:\/\/wildgear.itc-gmbh.shop\/fr\/wp-json\/wp\/v2\/media?parent=14446"}],"wp:term":[{"taxonomy":"product_brand","embeddable":true,"href":"https:\/\/wildgear.itc-gmbh.shop\/fr\/wp-json\/wp\/v2\/product_brand?post=14446"},{"taxonomy":"product_cat","embeddable":true,"href":"https:\/\/wildgear.itc-gmbh.shop\/fr\/wp-json\/wp\/v2\/product_cat?post=14446"},{"taxonomy":"product_tag","embeddable":true,"href":"https:\/\/wildgear.itc-gmbh.shop\/fr\/wp-json\/wp\/v2\/product_tag?post=14446"}],"curies":[{"name":"wp","href":"https:\/\/api.w.org\/{rel}","templated":true}]}}