{"id":14504,"date":"2024-05-27T03:49:25","date_gmt":"2024-05-27T03:49:25","guid":{"rendered":"https:\/\/outdoor.itc-gmbh.shop\/product\/sporttasche-deuter-light-drypack-2\/"},"modified":"2024-05-27T03:49:29","modified_gmt":"2024-05-27T03:49:29","slug":"sporttasche-deuter-light-drypack-2","status":"publish","type":"product","link":"https:\/\/wildgear.itc-gmbh.shop\/fr\/product\/sporttasche-deuter-light-drypack-2\/","title":{"rendered":"Sac de sport Deuter LIGHT DRYPACK"},"content":{"rendered":"<p>Restez en forme et d\u00e9couvrez les derni\u00e8res innovations du secteur pour faire du sport dans les meilleures conditions ! Achetez <b>Sac de sport Deuter LIGHT DRYPACK<\/b> au meilleur prix et profitez d'une vie saine !<\/p>\n<ul>\n<li>Couleur : Gris<\/li>\n<li>Ma\u00dfe ca.: 43,5 x 73,3 x 18 cm<\/li>\n<li>Kapazit\u00e4t: 20 L<\/li>\n<\/ul>","protected":false},"excerpt":{"rendered":"<p>Bleiben Sie in Form und entdecken Sie die neuesten Innovationen der Branche, um mit den besten Voraussetzungen Sport zu betreiben! Kaufen Sie Sporttasche Deuter LIGHT DRYPACK zum besten Preis und genie\u00dfen Sie ein gesundes Leben! Farbe: Grau Ma\u00dfe ca.: 43,5 x 73,3 x 18 cm Kapazit\u00e4t: 20 L<\/p>","protected":false},"featured_media":14503,"comment_status":"open","ping_status":"closed","template":"","meta":{"inline_featured_image":false},"product_brand":[],"product_cat":[181,182,180],"product_tag":[177,178],"class_list":{"0":"post-14504","1":"product","2":"type-product","3":"status-publish","4":"has-post-thumbnail","6":"product_cat-camping-und-berge","7":"product_cat-camping-und-bergzubehor","8":"product_cat-sport-freizeit","9":"product_tag-tag_3","10":"product_tag-tag_17","12":"first","13":"outofstock","14":"taxable","15":"shipping-taxable","16":"purchasable","17":"product-type-simple"},"aioseo_notices":[],"jetpack_sharing_enabled":true,"_links":{"self":[{"href":"https:\/\/wildgear.itc-gmbh.shop\/fr\/wp-json\/wp\/v2\/product\/14504","targetHints":{"allow":["GET"]}}],"collection":[{"href":"https:\/\/wildgear.itc-gmbh.shop\/fr\/wp-json\/wp\/v2\/product"}],"about":[{"href":"https:\/\/wildgear.itc-gmbh.shop\/fr\/wp-json\/wp\/v2\/types\/product"}],"replies":[{"embeddable":true,"href":"https:\/\/wildgear.itc-gmbh.shop\/fr\/wp-json\/wp\/v2\/comments?post=14504"}],"wp:featuredmedia":[{"embeddable":true,"href":"https:\/\/wildgear.itc-gmbh.shop\/fr\/wp-json\/wp\/v2\/media\/14503"}],"wp:attachment":[{"href":"https:\/\/wildgear.itc-gmbh.shop\/fr\/wp-json\/wp\/v2\/media?parent=14504"}],"wp:term":[{"taxonomy":"product_brand","embeddable":true,"href":"https:\/\/wildgear.itc-gmbh.shop\/fr\/wp-json\/wp\/v2\/product_brand?post=14504"},{"taxonomy":"product_cat","embeddable":true,"href":"https:\/\/wildgear.itc-gmbh.shop\/fr\/wp-json\/wp\/v2\/product_cat?post=14504"},{"taxonomy":"product_tag","embeddable":true,"href":"https:\/\/wildgear.itc-gmbh.shop\/fr\/wp-json\/wp\/v2\/product_tag?post=14504"}],"curies":[{"name":"wp","href":"https:\/\/api.w.org\/{rel}","templated":true}]}}