{"id":14525,"date":"2024-05-27T03:49:42","date_gmt":"2024-05-27T03:49:42","guid":{"rendered":"https:\/\/outdoor.itc-gmbh.shop\/product\/klapphocker-redcliffs\/"},"modified":"2024-05-27T03:49:43","modified_gmt":"2024-05-27T03:49:43","slug":"klapphocker-redcliffs","status":"publish","type":"product","link":"https:\/\/wildgear.itc-gmbh.shop\/fr\/product\/klapphocker-redcliffs\/","title":{"rendered":"Tabouret pliant Redcliffs"},"content":{"rendered":"<p>Restez en forme et d\u00e9couvrez les derni\u00e8res innovations du secteur pour faire du sport dans les meilleures conditions ! Achetez <b>Tabouret pliant Redcliffs<\/b> au meilleur prix et profitez d'une vie saine !<\/p>\n<ul>\n<li>Informations importantes :\n<ul>\n<li>L'image peut ne pas montrer tous les mod\u00e8les assortis disponibles.<\/li>\n<li>Diff\u00e9rents designs disponibles. Envoi al\u00e9atoire et en fonction des stocks<\/li>\n<\/ul>\n<\/li>\n<li>Pi\u00e8ces : 1 pi\u00e8ce<\/li>\n<li>Type : Tabouret pliant<\/li>\n<li>caract\u00e9ristiques : Poign\u00e9e de transport<\/li>\n<li>couleur :\n<ul>\n<li>Bleu<\/li>\n<li>Noir<\/li>\n<li>Rouge<\/li>\n<li>vert<\/li>\n<\/ul>\n<\/li>\n<\/ul>","protected":false},"excerpt":{"rendered":"<p>Bleiben Sie in Form und entdecken Sie die neuesten Innovationen der Branche, um mit den besten Voraussetzungen Sport zu betreiben! Kaufen Sie Klapphocker Redcliffs zum besten Preis und genie\u00dfen Sie ein gesundes Leben! Wichtige informationen: Das Bild zeigt m\u00f6glicherweise nicht alle verf\u00fcgbaren sortierten Modelle Verschiedene Designs. Versand nach Zufallsprinzip und vom Bestand abh\u00e4ngig St\u00fcck: 1 &hellip; <\/p>\n<p class=\"more-link-wrap\"><a href=\"https:\/\/wildgear.itc-gmbh.shop\/fr\/product\/klapphocker-redcliffs\/\" class=\"more-link\"><span>Read More<span class=\"screen-reader-text\"> &#8220;Klapphocker Redcliffs&#8221;<\/span><\/span><\/a><\/p>","protected":false},"featured_media":14524,"comment_status":"open","ping_status":"closed","template":"","meta":{"inline_featured_image":false},"product_brand":[],"product_cat":[181,182,180],"product_tag":[177,178],"class_list":{"0":"post-14525","1":"product","2":"type-product","3":"status-publish","4":"has-post-thumbnail","6":"product_cat-camping-und-berge","7":"product_cat-camping-und-bergzubehor","8":"product_cat-sport-freizeit","9":"product_tag-tag_3","10":"product_tag-tag_17","12":"first","13":"instock","14":"taxable","15":"shipping-taxable","16":"purchasable","17":"product-type-simple"},"aioseo_notices":[],"jetpack_sharing_enabled":true,"_links":{"self":[{"href":"https:\/\/wildgear.itc-gmbh.shop\/fr\/wp-json\/wp\/v2\/product\/14525","targetHints":{"allow":["GET"]}}],"collection":[{"href":"https:\/\/wildgear.itc-gmbh.shop\/fr\/wp-json\/wp\/v2\/product"}],"about":[{"href":"https:\/\/wildgear.itc-gmbh.shop\/fr\/wp-json\/wp\/v2\/types\/product"}],"replies":[{"embeddable":true,"href":"https:\/\/wildgear.itc-gmbh.shop\/fr\/wp-json\/wp\/v2\/comments?post=14525"}],"wp:featuredmedia":[{"embeddable":true,"href":"https:\/\/wildgear.itc-gmbh.shop\/fr\/wp-json\/wp\/v2\/media\/14524"}],"wp:attachment":[{"href":"https:\/\/wildgear.itc-gmbh.shop\/fr\/wp-json\/wp\/v2\/media?parent=14525"}],"wp:term":[{"taxonomy":"product_brand","embeddable":true,"href":"https:\/\/wildgear.itc-gmbh.shop\/fr\/wp-json\/wp\/v2\/product_brand?post=14525"},{"taxonomy":"product_cat","embeddable":true,"href":"https:\/\/wildgear.itc-gmbh.shop\/fr\/wp-json\/wp\/v2\/product_cat?post=14525"},{"taxonomy":"product_tag","embeddable":true,"href":"https:\/\/wildgear.itc-gmbh.shop\/fr\/wp-json\/wp\/v2\/product_tag?post=14525"}],"curies":[{"name":"wp","href":"https:\/\/api.w.org\/{rel}","templated":true}]}}