{"id":14624,"date":"2024-05-27T03:51:11","date_gmt":"2024-05-27T03:51:11","guid":{"rendered":"https:\/\/outdoor.itc-gmbh.shop\/product\/bergrucksack-petzl-bug-grau-18-l\/"},"modified":"2024-05-27T03:51:14","modified_gmt":"2024-05-27T03:51:14","slug":"bergrucksack-petzl-bug-grau-18-l","status":"publish","type":"product","link":"https:\/\/wildgear.itc-gmbh.shop\/fr\/product\/bergrucksack-petzl-bug-grau-18-l\/","title":{"rendered":"Bergrucksack Petzl Bug Grau 18 L"},"content":{"rendered":"<p>Si vous souhaitez renouveler votre garde-robe, nous vous recommandons de <b>Bergrucksack Petzl Bug Grau 18 L<\/b> et d'autres <b> Produkte von Petzl<\/b>! Maintenant pour vous la meilleure qualit\u00e9 au meilleur prix !<\/p>\n<ul>\n<li>Type : Sac \u00e0 dos<\/li>\n<li>Mat\u00e9riau : nylon<\/li>\n<li>Caract\u00e9ristiques :\n<ul>\n<li>Ergonomisch<\/li>\n<li>Verstellbarer Gurt<\/li>\n<\/ul>\n<\/li>\n<li>F\u00e4cher:\n<ul>\n<li>Innentasche<\/li>\n<li>2 Griffe und Vordertasche mit Rei\u00dfverschluss<\/li>\n<li>Hintere Tasche mit Rei\u00dfverschluss<\/li>\n<\/ul>\n<\/li>\n<li>Couleur : Gris<\/li>\n<li>Capacit\u00e9 : 18 L<\/li>\n<\/ul>","protected":false},"excerpt":{"rendered":"<p>Wenn Sie Ihren Kleiderschrank erneuern m\u00f6chten, empfehlen wir Ihnen Bergrucksack Petzl Bug Grau 18 L und weitere Produkte von Petzl! Jetzt f\u00fcr Sie die beste Qualit\u00e4t zum besten Preis! Art: Rucksack Material: Nylon Merkmale: Ergonomisch Verstellbarer Gurt F\u00e4cher: Innentasche 2 Griffe und Vordertasche mit Rei\u00dfverschluss Hintere Tasche mit Rei\u00dfverschluss Farbe: Grau Kapazit\u00e4t: 18 L<\/p>","protected":false},"featured_media":14623,"comment_status":"open","ping_status":"closed","template":"","meta":{"inline_featured_image":false},"product_brand":[],"product_cat":[181,182,180],"product_tag":[188,213,178],"class_list":{"0":"post-14624","1":"product","2":"type-product","3":"status-publish","4":"has-post-thumbnail","6":"product_cat-camping-und-berge","7":"product_cat-camping-und-bergzubehor","8":"product_cat-sport-freizeit","9":"product_tag-tag_1304","10":"product_tag-tag_69","11":"product_tag-tag_17","13":"first","14":"outofstock","15":"taxable","16":"shipping-taxable","17":"purchasable","18":"product-type-simple"},"aioseo_notices":[],"jetpack_sharing_enabled":true,"_links":{"self":[{"href":"https:\/\/wildgear.itc-gmbh.shop\/fr\/wp-json\/wp\/v2\/product\/14624","targetHints":{"allow":["GET"]}}],"collection":[{"href":"https:\/\/wildgear.itc-gmbh.shop\/fr\/wp-json\/wp\/v2\/product"}],"about":[{"href":"https:\/\/wildgear.itc-gmbh.shop\/fr\/wp-json\/wp\/v2\/types\/product"}],"replies":[{"embeddable":true,"href":"https:\/\/wildgear.itc-gmbh.shop\/fr\/wp-json\/wp\/v2\/comments?post=14624"}],"wp:featuredmedia":[{"embeddable":true,"href":"https:\/\/wildgear.itc-gmbh.shop\/fr\/wp-json\/wp\/v2\/media\/14623"}],"wp:attachment":[{"href":"https:\/\/wildgear.itc-gmbh.shop\/fr\/wp-json\/wp\/v2\/media?parent=14624"}],"wp:term":[{"taxonomy":"product_brand","embeddable":true,"href":"https:\/\/wildgear.itc-gmbh.shop\/fr\/wp-json\/wp\/v2\/product_brand?post=14624"},{"taxonomy":"product_cat","embeddable":true,"href":"https:\/\/wildgear.itc-gmbh.shop\/fr\/wp-json\/wp\/v2\/product_cat?post=14624"},{"taxonomy":"product_tag","embeddable":true,"href":"https:\/\/wildgear.itc-gmbh.shop\/fr\/wp-json\/wp\/v2\/product_tag?post=14624"}],"curies":[{"name":"wp","href":"https:\/\/api.w.org\/{rel}","templated":true}]}}