{"id":14637,"date":"2024-05-27T03:51:22","date_gmt":"2024-05-27T03:51:22","guid":{"rendered":"https:\/\/outdoor.itc-gmbh.shop\/product\/elektrische-luftpumpe-bestway\/"},"modified":"2024-05-28T00:00:13","modified_gmt":"2024-05-28T00:00:13","slug":"elektrische-luftpumpe-bestway","status":"publish","type":"product","link":"https:\/\/wildgear.itc-gmbh.shop\/fr\/product\/elektrische-luftpumpe-bestway\/","title":{"rendered":"Pompe \u00e0 air \u00e9lectrique Bestway"},"content":{"rendered":"<p>Restez en forme et d\u00e9couvrez les derni\u00e8res innovations du secteur pour faire du sport dans les meilleures conditions ! Achetez <b>Pompe \u00e0 air \u00e9lectrique Bestway<\/b> au meilleur prix et profitez d'une vie saine !<\/p>\n<ul>\n<li>Caract\u00e9ristiques :\n<ul>\n<li>nettoyer avec un chiffon humide<\/li>\n<li>Ext\u00e9rieur<\/li>\n<li>Ein\/Aus-Schalter<\/li>\n<\/ul>\n<\/li>\n<li>Utilisation recommand\u00e9e :\n<ul>\n<li>Camping<\/li>\n<li>Jardin<\/li>\n<li>Plage<\/li>\n<\/ul>\n<\/li>\n<li>Produit enfichable : oui<\/li>\n<li>Mat\u00e9riau : plastique<\/li>\n<li>couleur :\n<ul>\n<li>Noir<\/li>\n<li>Schwarz\/Blau<\/li>\n<\/ul>\n<\/li>\n<li>Luftstrom: 680 l\/min<\/li>\n<li>Type de prise : Prise UE<\/li>\n<li>Frequenz: 50 &#8211; 60 Hz<\/li>\n<li>Breite: 10 cm<\/li>\n<\/ul>","protected":false},"excerpt":{"rendered":"<p>Bleiben Sie in Form und entdecken Sie die neuesten Innovationen der Branche, um mit den besten Voraussetzungen Sport zu betreiben! Kaufen Sie Elektrische Luftpumpe Bestway zum besten Preis und genie\u00dfen Sie ein gesundes Leben! Merkmale: Mit einem nassen Tuch reinigen Au\u00dfenbereich Ein\/Aus-Schalter Empfohlene verwendung: Camping Garten Strand Steckbares Produkt: Ja Material: Kunststoff Farbe: Schwarz Schwarz\/Blau &hellip; <\/p>\n<p class=\"more-link-wrap\"><a href=\"https:\/\/wildgear.itc-gmbh.shop\/fr\/product\/elektrische-luftpumpe-bestway\/\" class=\"more-link\"><span>Read More<span class=\"screen-reader-text\"> &#8220;Elektrische Luftpumpe Bestway&#8221;<\/span><\/span><\/a><\/p>","protected":false},"featured_media":14636,"comment_status":"open","ping_status":"closed","template":"","meta":{"inline_featured_image":false},"product_brand":[],"product_cat":[181,182,180],"product_tag":[188,177,178],"class_list":{"0":"post-14637","1":"product","2":"type-product","3":"status-publish","4":"has-post-thumbnail","6":"product_cat-camping-und-berge","7":"product_cat-camping-und-bergzubehor","8":"product_cat-sport-freizeit","9":"product_tag-tag_1304","10":"product_tag-tag_3","11":"product_tag-tag_17","13":"first","14":"outofstock","15":"taxable","16":"shipping-taxable","17":"purchasable","18":"product-type-simple"},"aioseo_notices":[],"jetpack_sharing_enabled":true,"_links":{"self":[{"href":"https:\/\/wildgear.itc-gmbh.shop\/fr\/wp-json\/wp\/v2\/product\/14637","targetHints":{"allow":["GET"]}}],"collection":[{"href":"https:\/\/wildgear.itc-gmbh.shop\/fr\/wp-json\/wp\/v2\/product"}],"about":[{"href":"https:\/\/wildgear.itc-gmbh.shop\/fr\/wp-json\/wp\/v2\/types\/product"}],"replies":[{"embeddable":true,"href":"https:\/\/wildgear.itc-gmbh.shop\/fr\/wp-json\/wp\/v2\/comments?post=14637"}],"wp:featuredmedia":[{"embeddable":true,"href":"https:\/\/wildgear.itc-gmbh.shop\/fr\/wp-json\/wp\/v2\/media\/14636"}],"wp:attachment":[{"href":"https:\/\/wildgear.itc-gmbh.shop\/fr\/wp-json\/wp\/v2\/media?parent=14637"}],"wp:term":[{"taxonomy":"product_brand","embeddable":true,"href":"https:\/\/wildgear.itc-gmbh.shop\/fr\/wp-json\/wp\/v2\/product_brand?post=14637"},{"taxonomy":"product_cat","embeddable":true,"href":"https:\/\/wildgear.itc-gmbh.shop\/fr\/wp-json\/wp\/v2\/product_cat?post=14637"},{"taxonomy":"product_tag","embeddable":true,"href":"https:\/\/wildgear.itc-gmbh.shop\/fr\/wp-json\/wp\/v2\/product_tag?post=14637"}],"curies":[{"name":"wp","href":"https:\/\/api.w.org\/{rel}","templated":true}]}}