{"id":14639,"date":"2024-05-27T03:51:24","date_gmt":"2024-05-27T03:51:24","guid":{"rendered":"https:\/\/outdoor.itc-gmbh.shop\/product\/luftmatratze-bestway-191-x-137-x-22-cm\/"},"modified":"2024-05-27T03:51:24","modified_gmt":"2024-05-27T03:51:24","slug":"luftmatratze-bestway-191-x-137-x-22-cm","status":"publish","type":"product","link":"https:\/\/wildgear.itc-gmbh.shop\/fr\/product\/luftmatratze-bestway-191-x-137-x-22-cm\/","title":{"rendered":"Luftmatratze Bestway 191 x 137 x 22 cm"},"content":{"rendered":"<p>Restez en forme et d\u00e9couvrez les derni\u00e8res innovations du secteur pour faire du sport dans les meilleures conditions ! Achetez <b>Luftmatratze Bestway 191 x 137 x 22 cm<\/b> au meilleur prix et profitez d'une vie saine !<\/p>\n<ul>\n<li>Couleur : Bleu<\/li>\n<li>Mat\u00e9riau : plastique<\/li>\n<li>Caract\u00e9ristiques :\n<ul>\n<li>Ext\u00e9rieur<\/li>\n<li>nettoyer avec un chiffon humide<\/li>\n<\/ul>\n<\/li>\n<li>Ma\u00dfe ca.: 191 x 137 x 22 cm<\/li>\n<li>Utilisation recommand\u00e9e :\n<ul>\n<li>Plage<\/li>\n<li>Jardin<\/li>\n<li>Camping<\/li>\n<\/ul>\n<\/li>\n<li>Verpackung: Box<\/li>\n<\/ul>","protected":false},"excerpt":{"rendered":"<p>Bleiben Sie in Form und entdecken Sie die neuesten Innovationen der Branche, um mit den besten Voraussetzungen Sport zu betreiben! Kaufen Sie Luftmatratze Bestway 191 x 137 x 22 cm zum besten Preis und genie\u00dfen Sie ein gesundes Leben! Farbe: Blau Material: Kunststoff Merkmale: Au\u00dfenbereich Mit einem nassen Tuch reinigen Ma\u00dfe ca.: 191 x 137 &hellip; <\/p>\n<p class=\"more-link-wrap\"><a href=\"https:\/\/wildgear.itc-gmbh.shop\/fr\/product\/luftmatratze-bestway-191-x-137-x-22-cm\/\" class=\"more-link\"><span>Read More<span class=\"screen-reader-text\"> &#8220;Luftmatratze Bestway 191 x 137 x 22 cm&#8221;<\/span><\/span><\/a><\/p>","protected":false},"featured_media":14638,"comment_status":"open","ping_status":"closed","template":"","meta":{"inline_featured_image":false},"product_brand":[],"product_cat":[181,182,180],"product_tag":[188,177,178],"class_list":{"0":"post-14639","1":"product","2":"type-product","3":"status-publish","4":"has-post-thumbnail","6":"product_cat-camping-und-berge","7":"product_cat-camping-und-bergzubehor","8":"product_cat-sport-freizeit","9":"product_tag-tag_1304","10":"product_tag-tag_3","11":"product_tag-tag_17","13":"first","14":"outofstock","15":"taxable","16":"shipping-taxable","17":"purchasable","18":"product-type-simple"},"aioseo_notices":[],"jetpack_sharing_enabled":true,"_links":{"self":[{"href":"https:\/\/wildgear.itc-gmbh.shop\/fr\/wp-json\/wp\/v2\/product\/14639","targetHints":{"allow":["GET"]}}],"collection":[{"href":"https:\/\/wildgear.itc-gmbh.shop\/fr\/wp-json\/wp\/v2\/product"}],"about":[{"href":"https:\/\/wildgear.itc-gmbh.shop\/fr\/wp-json\/wp\/v2\/types\/product"}],"replies":[{"embeddable":true,"href":"https:\/\/wildgear.itc-gmbh.shop\/fr\/wp-json\/wp\/v2\/comments?post=14639"}],"wp:featuredmedia":[{"embeddable":true,"href":"https:\/\/wildgear.itc-gmbh.shop\/fr\/wp-json\/wp\/v2\/media\/14638"}],"wp:attachment":[{"href":"https:\/\/wildgear.itc-gmbh.shop\/fr\/wp-json\/wp\/v2\/media?parent=14639"}],"wp:term":[{"taxonomy":"product_brand","embeddable":true,"href":"https:\/\/wildgear.itc-gmbh.shop\/fr\/wp-json\/wp\/v2\/product_brand?post=14639"},{"taxonomy":"product_cat","embeddable":true,"href":"https:\/\/wildgear.itc-gmbh.shop\/fr\/wp-json\/wp\/v2\/product_cat?post=14639"},{"taxonomy":"product_tag","embeddable":true,"href":"https:\/\/wildgear.itc-gmbh.shop\/fr\/wp-json\/wp\/v2\/product_tag?post=14639"}],"curies":[{"name":"wp","href":"https:\/\/api.w.org\/{rel}","templated":true}]}}