{"id":14770,"date":"2024-05-27T03:53:29","date_gmt":"2024-05-27T03:53:29","guid":{"rendered":"https:\/\/outdoor.itc-gmbh.shop\/product\/wiederaufladbares-und-biegbares-elektrisches-feuerzeug-eflecther-innovagoods\/"},"modified":"2024-05-27T03:53:39","modified_gmt":"2024-05-27T03:53:39","slug":"wiederaufladbares-und-biegbares-elektrisches-feuerzeug-eflecther-innovagoods","status":"publish","type":"product","link":"https:\/\/wildgear.itc-gmbh.shop\/fr\/product\/wiederaufladbares-und-biegbares-elektrisches-feuerzeug-eflecther-innovagoods\/","title":{"rendered":"Wiederaufladbares und biegbares elektrisches Feuerzeug Eflecther InnovaGoods"},"content":{"rendered":"<div class=\"col-md-6\"><b>InnovaGoods<\/b> bietet Ihnen die Neuheiten f\u00fcr Ihr Zuhause, wie zum Beispiel <b>Wiederaufladbares und biegbares elektrisches Feuerzeug Eflecther InnovaGoods <\/b>! Entdecken Sie eine breite Palette von Qualit\u00e4tsprodukten, die sich durch Funktionalit\u00e4t, Effizienz und innovatives Design auszeichnen: Beleuchtung, Organisation, Dekoration, Klimaanlage, Garten, Haustiere, Reinigung, etc.<\/p>\n<p>Dieses <b>wiederaufladbare und biegbare elektrische Feuerzeug&nbsp;<\/b>ist ideal f\u00fcr den Innen- und Au\u00dfenbereich, weil es nicht durch den Wind ausgeht, schwierige Stellen erreicht und mehr Abstand zum Z\u00fcndpunkt erm\u00f6glicht, wodurch Verbrennungen vermieden werden.&nbsp;Inklusive USB-auf-Micro-USB-Kabel.<\/p>\n<p>Ein <b>vielseitig verwendbares Feuerzeug<\/b> f\u00fcr Kerzen, Grill, Gaskocher, Papier, Zigaretten, Kleinholz usw. Mit Sicherheitsverriegelung und LED-Ladestandsanzeige.<\/p>\n<ul>\n<li><b>Extra langes Design:<\/b> Unser wiederaufladbares und biegbares elektrisches Feuerzeug bietet gro\u00dfe Vorteile dank seines extra langen Designs und kann f\u00fcr verschiedenste Anwendungen genutzt werden. Der ergonomische Griff hat am Ende eine \u00d6ffnung zum Aufh\u00e4ngen. Dieses moderne Feuerzeug aus Metall eignet sich perfekt als K\u00fcchenfeuerzeug, Kerzenanz\u00fcnder usw.<\/li>\n<li><b>Biegbar, 360\u00ba schwenkbar:&nbsp;<\/b>Dieses wiederaufladbare elektrische Lichtbogenfeuerzeug hat einen langen, biegbaren Kopf mit verschiedenen Positionen, um seine Ausrichtung anzupassen und eine bequemere, sichere und effektive Bedienung zu erm\u00f6glichen. Es erreicht schwer zug\u00e4ngliche Stellen und sorgt f\u00fcr einen gr\u00f6\u00dferen Abstand zum Z\u00fcndpunkt, wodurch Verbrennungen vermieden werden.<\/li>\n<li><b>Elektrisch, wiederaufladbar:&nbsp;<\/b>Unser vielseitiges Mehrzweckfeuerzug wird mit einem USB-zu-Micro-USB-Ladekabel geliefert (170 mAh Li-Ion-Akku). Au\u00dferdem verf\u00fcgt es \u00fcber eine LED-Ladestandsanzeige. Sehr praktisch, um es jederzeit und \u00fcberall problemlos zu verwenden.<\/li>\n<li><b>Sicherheitsverriegelung:<\/b> Dieses Mehrzweckfeuerzeug verf\u00fcgt \u00fcber eine Verriegelungsschieber, der ein versehentliches Anz\u00fcnden verhindert. Zum Entriegeln zuerst den Sicherheitsschieber bet\u00e4tigen, dann die Einschalttaste dr\u00fccken. Au\u00dferdem hat es eine automatische Abschaltung, um \u00dcberhitzung zu vermeiden.<\/li>\n<li><b>Vielseitig verwendbar im Innen- und Au\u00dfenbereich:<\/b> Dieses elektrische Feuerzeug ist sehr leicht und ben\u00f6tigt zur Aufbewahrung nur wenig Platz. Ideal f\u00fcr den Haushalt und die Verwendung im Freien (Terrasse, Garten, Camping usw.), da es durch Wind nicht ausgeht. Bestens geeignet zum Anz\u00fcnden von Kerzen, Grills, Gaskochern, Papier, Zigaretten, Kleinholz usw.<\/li>\n<\/ul>\n<ul>\n<li>mat\u00e9riel :\n<ul>\n<li>Aluminium<\/li>\n<li>Eisen<\/li>\n<li>Kupfer<\/li>\n<li>ABS<\/li>\n<\/ul>\n<\/li>\n<li>couleur :\n<ul>\n<li>Argent\u00e9<\/li>\n<li>Noir<\/li>\n<\/ul>\n<\/li>\n<li>Art: K\u00fcchenfeuerzeug<\/li>\n<li>Modernes Design: Innovativ und funktionell<\/li>\n<li>Aufladbar: USB-Ladung<\/li>\n<li>LED-Ladeanzeige: 5 Ebenen<\/li>\n<li>Enthalten: USB-Kabel auf micro-USB<\/li>\n<li>Flexibel: Multiposition<\/li>\n<li>Ausrichtung einstellbar: 360\u00ba<\/li>\n<li>Ergonomischer griff: Zuverl\u00e4ssiger Halt<\/li>\n<li>Merkmale: Aufh\u00e4ngeloch<\/li>\n<li>Sicherheitssperre: Sicherheitsschalter<\/li>\n<li>Einfach zu bedienen: Bequeme, einfache und sichere Nutzung<\/li>\n<li>Mehrzweck: Verwendung im Innen- und Au\u00dfenbereich<\/li>\n<li>Leicht und einfach zu handhaben: M\u00fchelos zu transportieren und aufzubewahren<\/li>\n<li>Batterietyp: Li-Ion<\/li>\n<li>Kapazit\u00e4t der Batterie: 170 mAh \/ 0,63 W<\/li>\n<li>Lichtbogenz\u00fcndung: 7000 V<\/li>\n<li>Frequenz: 18 KHz<\/li>\n<li>DC In: 5 V \/ 1 A<\/li>\n<li>Ma\u00dfe ca.: \u00d81,7 x 26,5 cm<\/li>\n<\/ul>\n<p>Verpackung und Anleitung in 24 Sprachen: Englisch, Franz\u00f6sisch, Spanisch, Deutsch, Italienisch, Portugiesisch, Niederl\u00e4ndisch, Polnisch, Ungarisch, Rum\u00e4nisch, D\u00e4nisch, Schwedisch, Finnisch, Litauisch, Norwegisch, Slowenisch, Griechisch, Tschechisch, Bulgarisch, Kroatisch, Slowakisch, Estnisch, Russisch, Lettisch.<\/p><\/div>\n<div class=\"col-md-6\">\n<div class=\"embed-responsive embed-responsive-16by9\"><iframe class=\"embed-responsive-item\" src=\"https:\/\/www.youtube.com\/embed\/oqjE3pGMEcY\" frameborder=\"0\" allowfullscreen><\/iframe><\/div>\n<\/div>","protected":false},"excerpt":{"rendered":"<p>InnovaGoods bietet Ihnen die Neuheiten f\u00fcr Ihr Zuhause, wie zum Beispiel Wiederaufladbares und biegbares elektrisches Feuerzeug Eflecther InnovaGoods ! Entdecken Sie eine breite Palette von Qualit\u00e4tsprodukten, die sich durch Funktionalit\u00e4t, Effizienz und innovatives Design auszeichnen: Beleuchtung, Organisation, Dekoration, Klimaanlage, Garten, Haustiere, Reinigung, etc. Dieses wiederaufladbare und biegbare elektrische Feuerzeug&nbsp;ist ideal f\u00fcr den Innen- und Au\u00dfenbereich, &hellip; <\/p>\n<p class=\"more-link-wrap\"><a href=\"https:\/\/wildgear.itc-gmbh.shop\/fr\/product\/wiederaufladbares-und-biegbares-elektrisches-feuerzeug-eflecther-innovagoods\/\" class=\"more-link\"><span>Read More<span class=\"screen-reader-text\"> &#8220;Wiederaufladbares und biegbares elektrisches Feuerzeug Eflecther InnovaGoods&#8221;<\/span><\/span><\/a><\/p>","protected":false},"featured_media":14769,"comment_status":"open","ping_status":"closed","template":"","meta":{"inline_featured_image":false},"product_brand":[],"product_cat":[181,182,576,571,572,565,180],"product_tag":[193,716,651,177],"class_list":{"0":"post-14770","1":"product","2":"type-product","3":"status-publish","4":"has-post-thumbnail","6":"product_cat-camping-und-berge","7":"product_cat-camping-und-bergzubehor","8":"product_cat-garten-und-terrasse","9":"product_cat-heim-garten","10":"product_cat-heimwerkerbedarf-und-eisenwaren","11":"product_cat-kuche-gourmet","12":"product_cat-sport-freizeit","13":"product_tag-tag_25","14":"product_tag-tag_8","15":"product_tag-tag_926","16":"product_tag-tag_3","18":"first","19":"instock","20":"taxable","21":"shipping-taxable","22":"purchasable","23":"product-type-simple"},"aioseo_notices":[],"jetpack_sharing_enabled":true,"_links":{"self":[{"href":"https:\/\/wildgear.itc-gmbh.shop\/fr\/wp-json\/wp\/v2\/product\/14770","targetHints":{"allow":["GET"]}}],"collection":[{"href":"https:\/\/wildgear.itc-gmbh.shop\/fr\/wp-json\/wp\/v2\/product"}],"about":[{"href":"https:\/\/wildgear.itc-gmbh.shop\/fr\/wp-json\/wp\/v2\/types\/product"}],"replies":[{"embeddable":true,"href":"https:\/\/wildgear.itc-gmbh.shop\/fr\/wp-json\/wp\/v2\/comments?post=14770"}],"wp:featuredmedia":[{"embeddable":true,"href":"https:\/\/wildgear.itc-gmbh.shop\/fr\/wp-json\/wp\/v2\/media\/14769"}],"wp:attachment":[{"href":"https:\/\/wildgear.itc-gmbh.shop\/fr\/wp-json\/wp\/v2\/media?parent=14770"}],"wp:term":[{"taxonomy":"product_brand","embeddable":true,"href":"https:\/\/wildgear.itc-gmbh.shop\/fr\/wp-json\/wp\/v2\/product_brand?post=14770"},{"taxonomy":"product_cat","embeddable":true,"href":"https:\/\/wildgear.itc-gmbh.shop\/fr\/wp-json\/wp\/v2\/product_cat?post=14770"},{"taxonomy":"product_tag","embeddable":true,"href":"https:\/\/wildgear.itc-gmbh.shop\/fr\/wp-json\/wp\/v2\/product_tag?post=14770"}],"curies":[{"name":"wp","href":"https:\/\/api.w.org\/{rel}","templated":true}]}}